{"id":2160,"date":"2019-11-18T18:44:33","date_gmt":"2019-11-18T18:44:33","guid":{"rendered":"http:\/\/bysylvie.llevitate.com\/about\/"},"modified":"2019-11-27T17:31:47","modified_gmt":"2019-11-27T17:31:47","slug":"about","status":"publish","type":"page","link":"http:\/\/3.86.185.200\/es\/about\/","title":{"rendered":"Perfil"},"content":{"rendered":"<p>[et_pb_section fb_built=\u00bb1&#8243; specialty=\u00bbon\u00bb _builder_version=\u00bb4.0.5&#8243; custom_padding=\u00bb0px|||||\u00bb][et_pb_column type=\u00bb1_3&#8243; _builder_version=\u00bb3.25&#8243; custom_padding=\u00bb|||\u00bb custom_padding__hover=\u00bb|||\u00bb][et_pb_image src=\u00bbhttps:\/\/www.bysylvie.com\/wp-content\/uploads\/2019\/11\/sylviesimonsbysylvie.jpg\u00bb align=\u00bbright\u00bb align_tablet=\u00bbcenter\u00bb align_phone=\u00bb\u00bb align_last_edited=\u00bbon|desktop\u00bb _builder_version=\u00bb4.0.5&#8243; animation_direction=\u00bbleft\u00bb][\/et_pb_image][\/et_pb_column][et_pb_column type=\u00bb2_3&#8243; specialty_columns=\u00bb2&#8243; _builder_version=\u00bb3.25&#8243; custom_padding=\u00bb|||\u00bb custom_padding__hover=\u00bb|||\u00bb][et_pb_row_inner _builder_version=\u00bb4.0.5&#8243; max_height=\u00bb1000px\u00bb custom_margin=\u00bb||||false|false\u00bb custom_padding=\u00bb50px||0px||false|false\u00bb][et_pb_column_inner saved_specialty_column_type=\u00bb2_3&#8243; _builder_version=\u00bb4.0.5&#8243; custom_padding=\u00bb||||false|false\u00bb][et_pb_text admin_label=\u00bbTitle\u00bb _builder_version=\u00bb4.0.5&#8243; text_font=\u00bb||||||||\u00bb header_font=\u00bb||||||||\u00bb header_2_font=\u00bbAlice||||||||\u00bb header_2_font_size=\u00bb50px\u00bb header_2_line_height=\u00bb1.3em\u00bb custom_margin=\u00bb||20px|\u00bb custom_padding=\u00bb||0px|||\u00bb animation_direction=\u00bbtop\u00bb]<\/p>\n<h2>Sylvie<\/h2>\n<p>[\/et_pb_text][et_pb_text admin_label=\u00bbTitle\u00bb _builder_version=\u00bb4.0.5&#8243; text_font=\u00bb||||||||\u00bb header_font=\u00bb||||||||\u00bb header_2_font=\u00bbAlice||||||||\u00bb header_2_font_size=\u00bb42px\u00bb header_2_line_height=\u00bb1.3em\u00bb min_height=\u00bb9px\u00bb custom_margin=\u00bb-11px||20px|||\u00bb custom_padding=\u00bb4px|||||\u00bb animation_direction=\u00bbtop\u00bb]<\/p>\n<h3>Organizadora de Boda y Evento<\/h3>\n<p>[\/et_pb_text][et_pb_divider divider_weight=\u00bb3px\u00bb _builder_version=\u00bb4.0.5&#8243; max_width=\u00bb50px\u00bb module_alignment=\u00bbleft\u00bb custom_margin=\u00bb||10px|\u00bb animation_direction=\u00bbtop\u00bb][\/et_pb_divider][\/et_pb_column_inner][\/et_pb_row_inner][et_pb_row_inner column_structure=\u00bb1_2,1_2&#8243; _builder_version=\u00bb4.0.5&#8243; custom_padding=\u00bb0px|||||\u00bb][et_pb_column_inner type=\u00bb1_2&#8243; saved_specialty_column_type=\u00bb2_3&#8243; _builder_version=\u00bb4.0.5&#8243;][et_pb_text _builder_version=\u00bb4.0.5&#8243; text_font=\u00bb||||||||\u00bb text_line_height=\u00bb1.8em\u00bb header_5_font=\u00bbOpen Sans|600|on||||||\u00bb header_5_line_height=\u00bb1.5em\u00bb animation_direction=\u00bbtop\u00bb]<\/p>\n<h5>Concepci\u00f3n, Preparaci\u00f3n, Organizaci\u00f3n &amp; Coordinaci\u00f3n de Boda.<\/h5>\n<p>Organizador de bodas y eventos &#8211; Diploma Internacional I.N.I.B.E.P<\/p>\n<p>Soy originaria de Francia, y parte de mi carrera comenz\u00f3 trabajando en el negocio de la restauraci\u00f3n en San Francisco, California, centr\u00e1ndome en eventos de todo tipo, bodas y producci\u00f3n de decorados cinematogr\u00e1ficos y tambi\u00e9n como chef privado.<\/p>\n<p>En Rep\u00fablica Dominicana, me fascinaron las bellezas naturales del pa\u00eds y la amabilidad de su gente. Cre\u00e9 y dirig\u00ed un restaurante gastron\u00f3mico en la Costa Norte durante muchos a\u00f1os.[\/et_pb_text][\/et_pb_column_inner][et_pb_column_inner type=\u00bb1_2&#8243; saved_specialty_column_type=\u00bb2_3&#8243; _builder_version=\u00bb4.0.5&#8243;][et_pb_text _builder_version=\u00bb4.0.5&#8243; text_font=\u00bb||||||||\u00bb text_line_height=\u00bb1.8em\u00bb custom_padding=\u00bb0px|||||\u00bb animation_direction=\u00bbtop\u00bb]<\/p>\n<p class=\"p1\">Luego me mud\u00e9 a Las Terrenas \/ Samana, donde estaba a cargo de un restaurante de un hotel de lujo. Plane\u00e9 y organic\u00e9 todas las bodas y otros eventos en ese lugar de renombre durante m\u00e1s de 3 a\u00f1os, durante los cuales tuve una experiencia laboral muy satisfactoria e interesante.<\/p>\n<p class=\"p1\">Estoy usando mis habilidades, conocimiento de idiomas (franc\u00e9s, ingl\u00e9s, espa\u00f1ol), estilo individual en mi propio negocio independiente, con la creaci\u00f3n de BySylvie.com, planificaci\u00f3n, organizaci\u00f3n y trabajo en colaboraci\u00f3n con los mejores profesionales en el \u00e1rea que se especializan en decoraci\u00f3n, composici\u00f3n floral, catering, fot\u00f3grafos y todos los servicios necesarios para crear un evento \u00fanico e incre\u00edble dise\u00f1ado especialmente para sus necesidades.<\/p>\n<p>[\/et_pb_text][\/et_pb_column_inner][\/et_pb_row_inner][\/et_pb_column][\/et_pb_section][et_pb_section fb_built=\u00bb1&#8243; admin_label=\u00bbAbout Us Section\u00bb _builder_version=\u00bb4.0.5&#8243; custom_padding=\u00bb0px||100px|||\u00bb][et_pb_row column_structure=\u00bb1_3,1_3,1_3&#8243; use_custom_gutter=\u00bbon\u00bb gutter_width=\u00bb4&#8243; make_equal=\u00bbon\u00bb admin_label=\u00bbAbout Us Area\u00bb _builder_version=\u00bb4.0.5&#8243; width=\u00bb60%\u00bb custom_margin=\u00bb|||\u00bb custom_padding=\u00bb27px|0px|0px|0px\u00bb][et_pb_column type=\u00bb1_3&#8243; _builder_version=\u00bb4.0.5&#8243; custom_padding=\u00bb|||\u00bb custom_padding__hover=\u00bb|||\u00bb][et_pb_image src=\u00bbhttps:\/\/www.bysylvie.com\/wp-content\/uploads\/2019\/11\/certifiedbysilvie.jpg\u00bb _builder_version=\u00bb4.0.5&#8243; width=\u00bb85%\u00bb module_alignment=\u00bbcenter\u00bb custom_padding=\u00bb25px||||false|false\u00bb][\/et_pb_image][\/et_pb_column][et_pb_column type=\u00bb1_3&#8243; _builder_version=\u00bb4.0.5&#8243; custom_padding=\u00bb||||false|false\u00bb custom_padding__hover=\u00bb|||\u00bb][et_pb_image src=\u00bbhttps:\/\/www.bysylvie.com\/wp-content\/uploads\/2019\/11\/certifiedbysilvie1.jpg\u00bb _builder_version=\u00bb4.0.5&#8243; width=\u00bb80%\u00bb module_alignment=\u00bbcenter\u00bb custom_padding=\u00bb25px||||false|false\u00bb][\/et_pb_image][\/et_pb_column][et_pb_column type=\u00bb1_3&#8243; _builder_version=\u00bb4.0.5&#8243; custom_padding=\u00bb||||false|false\u00bb custom_padding__hover=\u00bb|||\u00bb][et_pb_image src=\u00bbhttps:\/\/www.bysylvie.com\/wp-content\/uploads\/2019\/11\/certifiedbysilvie2.jpg\u00bb align=\u00bbcenter\u00bb _builder_version=\u00bb4.0.5&#8243; width=\u00bb95%\u00bb module_alignment=\u00bbcenter\u00bb custom_margin=\u00bb||||false|false\u00bb][\/et_pb_image][\/et_pb_column][\/et_pb_row][\/et_pb_section][et_pb_section fb_built=\u00bb1&#8243; admin_label=\u00bbHistory\u00bb _builder_version=\u00bb4.0.5&#8243; background_color=\u00bb#e7efef\u00bb use_background_color_gradient=\u00bbon\u00bb background_color_gradient_start=\u00bbrgba(244,240,233,0.9)\u00bb background_color_gradient_end=\u00bbrgba(213,222,232,0)\u00bb background_color_gradient_direction=\u00bb90deg\u00bb background_color_gradient_start_position=\u00bb30%\u00bb background_color_gradient_overlays_image=\u00bbon\u00bb background_image=\u00bbhttps:\/\/www.bysylvie.com\/wp-content\/uploads\/2019\/11\/wedding.jpg\u00bb background_position=\u00bbcenter_right\u00bb custom_margin=\u00bb-1px|||||\u00bb custom_padding=\u00bb12%|0px|12%|0px\u00bb][et_pb_row column_structure=\u00bb1_2,1_2&#8243; admin_label=\u00bbRow\u00bb _builder_version=\u00bb3.25&#8243; hover_enabled=\u00bb0&#8243;][et_pb_column type=\u00bb1_2&#8243; _builder_version=\u00bb3.25&#8243; custom_padding=\u00bb|||\u00bb custom_padding__hover=\u00bb|||\u00bb][et_pb_text _builder_version=\u00bb4.0.5&#8243; text_font=\u00bb||||||||\u00bb text_font_size=\u00bb16px\u00bb text_line_height=\u00bb1.8em\u00bb header_font=\u00bb||||||||\u00bb header_2_font=\u00bbAlice||||||||\u00bb header_2_font_size=\u00bb48px\u00bb header_2_line_height=\u00bb1.3em\u00bb custom_padding=\u00bb|0px||||\u00bb animation_direction=\u00bbbottom\u00bb hover_enabled=\u00bb0&#8243;]<\/p>\n<h2>Agradables Momentos<\/h2>\n<p>Venga y comparta con familiares y amigos un momento genuino de felicidad, belleza y placer, sin tener que sentir ninguna presi\u00f3n o preocupaci\u00f3n, para que pueda disfrutar de este maravilloso e inolvidable d\u00eda.<\/p>\n<p>[\/et_pb_text][\/et_pb_column][et_pb_column type=\u00bb1_2&#8243; _builder_version=\u00bb3.25&#8243; custom_padding=\u00bb|||\u00bb custom_padding__hover=\u00bb|||\u00bb][\/et_pb_column][\/et_pb_row][\/et_pb_section][et_pb_section fb_built=\u00bb1&#8243; _builder_version=\u00bb4.0.5&#8243; custom_padding=\u00bb61px|||||\u00bb][et_pb_row _builder_version=\u00bb4.0.5&#8243;][et_pb_column type=\u00bb4_4&#8243; _builder_version=\u00bb4.0.5&#8243;][et_pb_text admin_label=\u00bbTitle\u00bb _builder_version=\u00bb4.0.5&#8243; text_font=\u00bb||||||||\u00bb header_font=\u00bb||||||||\u00bb header_2_font=\u00bbAlice||||||||\u00bb header_2_text_align=\u00bbcenter\u00bb header_2_font_size=\u00bb42px\u00bb header_2_line_height=\u00bb1.3em\u00bb custom_margin=\u00bb||20px|\u00bb animation_direction=\u00bbtop\u00bb]<\/p>\n<h2>Mis colaboradores<\/h2>\n<p>[\/et_pb_text][et_pb_divider divider_weight=\u00bb3px\u00bb _builder_version=\u00bb4.0.5&#8243; max_width=\u00bb50px\u00bb module_alignment=\u00bbcenter\u00bb custom_margin=\u00bb||10px|\u00bb animation_direction=\u00bbtop\u00bb][\/et_pb_divider][et_pb_text admin_label=\u00bbSubtitle\u00bb _builder_version=\u00bb4.0.5&#8243; text_font=\u00bb||||||||\u00bb text_font_size=\u00bb16px\u00bb text_line_height=\u00bb1.8em\u00bb text_orientation=\u00bbcenter\u00bb max_width=\u00bb700px\u00bb module_alignment=\u00bbcenter\u00bb animation_direction=\u00bbtop\u00bb]La elecci\u00f3n de mis colaboradores est\u00e1 basada en la exigencia, la capacidad y el profesionalismo.[\/et_pb_text][\/et_pb_column][\/et_pb_row][et_pb_row column_structure=\u00bb1_2,1_2&#8243; make_equal=\u00bbon\u00bb _builder_version=\u00bb4.0.5&#8243; width=\u00bb70%\u00bb module_alignment=\u00bbcenter\u00bb][et_pb_column type=\u00bb1_2&#8243; _builder_version=\u00bb4.0.5&#8243;][et_pb_text _builder_version=\u00bb4.0.5&#8243; text_font_size=\u00bb16px\u00bb custom_padding=\u00bb|30px||30px|false|false\u00bb]Dichos colaboradores son creativos, talentosos y rigurosos con el fin de que cada detalle pueda hacer que este evento sea excepcional.<\/p>\n<ul>\n<li>Decorador\/a \u2013 Composici\u00f3n Floral<\/li>\n<li>Catering \u2013 Chef \u2013 Restaurador<\/li>\n<li>T\u00e9cnico de luz y sonido<\/li>\n<li>Peluquero \u2013 Maquillador<\/li>\n<li>Fotografo \u2013 Videasta \u2013 Drone<\/li>\n<li>Camareros \u2013 Bartender<\/li>\n<\/ul>\n<p>[\/et_pb_text][\/et_pb_column][et_pb_column type=\u00bb1_2&#8243; _builder_version=\u00bb4.0.5&#8243;][et_pb_text _builder_version=\u00bb4.0.5&#8243; text_font_size=\u00bb16px\u00bb custom_padding=\u00bb|30px||30px|false|false\u00bb hover_enabled=\u00bb0&#8243;]<\/p>\n<p><span>As\u00ed como Artistas Animadores:<\/span><\/p>\n<ul>\n<li>DJs<\/li>\n<li>M\u00fasicos<\/li>\n<li>Cantantes<\/li>\n<li>Bailarines<\/li>\n<li>Profesionales del espectaculo<\/li>\n<\/ul>\n<p>[\/et_pb_text][\/et_pb_column][\/et_pb_row][et_pb_row column_structure=\u00bb1_2,1_2&#8243; _builder_version=\u00bb4.0.5&#8243; module_alignment=\u00bbcenter\u00bb custom_padding=\u00bb||100px||false|false\u00bb][et_pb_column type=\u00bb1_2&#8243; _builder_version=\u00bb4.0.5&#8243;][et_pb_image src=\u00bbhttps:\/\/www.bysylvie.com\/wp-content\/uploads\/2019\/11\/partner1bysilvie.jpg\u00bb align=\u00bbcenter\u00bb _builder_version=\u00bb4.0.5&#8243; width=\u00bb70%\u00bb module_alignment=\u00bbcenter\u00bb][\/et_pb_image][\/et_pb_column][et_pb_column type=\u00bb1_2&#8243; _builder_version=\u00bb4.0.5&#8243;][et_pb_image src=\u00bbhttps:\/\/www.bysylvie.com\/wp-content\/uploads\/2019\/11\/fotograferbysilvie.jpg\u00bb align=\u00bbcenter\u00bb _builder_version=\u00bb4.0.5&#8243; width=\u00bb70%\u00bb module_alignment=\u00bbcenter\u00bb][\/et_pb_image][\/et_pb_column][\/et_pb_row][\/et_pb_section][et_pb_section fb_built=\u00bb1&#8243; custom_padding_last_edited=\u00bboff|desktop\u00bb prev_background_color=\u00bb#ffffff\u00bb next_background_color=\u00bb#ffffff\u00bb _builder_version=\u00bb4.0.5&#8243; background_image=\u00bbhttps:\/\/www.bysylvie.com\/wp-content\/uploads\/2019\/11\/sylviebysylviefooterbackground.png\u00bb background_position=\u00bbbottom_center\u00bb min_height=\u00bb331px\u00bb custom_margin=\u00bb2px||-40px||false|false\u00bb custom_padding=\u00bb1px||||false|false\u00bb top_divider_style=\u00bbwaves2&#8243; bottom_divider_style=\u00bbwaves\u00bb bottom_divider_repeat=\u00bb0.9x\u00bb custom_css_main_element=\u00bbz-index: 0;\u00bb locked=\u00bboff\u00bb custom_padding__hover_enabled=\u00bboff|desktop\u00bb][\/et_pb_section]<\/p>\n","protected":false},"excerpt":{"rendered":"<p>SylvieOrganizadora de Boda y EventoConcepci\u00f3n, Preparaci\u00f3n, Organizaci\u00f3n &amp; Coordinaci\u00f3n de Boda. Organizador de bodas y eventos &#8211; Diploma Internacional I.N.I.B.E.P Soy originaria de Francia, y parte de mi carrera comenz\u00f3 trabajando en el negocio de la restauraci\u00f3n en San Francisco, California, centr\u00e1ndome en eventos de todo tipo, bodas y producci\u00f3n de decorados cinematogr\u00e1ficos y tambi\u00e9n [&hellip;]<\/p>\n","protected":false},"author":1,"featured_media":0,"parent":0,"menu_order":0,"comment_status":"closed","ping_status":"closed","template":"","meta":{"_et_pb_use_builder":"on","_et_pb_old_content":"<!-- wp:heading -->\n<h2>My Profile<\/h2>\n<!-- \/wp:heading -->\n\n<!-- wp:heading {\"level\":1} -->\n<h1>Sylvie: Wedding &amp; Event Planner<\/h1>\n<!-- \/wp:heading -->\n\n<!-- wp:image -->\n<figure class=\"wp-block-image\"><img src=\"https:\/\/www.bysylvie.com\/wp-content\/uploads\/2015\/10\/Logo-Union-EuroAmericana-1.jpg\" alt=\"\"\/><\/figure>\n<!-- \/wp:image -->\n\n<!-- wp:image -->\n<figure class=\"wp-block-image\"><img src=\"https:\/\/www.bysylvie.com\/wp-content\/uploads\/2015\/10\/Logos-Certificados-para-alumnos2-e1449789483668.png\" alt=\"\"\/><\/figure>\n<!-- \/wp:image -->\n\n<!-- wp:image -->\n<figure class=\"wp-block-image\"><img src=\"https:\/\/www.bysylvie.com\/wp-content\/uploads\/2015\/10\/Logos-Certificados-para-alumnos3-1-e1449789392356.png\" alt=\"\"\/><\/figure>\n<!-- \/wp:image -->\n\n<!-- wp:paragraph -->\n<p><strong>Conception \u2013 Preparation \u2013 Organization &amp; Coordination of Events<\/strong><\/p>\n<!-- \/wp:paragraph -->\n\n<!-- wp:paragraph -->\n<p><strong>Wedding &amp; Event Planner \u2013 International Degree I.N.I.B.E.P<\/strong><\/p>\n<!-- \/wp:paragraph -->\n\n<!-- wp:paragraph -->\n<p>I am originally from France, and part of my career started in working in the catering business in San Francisco, California, focusing on events of all kinds, weddings and film set production and also as a private chef.<\/p>\n<!-- \/wp:paragraph -->\n\n<!-- wp:paragraph -->\n<p>In Dominican Republic, I became fascinated with the country\u2019s natural beauties and the kindness of its people. I created and managed a gastronomic restaurant on the North Coast for many years.<\/p>\n<!-- \/wp:paragraph -->\n\n<!-- wp:paragraph -->\n<p>I then moved to Las Terrenas \/ Samana where I was in charge of a luxury hotel restaurant. I planned and organized all the weddings and other events in that renowned place for more than 3 years during which I had a very fulfilling and interesting work experience.<\/p>\n<!-- \/wp:paragraph -->\n\n<!-- wp:paragraph -->\n<p>I am using my skills, knowledge of languages (French, English, Spanish), individual style in my own independent business, with the creation of BySylvie.com, planning, organizing, and working in collaboration with the best of the professionals in the area that specialize in decoration, floral composition, catering, photographers and all the services that are needed to create a unique and incredible event designed especially for your needs.<\/p>\n<!-- \/wp:paragraph -->\n\n<!-- wp:quote -->\n<blockquote class=\"wp-block-quote\"><p>Come and share with family and friends a genuine moment of happiness, beauty and pleasure, without having to feel any pressure or worry, so that you may enjoy this wonderful unforgettable day.<\/p><\/blockquote>\n<!-- \/wp:quote -->\n\n<!-- wp:heading -->\n<h2>My Partners<\/h2>\n<!-- \/wp:heading -->\n\n<!-- wp:paragraph -->\n<p><strong>My partners are selected according to very high quality standards, for their skills and professionalism.<\/strong><\/p>\n<!-- \/wp:paragraph -->\n\n<!-- wp:paragraph -->\n<p>They are creative, talented and meticulous in order to have each detail add up to the success of this exceptional event.<\/p>\n<!-- \/wp:paragraph -->\n\n<!-- wp:list -->\n<ul><li>Designer decorator<\/li><li>Floral Arrangement<\/li><li>Caterer \u2013 Chef<\/li><li>Sound and Light Technician<\/li><li>Hairdresser \u2013 Make-up Artist<\/li><li>Photographer \u2013 Video Maker \u2013 Drone<\/li><li>Waiters \u2013 Bartenders\u2026<\/li><\/ul>\n<!-- \/wp:list -->\n\n<!-- wp:paragraph -->\n<p>As well as all the entertainment artists:<\/p>\n<!-- \/wp:paragraph -->\n\n<!-- wp:list -->\n<ul><li>DJs<\/li><li>Musicians<\/li><li>Singers<\/li><li>Dancers<\/li><li>Performers\u2026<\/li><\/ul>\n<!-- \/wp:list -->","_et_gb_content_width":"","footnotes":""},"class_list":["post-2160","page","type-page","status-publish","hentry"],"_links":{"self":[{"href":"http:\/\/3.86.185.200\/es\/wp-json\/wp\/v2\/pages\/2160","targetHints":{"allow":["GET"]}}],"collection":[{"href":"http:\/\/3.86.185.200\/es\/wp-json\/wp\/v2\/pages"}],"about":[{"href":"http:\/\/3.86.185.200\/es\/wp-json\/wp\/v2\/types\/page"}],"author":[{"embeddable":true,"href":"http:\/\/3.86.185.200\/es\/wp-json\/wp\/v2\/users\/1"}],"replies":[{"embeddable":true,"href":"http:\/\/3.86.185.200\/es\/wp-json\/wp\/v2\/comments?post=2160"}],"version-history":[{"count":8,"href":"http:\/\/3.86.185.200\/es\/wp-json\/wp\/v2\/pages\/2160\/revisions"}],"predecessor-version":[{"id":2698,"href":"http:\/\/3.86.185.200\/es\/wp-json\/wp\/v2\/pages\/2160\/revisions\/2698"}],"wp:attachment":[{"href":"http:\/\/3.86.185.200\/es\/wp-json\/wp\/v2\/media?parent=2160"}],"curies":[{"name":"wp","href":"https:\/\/api.w.org\/{rel}","templated":true}]}}