{"id":2230,"date":"2019-11-27T12:40:41","date_gmt":"2019-11-27T12:40:41","guid":{"rendered":"http:\/\/bysylvie.llevitate.com\/catering\/"},"modified":"2019-11-27T12:40:48","modified_gmt":"2019-11-27T12:40:48","slug":"catering","status":"publish","type":"page","link":"http:\/\/3.86.185.200\/es\/catering\/","title":{"rendered":"Catering"},"content":{"rendered":"<p>[et_pb_section fb_built=\u00bb1&#8243; admin_label=\u00bbHero Section\u00bb _builder_version=\u00bb4.0.5&#8243; use_background_color_gradient=\u00bbon\u00bb background_color_gradient_start=\u00bbrgba(244,240,233,0.9)\u00bb background_color_gradient_end=\u00bbrgba(244,240,233,0)\u00bb background_color_gradient_direction=\u00bb90deg\u00bb background_color_gradient_start_position=\u00bb30%\u00bb background_color_gradient_overlays_image=\u00bbon\u00bb background_image=\u00bbhttps:\/\/www.bysylvie.com\/wp-content\/uploads\/2019\/11\/Bysilvie_8.jpg\u00bb custom_margin=\u00bb|||\u00bb custom_padding=\u00bb83px|0px|103px|0px||\u00bb][et_pb_row custom_padding_last_edited=\u00bboff|desktop\u00bb admin_label=\u00bbHero Area\u00bb _builder_version=\u00bb3.25&#8243; custom_padding=\u00bb27px|0px|0px|0px\u00bb][et_pb_column type=\u00bb4_4&#8243; _builder_version=\u00bb3.25&#8243; custom_padding=\u00bb|||\u00bb custom_padding__hover=\u00bb|||\u00bb][et_pb_text admin_label=\u00bbHero Title\u00bb _builder_version=\u00bb4.0.5&#8243; text_font=\u00bbPlayfair Display||||||||\u00bb header_font=\u00bbAlice||||||||\u00bb header_font_size=\u00bb80px\u00bb header_letter_spacing=\u00bb-3px\u00bb header_line_height=\u00bb1.1em\u00bb custom_margin=\u00bb||0px|\u00bb custom_padding=\u00bb|||\u00bb animation_direction=\u00bbleft\u00bb text_font_size_last_edited=\u00bboff|desktop\u00bb header_font_size_tablet=\u00bb\u00bb header_font_size_phone=\u00bb60px\u00bb header_font_size_last_edited=\u00bbon|phone\u00bb]<\/p>\n<h1>Catering<\/h1>\n<p>[\/et_pb_text][\/et_pb_column][\/et_pb_row][\/et_pb_section][et_pb_section fb_built=\u00bb1&#8243; _builder_version=\u00bb4.0.5&#8243; custom_padding=\u00bb||0px|||\u00bb][et_pb_row _builder_version=\u00bb4.0.5&#8243; custom_padding=\u00bb||36px|||\u00bb][et_pb_column type=\u00bb4_4&#8243; _builder_version=\u00bb4.0.5&#8243;][et_pb_text admin_label=\u00bbTitle\u00bb _builder_version=\u00bb4.0.5&#8243; text_font=\u00bb||||||||\u00bb header_font=\u00bb||||||||\u00bb header_2_font=\u00bbAlice||||||||\u00bb header_2_text_align=\u00bbcenter\u00bb header_2_font_size=\u00bb42px\u00bb header_2_line_height=\u00bb1.3em\u00bb custom_margin=\u00bb||20px|\u00bb animation_direction=\u00bbtop\u00bb]<\/p>\n<h2>Oferta de catering<\/h2>\n<p>[\/et_pb_text][et_pb_divider divider_weight=\u00bb3px\u00bb _builder_version=\u00bb4.0.5&#8243; max_width=\u00bb50px\u00bb module_alignment=\u00bbcenter\u00bb custom_margin=\u00bb||10px|\u00bb animation_direction=\u00bbtop\u00bb][\/et_pb_divider][et_pb_text _builder_version=\u00bb4.0.5&#8243; header_text_align=\u00bbcenter\u00bb width=\u00bb86%\u00bb module_alignment=\u00bbcenter\u00bb]<\/p>\n<h3>Ya sea que considere tener su boda en una villa, un hotel o cualquier otro lugar. Ya sea que opte por un coctel-cena, un bufet o una cena a la carta.<\/h3>\n<p>[\/et_pb_text][\/et_pb_column][\/et_pb_row][\/et_pb_section][et_pb_section fb_built=\u00bb1&#8243; _builder_version=\u00bb4.0.5&#8243; custom_padding=\u00bb0px|||||\u00bb][et_pb_row column_structure=\u00bb1_2,1_2&#8243; make_equal=\u00bbon\u00bb _builder_version=\u00bb4.0.5&#8243; width=\u00bb70%\u00bb module_alignment=\u00bbcenter\u00bb][et_pb_column type=\u00bb1_2&#8243; _builder_version=\u00bb4.0.5&#8243;][et_pb_text _builder_version=\u00bb4.0.5&#8243; text_font_size=\u00bb16px\u00bb custom_padding=\u00bb|30px||30px|false|false\u00bb]<\/p>\n<p><strong>Estas son las principales opciones que puedo ofrecerles, seg\u00fan sus deseos:<\/strong><\/p>\n<ul>\n<li>La elecci\u00f3n de un restaurante seg\u00fan el tipo de sala o de decoraci\u00f3n buscado y el n\u00famero de invitados<\/li>\n<li>El chef y sus ayudantes<\/li>\n<li>El servicio de catering con \u00faltimos toques en el lugar<\/li>\n<\/ul>\n<p>[\/et_pb_text][\/et_pb_column][et_pb_column type=\u00bb1_2&#8243; _builder_version=\u00bb4.0.5&#8243;][et_pb_text _builder_version=\u00bb4.0.5&#8243; text_font_size=\u00bb16px\u00bb custom_padding=\u00bb|30px||30px|false|false\u00bb]<\/p>\n<p><strong>Podr\u00e1 optar por un Open Bar o un Servicio Personalizado, nos encargamos de:<\/strong><\/p>\n<ul>\n<li>La preparaci\u00f3n de cocteles<\/li>\n<li>La selecci\u00f3n de vinos y champa\u00f1as<\/li>\n<li>Las bebidas sin alcohol<\/li>\n<li>Los caf\u00e9s, t\u00e9s y m\u00e1s<\/li>\n<li>Cava de cigarros<\/li>\n<\/ul>\n<p>[\/et_pb_text][\/et_pb_column][\/et_pb_row][et_pb_row _builder_version=\u00bb4.0.5&#8243;][et_pb_column type=\u00bb4_4&#8243; _builder_version=\u00bb4.0.5&#8243;][et_pb_text _builder_version=\u00bb4.0.5&#8243; text_font_size=\u00bb16px\u00bb header_text_align=\u00bbcenter\u00bb width=\u00bb84%\u00bb module_alignment=\u00bbcenter\u00bb]<\/p>\n<p>Gracias a todos estos a\u00f1os pasados en el sector de la gastronom\u00eda como especialista en catering y restauradora, ser\u00e1 un placer para m\u00ed guiarlos en la elecci\u00f3n y la elaboraci\u00f3n de su men\u00fa que tendr\u00e1 como enfoque principal nuestros productos locales. Trabajamos solamente con los mejores chefs y especialistas en catering dominicanos y europeos. Podemos ofrecer diferentes tipos de comida para su boda, desde entrem\u00e9s hasta el pastel de boda o la mesa de postres, y porque no picaderas nocturnas\u2026.<\/p>\n<p>[\/et_pb_text][et_pb_text _builder_version=\u00bb4.0.5&#8243; width=\u00bb85%\u00bb module_alignment=\u00bbcenter\u00bb]<\/p>\n<p><strong>Organizamos tambi\u00e9n cualquier otro momento de convivialidad alrededor de una cena:<\/strong><\/p>\n<p>Cena de ensayo<br \/> Noche de bienvenida<br \/> A BBQ<br \/> Picnic en una playa\u2026<\/p>\n<p>[\/et_pb_text][\/et_pb_column][\/et_pb_row][et_pb_row _builder_version=\u00bb4.0.5&#8243;][et_pb_column type=\u00bb4_4&#8243; _builder_version=\u00bb4.0.5&#8243;][et_pb_gallery gallery_ids=\u00bb1436,1433,1439,1415,1409,1400,1412,1406,1403,1418,1424,1427,1430,1421&#8243; posts_number=\u00bb8&#8243; show_title_and_caption=\u00bboff\u00bb _builder_version=\u00bb4.0.5&#8243; hover_enabled=\u00bb0&#8243;][\/et_pb_gallery][\/et_pb_column][\/et_pb_row][\/et_pb_section][et_pb_section fb_built=\u00bb1&#8243; custom_padding_last_edited=\u00bboff|desktop\u00bb prev_background_color=\u00bb#ffffff\u00bb next_background_color=\u00bb#ffffff\u00bb _builder_version=\u00bb4.0.5&#8243; background_image=\u00bbhttps:\/\/www.bysylvie.com\/wp-content\/uploads\/2019\/11\/sylviebysylviefooterbackground.png\u00bb background_position=\u00bbbottom_center\u00bb min_height=\u00bb331px\u00bb custom_margin=\u00bb2px||-40px||false|false\u00bb custom_padding=\u00bb1px||||false|false\u00bb top_divider_style=\u00bbwaves2&#8243; bottom_divider_style=\u00bbwaves\u00bb bottom_divider_repeat=\u00bb0.9x\u00bb custom_css_main_element=\u00bbz-index: 0;\u00bb global_module=\u00bb1186&#8243; locked=\u00bboff\u00bb custom_padding__hover_enabled=\u00bboff|desktop\u00bb][\/et_pb_section]<\/p>\n","protected":false},"excerpt":{"rendered":"<p>CateringOferta de cateringYa sea que considere tener su boda en una villa, un hotel o cualquier otro lugar. Ya sea que opte por un coctel-cena, un bufet o una cena a la carta.Estas son las principales opciones que puedo ofrecerles, seg\u00fan sus deseos: La elecci\u00f3n de un restaurante seg\u00fan el tipo de sala o de [&hellip;]<\/p>\n","protected":false},"author":1,"featured_media":0,"parent":0,"menu_order":0,"comment_status":"closed","ping_status":"closed","template":"","meta":{"_et_pb_use_builder":"on","_et_pb_old_content":"<!-- wp:heading -->\n<h2>Restaurant \u2013 Catering<\/h2>\n<!-- \/wp:heading -->\n\n<!-- wp:heading -->\n<h2>Whether you\u2019re planning to have your wedding in a villa, a hotel or any other place. Whether you wish to have a cocktail reception, a buffet or a diner \u201c\u00e0 la carte\u201d<\/h2>\n<!-- \/wp:heading -->\n\n<!-- wp:paragraph -->\n<p><strong>Here are the main options you will be offered according to your needs:<\/strong><\/p>\n<!-- \/wp:paragraph -->\n\n<!-- wp:list -->\n<ul><li>A selection of restaurants fitting the type of space and the decoration you are seeking, as well as the number of guests<\/li><li>The chef and his assistants<\/li><li>A catering service , with on-site preparation and finishing<\/li><\/ul>\n<!-- \/wp:list -->\n\n<!-- wp:paragraph -->\n<p><strong>You may choose an Open Bar or a Customized Service, we will take care of&nbsp;:<\/strong><\/p>\n<!-- \/wp:paragraph -->\n\n<!-- wp:list -->\n<ul><li>The cocktail preparations<\/li><li>The selection of wines and champagnes<\/li><li>Non-alcoholic beverages , soft drinks<\/li><li>Coffee, tea and more\u2026.<\/li><li>A cigar cellar<\/li><\/ul>\n<!-- \/wp:list -->\n\n<!-- wp:paragraph -->\n<p><a href=\"https:\/\/www.bysylvie.com\/wp-content\/uploads\/2015\/12\/Catering-Las-Terrenas1.jpg\"><\/a><a href=\"https:\/\/www.bysylvie.com\/wp-content\/uploads\/2015\/12\/Catering-Las-Terrenas2.jpg\"><\/a><a href=\"https:\/\/www.bysylvie.com\/wp-content\/uploads\/2015\/12\/Catering-Las-Terrenas3.jpg\"><\/a><a href=\"https:\/\/www.bysylvie.com\/wp-content\/uploads\/2015\/12\/2-verrines-couleurs.jpg\"><\/a><a href=\"https:\/\/www.bysylvie.com\/wp-content\/uploads\/2015\/12\/2-verrine-crevettes.jpg\"><\/a><a href=\"https:\/\/www.bysylvie.com\/wp-content\/uploads\/2015\/12\/5-sceau-glace-citrus-vodka2.jpg\"><\/a><a href=\"https:\/\/www.bysylvie.com\/wp-content\/uploads\/2015\/12\/1-cake.jpg\"><\/a><a href=\"https:\/\/www.bysylvie.com\/wp-content\/uploads\/2015\/11\/2-Events-MD-House-Las-Terrenas-Cocktail-Party-MDHouse.jpg\"><\/a><\/p>\n<!-- \/wp:paragraph -->\n\n<!-- wp:list -->\n<ul><li><a href=\"https:\/\/www.bysylvie.com\/catering\/?lang=en#\">Portfolio<\/a><\/li><li><\/li><\/ul>\n<!-- \/wp:list -->\n\n<!-- wp:quote -->\n<blockquote class=\"wp-block-quote\"><p>Thanks to the many years I spent &nbsp;working in the fine cuisine business &nbsp;as a caterer and a restaurant owner, &nbsp;I will be glad to guide and help you elaborate &nbsp;your menu which will be prepared with delicious local products.&nbsp;We only work &nbsp;with the best chefs and caterers from Dominican Republic or Europe. We can offer various kinds of fine dishes for your wedding, from starters to the wedding cake, a fancy dessert table and even night snacks \u2026<\/p><\/blockquote>\n<!-- \/wp:quote -->\n\n<!-- wp:paragraph -->\n<p><strong>We can also organize any other special meal for a gathering with family or friends :<\/strong><\/p>\n<!-- \/wp:paragraph -->\n\n<!-- wp:list -->\n<ul><li>A repetition diner<\/li><li>A welcome party<\/li><li>A BBQ<\/li><li>A picnic on a beach \u2026<\/li><\/ul>\n<!-- \/wp:list -->","_et_gb_content_width":"","footnotes":""},"class_list":["post-2230","page","type-page","status-publish","hentry"],"_links":{"self":[{"href":"http:\/\/3.86.185.200\/es\/wp-json\/wp\/v2\/pages\/2230","targetHints":{"allow":["GET"]}}],"collection":[{"href":"http:\/\/3.86.185.200\/es\/wp-json\/wp\/v2\/pages"}],"about":[{"href":"http:\/\/3.86.185.200\/es\/wp-json\/wp\/v2\/types\/page"}],"author":[{"embeddable":true,"href":"http:\/\/3.86.185.200\/es\/wp-json\/wp\/v2\/users\/1"}],"replies":[{"embeddable":true,"href":"http:\/\/3.86.185.200\/es\/wp-json\/wp\/v2\/comments?post=2230"}],"version-history":[{"count":9,"href":"http:\/\/3.86.185.200\/es\/wp-json\/wp\/v2\/pages\/2230\/revisions"}],"predecessor-version":[{"id":2239,"href":"http:\/\/3.86.185.200\/es\/wp-json\/wp\/v2\/pages\/2230\/revisions\/2239"}],"wp:attachment":[{"href":"http:\/\/3.86.185.200\/es\/wp-json\/wp\/v2\/media?parent=2230"}],"curies":[{"name":"wp","href":"https:\/\/api.w.org\/{rel}","templated":true}]}}