{"id":2265,"date":"2019-11-27T13:13:29","date_gmt":"2019-11-27T13:13:29","guid":{"rendered":"http:\/\/bysylvie.llevitate.com\/ceremonia\/"},"modified":"2019-11-27T13:13:33","modified_gmt":"2019-11-27T13:13:33","slug":"ceremonia","status":"publish","type":"page","link":"http:\/\/3.86.185.200\/es\/ceremonia\/","title":{"rendered":"Ceremonia"},"content":{"rendered":"<p>[et_pb_section fb_built=\u00bb1&#8243; admin_label=\u00bbHero Section\u00bb _builder_version=\u00bb4.0.5&#8243; use_background_color_gradient=\u00bbon\u00bb background_color_gradient_start=\u00bbrgba(244,240,233,0.9)\u00bb background_color_gradient_end=\u00bbrgba(244,240,233,0)\u00bb background_color_gradient_direction=\u00bb90deg\u00bb background_color_gradient_start_position=\u00bb30%\u00bb background_color_gradient_overlays_image=\u00bbon\u00bb background_image=\u00bbhttps:\/\/www.bysylvie.com\/wp-content\/uploads\/2019\/11\/header1.jpg\u00bb custom_margin=\u00bb|||\u00bb custom_padding=\u00bb83px|0px|103px|0px||\u00bb][et_pb_row custom_padding_last_edited=\u00bboff|desktop\u00bb admin_label=\u00bbHero Area\u00bb _builder_version=\u00bb3.25&#8243; custom_padding=\u00bb27px|0px|0px|0px\u00bb][et_pb_column type=\u00bb4_4&#8243; _builder_version=\u00bb3.25&#8243; custom_padding=\u00bb|||\u00bb custom_padding__hover=\u00bb|||\u00bb][et_pb_text admin_label=\u00bbHero Title\u00bb _builder_version=\u00bb4.0.5&#8243; text_font=\u00bbPlayfair Display||||||||\u00bb header_font=\u00bbAlice||||||||\u00bb header_font_size=\u00bb80px\u00bb header_letter_spacing=\u00bb-3px\u00bb header_line_height=\u00bb1.1em\u00bb custom_margin=\u00bb||0px|\u00bb custom_padding=\u00bb|||\u00bb animation_direction=\u00bbleft\u00bb text_font_size_last_edited=\u00bboff|desktop\u00bb header_font_size_tablet=\u00bb\u00bb header_font_size_phone=\u00bb60px\u00bb header_font_size_last_edited=\u00bbon|phone\u00bb]<\/p>\n<h1>Ceremonia<\/h1>\n<p>[\/et_pb_text][\/et_pb_column][\/et_pb_row][\/et_pb_section][et_pb_section fb_built=\u00bb1&#8243; _builder_version=\u00bb4.0.5&#8243; custom_padding=\u00bb||0px|||\u00bb][et_pb_row _builder_version=\u00bb4.0.5&#8243; custom_padding=\u00bb||36px|||\u00bb][et_pb_column type=\u00bb4_4&#8243; _builder_version=\u00bb4.0.5&#8243;][et_pb_text admin_label=\u00bbTitle\u00bb _builder_version=\u00bb4.0.5&#8243; text_font=\u00bb||||||||\u00bb header_font=\u00bb||||||||\u00bb header_2_font=\u00bbAlice||||||||\u00bb header_2_text_align=\u00bbcenter\u00bb header_2_font_size=\u00bb42px\u00bb header_2_line_height=\u00bb1.3em\u00bb custom_margin=\u00bb||20px|\u00bb animation_direction=\u00bbtop\u00bb]<\/p>\n<h2>Nuestras Ceremonias<\/h2>\n<p>[\/et_pb_text][et_pb_divider divider_weight=\u00bb3px\u00bb _builder_version=\u00bb4.0.5&#8243; max_width=\u00bb50px\u00bb module_alignment=\u00bbcenter\u00bb custom_margin=\u00bb||10px|\u00bb animation_direction=\u00bbtop\u00bb][\/et_pb_divider][et_pb_text _builder_version=\u00bb4.0.5&#8243;]<\/p>\n<h3 style=\"text-align: center;\">Laica o religiosa<\/h3>\n<p>[\/et_pb_text][\/et_pb_column][\/et_pb_row][\/et_pb_section][et_pb_section fb_built=\u00bb1&#8243; _builder_version=\u00bb4.0.5&#8243; custom_padding=\u00bb0px||88px|||\u00bb][et_pb_row column_structure=\u00bb1_2,1_2&#8243; make_equal=\u00bbon\u00bb _builder_version=\u00bb4.0.5&#8243; width=\u00bb70%\u00bb module_alignment=\u00bbcenter\u00bb][et_pb_column type=\u00bb1_2&#8243; _builder_version=\u00bb4.0.5&#8243;][et_pb_text _builder_version=\u00bb4.0.5&#8243; text_font_size=\u00bb16px\u00bb custom_padding=\u00bb|30px||30px|false|false\u00bb]<\/p>\n<p><strong>Ya sea que dese\u00e9 pronunciar sus votos:<\/strong><\/p>\n<ul>\n<li>En una playa paradis\u00edaca<\/li>\n<li>En jardines exuberantes<\/li>\n<li>En una magn\u00edfica villa<\/li>\n<li>En un hotel de encanto<\/li>\n<li>A bordo de un yate<\/li>\n<li>En un hotel de lujo<\/li>\n<li>O en una isla privada\u2026<\/li>\n<\/ul>\n<p>[\/et_pb_text][\/et_pb_column][et_pb_column type=\u00bb1_2&#8243; _builder_version=\u00bb4.0.5&#8243;][et_pb_text _builder_version=\u00bb4.0.5&#8243; text_font_size=\u00bb16px\u00bb custom_padding=\u00bb|30px||30px|false|false\u00bb]<\/p>\n<p><strong>Formalidades<\/strong><br \/> Obtendr\u00e1 las informaciones necesarias en las Embajadas y consulados de sus pa\u00edses. Estos tr\u00e1mites administrativos deben preverse varios meses antes de la fecha de la celebraci\u00f3n.<\/p>\n<p>Tambi\u00e9n puedo brindarles mi asistencia par los tr\u00e1mites administrativos por ante las autoridades religiosas y oficiales en Rep\u00fablica Dominicana para la buena ejecuci\u00f3n de la ceremonia oficial y su validaci\u00f3n en el Estado Civil y ante las administraciones correspondientes.<\/p>\n<p>[\/et_pb_text][\/et_pb_column][\/et_pb_row][et_pb_row _builder_version=\u00bb4.0.5&#8243;][et_pb_column type=\u00bb4_4&#8243; _builder_version=\u00bb4.0.5&#8243;][et_pb_text _builder_version=\u00bb4.0.5&#8243;]<\/p>\n<h3 style=\"text-align: center;\"><span>Hablemos de sus ideas y de sus sue\u00f1os\u2026<\/span><\/h3>\n<p>[\/et_pb_text][\/et_pb_column][\/et_pb_row][et_pb_row _builder_version=\u00bb4.0.5&#8243;][et_pb_column type=\u00bb4_4&#8243; _builder_version=\u00bb4.0.5&#8243;][et_pb_video src=\u00bbhttps:\/\/www.bysylvie.com\/wp-content\/uploads\/2019\/11\/190220-Eloide-Romain-SHORTFILM-2.mp4&#8243; image_src=\u00bbhttps:\/\/www.bysylvie.com\/wp-content\/uploads\/2019\/11\/videobysilviescreen.png\u00bb thumbnail_overlay_color=\u00bbrgba(0,0,0,0.6)\u00bb _builder_version=\u00bb4.0.5&#8243;][\/et_pb_video][et_pb_gallery gallery_ids=\u00bb1297,1282,1285,1261,1264,1267,1273,1270,1258,1276,1279,1288,1291,1294&#8243; posts_number=\u00bb8&#8243; show_title_and_caption=\u00bboff\u00bb _builder_version=\u00bb4.0.5&#8243; hover_enabled=\u00bb0&#8243;][\/et_pb_gallery][\/et_pb_column][\/et_pb_row][\/et_pb_section][et_pb_section fb_built=\u00bb1&#8243; custom_padding_last_edited=\u00bboff|desktop\u00bb prev_background_color=\u00bb#ffffff\u00bb next_background_color=\u00bb#ffffff\u00bb _builder_version=\u00bb4.0.5&#8243; background_image=\u00bbhttps:\/\/www.bysylvie.com\/wp-content\/uploads\/2019\/11\/sylviebysylviefooterbackground.png\u00bb background_position=\u00bbbottom_center\u00bb min_height=\u00bb331px\u00bb custom_margin=\u00bb2px||-40px||false|false\u00bb custom_padding=\u00bb1px||||false|false\u00bb top_divider_style=\u00bbwaves2&#8243; bottom_divider_style=\u00bbwaves\u00bb bottom_divider_repeat=\u00bb0.9x\u00bb custom_css_main_element=\u00bbz-index: 0;\u00bb global_module=\u00bb1186&#8243; locked=\u00bboff\u00bb custom_padding__hover_enabled=\u00bboff|desktop\u00bb][\/et_pb_section]<\/p>\n","protected":false},"excerpt":{"rendered":"<p>CeremoniaNuestras CeremoniasLaica o religiosaYa sea que dese\u00e9 pronunciar sus votos: En una playa paradis\u00edaca En jardines exuberantes En una magn\u00edfica villa En un hotel de encanto A bordo de un yate En un hotel de lujo O en una isla privada\u2026 Formalidades Obtendr\u00e1 las informaciones necesarias en las Embajadas y consulados de sus pa\u00edses. Estos [&hellip;]<\/p>\n","protected":false},"author":1,"featured_media":0,"parent":0,"menu_order":0,"comment_status":"closed","ping_status":"closed","template":"","meta":{"_et_pb_use_builder":"on","_et_pb_old_content":"<!-- wp:heading -->\n<h2>Your ceremony<\/h2>\n<!-- \/wp:heading -->\n\n<!-- wp:paragraph -->\n<p>Video<\/p>\n<!-- \/wp:paragraph -->\n\n<!-- wp:heading -->\n<h2>Whether it be a secular or a religious one\u2026<\/h2>\n<!-- \/wp:heading -->\n\n<!-- wp:paragraph -->\n<p><strong>Whether you wish to exchange vows:<\/strong><\/p>\n<!-- \/wp:paragraph -->\n\n<!-- wp:list -->\n<ul><li>On an idyllic tropical beach<\/li><li>In beautiful lush gardens<\/li><li>In a magnificent villa<\/li><li>In a charming hotel<\/li><li>Aboard a yacht<\/li><li>In a luxury hotel<\/li><li>Or on a private island \u2026<\/li><\/ul>\n<!-- \/wp:list -->\n\n<!-- wp:quote -->\n<blockquote class=\"wp-block-quote\"><p>Let\u2019s talk about your ideas and dreams\u2026<\/p><\/blockquote>\n<!-- \/wp:quote -->\n\n<!-- wp:heading -->\n<h2>Formalities<\/h2>\n<!-- \/wp:heading -->\n\n<!-- wp:paragraph -->\n<p>You will get all the information you need from your country\u2019s embassy or consulate.&nbsp;These procedures must be anticipated several months ahead of the planned date for the ceremony.<\/p>\n<!-- \/wp:paragraph -->\n\n<!-- wp:quote -->\n<blockquote class=\"wp-block-quote\"><p>I will be able to assist you with all the administrative procedures with the religious and civil authorities in Dominican Republic in order for the official ceremony to be carried out properly and validated by the State and the various administrations\u00a0<\/p><\/blockquote>\n<!-- \/wp:quote -->\n\n<!-- wp:paragraph -->\n<p>Gallery<\/p>\n<!-- \/wp:paragraph -->","_et_gb_content_width":"","footnotes":""},"class_list":["post-2265","page","type-page","status-publish","hentry"],"_links":{"self":[{"href":"http:\/\/3.86.185.200\/es\/wp-json\/wp\/v2\/pages\/2265","targetHints":{"allow":["GET"]}}],"collection":[{"href":"http:\/\/3.86.185.200\/es\/wp-json\/wp\/v2\/pages"}],"about":[{"href":"http:\/\/3.86.185.200\/es\/wp-json\/wp\/v2\/types\/page"}],"author":[{"embeddable":true,"href":"http:\/\/3.86.185.200\/es\/wp-json\/wp\/v2\/users\/1"}],"replies":[{"embeddable":true,"href":"http:\/\/3.86.185.200\/es\/wp-json\/wp\/v2\/comments?post=2265"}],"version-history":[{"count":9,"href":"http:\/\/3.86.185.200\/es\/wp-json\/wp\/v2\/pages\/2265\/revisions"}],"predecessor-version":[{"id":2274,"href":"http:\/\/3.86.185.200\/es\/wp-json\/wp\/v2\/pages\/2265\/revisions\/2274"}],"wp:attachment":[{"href":"http:\/\/3.86.185.200\/es\/wp-json\/wp\/v2\/media?parent=2265"}],"curies":[{"name":"wp","href":"https:\/\/api.w.org\/{rel}","templated":true}]}}