{"id":2305,"date":"2019-11-27T13:29:27","date_gmt":"2019-11-27T13:29:27","guid":{"rendered":"http:\/\/bysylvie.llevitate.com\/decoracion\/"},"modified":"2019-11-27T13:29:33","modified_gmt":"2019-11-27T13:29:33","slug":"decoracion","status":"publish","type":"page","link":"http:\/\/3.86.185.200\/es\/decoracion\/","title":{"rendered":"Decoraci\u00f3n"},"content":{"rendered":"<p>[et_pb_section fb_built=\u00bb1&#8243; admin_label=\u00bbHero Section\u00bb _builder_version=\u00bb4.0.5&#8243; use_background_color_gradient=\u00bbon\u00bb background_color_gradient_start=\u00bbrgba(244,240,233,0.9)\u00bb background_color_gradient_end=\u00bbrgba(244,240,233,0)\u00bb background_color_gradient_direction=\u00bb90deg\u00bb background_color_gradient_start_position=\u00bb30%\u00bb background_color_gradient_overlays_image=\u00bbon\u00bb background_image=\u00bbhttps:\/\/www.bysylvie.com\/wp-content\/uploads\/2019\/11\/wedding12.jpg\u00bb custom_margin=\u00bb|||\u00bb custom_padding=\u00bb83px|0px|103px|0px||\u00bb][et_pb_row custom_padding_last_edited=\u00bboff|desktop\u00bb admin_label=\u00bbHero Area\u00bb _builder_version=\u00bb3.25&#8243; custom_padding=\u00bb27px|0px|0px|0px\u00bb][et_pb_column type=\u00bb4_4&#8243; _builder_version=\u00bb3.25&#8243; custom_padding=\u00bb|||\u00bb custom_padding__hover=\u00bb|||\u00bb][et_pb_text admin_label=\u00bbHero Title\u00bb _builder_version=\u00bb4.0.5&#8243; text_font=\u00bbPlayfair Display||||||||\u00bb header_font=\u00bbAlice||||||||\u00bb header_font_size=\u00bb80px\u00bb header_letter_spacing=\u00bb-3px\u00bb header_line_height=\u00bb1.1em\u00bb custom_margin=\u00bb||0px|\u00bb custom_padding=\u00bb|||\u00bb animation_direction=\u00bbleft\u00bb text_font_size_last_edited=\u00bboff|desktop\u00bb header_font_size_tablet=\u00bb\u00bb header_font_size_phone=\u00bb60px\u00bb header_font_size_last_edited=\u00bbon|phone\u00bb]<\/p>\n<h1>Decoraci\u00f3n<\/h1>\n<p>[\/et_pb_text][\/et_pb_column][\/et_pb_row][\/et_pb_section][et_pb_section fb_built=\u00bb1&#8243; admin_label=\u00bbsection\u00bb _builder_version=\u00bb3.22&#8243;][et_pb_row _builder_version=\u00bb4.0.5&#8243; custom_margin=\u00bb|auto|-17px|auto||\u00bb custom_padding=\u00bb||40px|||\u00bb][et_pb_column type=\u00bb4_4&#8243; _builder_version=\u00bb4.0.5&#8243;][et_pb_text admin_label=\u00bbTitle\u00bb _builder_version=\u00bb4.0.5&#8243; text_font=\u00bb||||||||\u00bb header_font=\u00bb||||||||\u00bb header_2_font=\u00bbAlice||||||||\u00bb header_2_text_align=\u00bbcenter\u00bb header_2_font_size=\u00bb42px\u00bb header_2_line_height=\u00bb1.3em\u00bb custom_margin=\u00bb||20px|\u00bb animation_direction=\u00bbtop\u00bb]<\/p>\n<h2>Composici\u00f3n Floral<\/h2>\n<p>[\/et_pb_text][et_pb_divider divider_weight=\u00bb3px\u00bb _builder_version=\u00bb4.0.5&#8243; max_width=\u00bb50px\u00bb module_alignment=\u00bbcenter\u00bb custom_margin=\u00bb||10px|\u00bb animation_direction=\u00bbtop\u00bb][\/et_pb_divider][et_pb_text _builder_version=\u00bb4.0.5&#8243; width=\u00bb81%\u00bb module_alignment=\u00bbcenter\u00bb]<\/p>\n<h3>La decoraci\u00f3n de una boda es un proyecto muy personal para el cual debemos trabajar juntos.<\/h3>\n<p>[\/et_pb_text][\/et_pb_column][\/et_pb_row][et_pb_row column_structure=\u00bb1_2,1_2&#8243; make_equal=\u00bbon\u00bb _builder_version=\u00bb4.0.5&#8243; width=\u00bb70%\u00bb module_alignment=\u00bbcenter\u00bb min_height=\u00bb534px\u00bb][et_pb_column type=\u00bb1_2&#8243; _builder_version=\u00bb4.0.5&#8243;][et_pb_text _builder_version=\u00bb4.0.5&#8243; text_font_size=\u00bb16px\u00bb custom_padding=\u00bb|30px||30px|false|false\u00bb]<strong>Ser\u00e1 personalizada seg\u00fan sus deseos en los m\u00e1s m\u00ednimos detalles para cada una de las etapas de este d\u00eda \u00fanico. <\/strong><br \/>\nYa sea que su boda sea cl\u00e1sica, vintage, sofisticada, rom\u00e1ntica, glamorosa, minimalista o natural, estaremos atentos a sus deseos y juntos imaginaremos y crearemos una decoraci\u00f3n a su imagen.<\/p>\n<p>Lograr la decoraci\u00f3n floral de su boda es una cuesti\u00f3n de equilibrio y de creatividad.<\/p>\n<p>Desde el estilismo de la mesa hasta la colocaci\u00f3n de las velas, desde la concepci\u00f3n hasta la realizaci\u00f3n en flores frescas del ramo de la novia, desde los ramos de las damas de honor hasta el ojal del novio, sin olvidar el dise\u00f1o floral y las lindas cosas DIY (do it yourself) para personalizar, juntos estudiamos sus deseos, los colores y el estilo buscado.[\/et_pb_text][\/et_pb_column][et_pb_column type=\u00bb1_2&#8243; _builder_version=\u00bb4.0.5&#8243;][et_pb_text _builder_version=\u00bb4.0.5&#8243; text_font_size=\u00bb16px\u00bb custom_padding=\u00bb|30px||30px|false|false\u00bb]<\/p>\n<h3>Alquiler de material<\/h3>\n<p><strong>Les ofrecemos una amplia elecci\u00f3n de prestaciones: <\/strong><\/p>\n<ul>\n<li>Alquiler de mobiliario, estructuras, carpas, mesas, sillas, servicios de mesa, ropa de casa, faroles<\/li>\n<li>Creaci\u00f3n de pista de baile, lounge area, bares<\/li>\n<li>Luces, instalaci\u00f3n sonido, audio, elementos decorativos, etc.<\/li>\n<\/ul>\n<p>[\/et_pb_text][\/et_pb_column][\/et_pb_row][et_pb_row _builder_version=\u00bb4.0.5&#8243;][et_pb_column type=\u00bb4_4&#8243; _builder_version=\u00bb4.0.5&#8243;][et_pb_gallery gallery_ids=\u00bb1385,1376,1379,1364,1373,1367,1361,1370,1343,1346,1349,1352,1355,1358,1382,1388,1391,1394&#8243; posts_number=\u00bb8&#8243; show_title_and_caption=\u00bboff\u00bb _builder_version=\u00bb4.0.5&#8243; hover_enabled=\u00bb0&#8243;][\/et_pb_gallery][\/et_pb_column][\/et_pb_row][\/et_pb_section][et_pb_section fb_built=\u00bb1&#8243; custom_padding_last_edited=\u00bboff|desktop\u00bb prev_background_color=\u00bb#ffffff\u00bb next_background_color=\u00bb#ffffff\u00bb _builder_version=\u00bb4.0.5&#8243; background_image=\u00bbhttps:\/\/www.bysylvie.com\/wp-content\/uploads\/2019\/11\/sylviebysylviefooterbackground.png\u00bb background_position=\u00bbbottom_center\u00bb min_height=\u00bb331px\u00bb custom_margin=\u00bb2px||-40px||false|false\u00bb custom_padding=\u00bb1px||||false|false\u00bb top_divider_style=\u00bbwaves2&#8243; bottom_divider_style=\u00bbwaves\u00bb bottom_divider_repeat=\u00bb0.9x\u00bb custom_css_main_element=\u00bbz-index: 0;\u00bb global_module=\u00bb1186&#8243; locked=\u00bboff\u00bb custom_padding__hover_enabled=\u00bboff|desktop\u00bb][\/et_pb_section]<\/p>\n","protected":false},"excerpt":{"rendered":"<p>Decoraci\u00f3nComposici\u00f3n FloralLa decoraci\u00f3n de una boda es un proyecto muy personal para el cual debemos trabajar juntos.Ser\u00e1 personalizada seg\u00fan sus deseos en los m\u00e1s m\u00ednimos detalles para cada una de las etapas de este d\u00eda \u00fanico. Ya sea que su boda sea cl\u00e1sica, vintage, sofisticada, rom\u00e1ntica, glamorosa, minimalista o natural, estaremos atentos a sus deseos [&hellip;]<\/p>\n","protected":false},"author":1,"featured_media":0,"parent":0,"menu_order":0,"comment_status":"closed","ping_status":"closed","template":"","meta":{"_et_pb_use_builder":"on","_et_pb_old_content":"<!-- wp:heading -->\n<h2>Decoration \u2013 Floral Composition<\/h2>\n<!-- \/wp:heading -->\n\n<!-- wp:heading -->\n<h2>Wedding decoration is a very personal project which we will need to work on together.<\/h2>\n<!-- \/wp:heading -->\n\n<!-- wp:paragraph -->\n<p><strong>It will be customized according to your utmost wishes at each stage of this very special day.&nbsp;<\/strong><\/p>\n<!-- \/wp:paragraph -->\n\n<!-- wp:paragraph -->\n<p>Whether you wish a traditional, a classical, vintage, sophisticated , romantic, glamorous, minimalist or a natural wedding, we will be listening carefully and create together a magical setting fitting your personality.<\/p>\n<!-- \/wp:paragraph -->\n\n<!-- wp:paragraph -->\n<p>The success of your wedding floral decoration is a question of balance and creativity.<\/p>\n<!-- \/wp:paragraph -->\n\n<!-- wp:quote -->\n<blockquote class=\"wp-block-quote\"><p>From table setting design to candle lighting, from the conception to the making of the fresh flower bridal bouquet, from the bridesmaid bouquets to the groom\u2019s buttonhole, together with the floral design and the lovely DIY things (do it yourself) to customize your decoration. Together we will study your wishes, the colors and style preferences.<\/p><\/blockquote>\n<!-- \/wp:quote -->\n\n<!-- wp:paragraph -->\n<p><a href=\"https:\/\/www.bysylvie.com\/wp-content\/uploads\/2015\/12\/Decoration1.jpg\"><\/a><a href=\"https:\/\/www.bysylvie.com\/wp-content\/uploads\/2015\/12\/Decoration2.jpg\"><\/a><a href=\"https:\/\/www.bysylvie.com\/wp-content\/uploads\/2015\/12\/Decoration3.jpg\"><\/a><a href=\"https:\/\/www.bysylvie.com\/wp-content\/uploads\/2015\/12\/Decoration4.jpg\"><\/a><a href=\"https:\/\/www.bysylvie.com\/wp-content\/uploads\/2015\/12\/Decoration5.jpg\"><\/a><a href=\"https:\/\/www.bysylvie.com\/wp-content\/uploads\/2015\/12\/Decoration6.jpg\"><\/a><a href=\"https:\/\/www.bysylvie.com\/wp-content\/uploads\/2015\/12\/Decoration7.jpg\"><\/a><a href=\"https:\/\/www.bysylvie.com\/wp-content\/uploads\/2015\/12\/Decoration8.jpg\"><\/a><\/p>\n<!-- \/wp:paragraph -->\n\n<!-- wp:list -->\n<ul><li><a href=\"https:\/\/www.bysylvie.com\/decoration\/?lang=en#\">portfolio<\/a><\/li><li><\/li><\/ul>\n<!-- \/wp:list -->\n\n<!-- wp:heading -->\n<h2>Material &amp; Equipment Rental<\/h2>\n<!-- \/wp:heading -->\n\n<!-- wp:paragraph -->\n<p><strong>We offer a wide variety of services :&nbsp;<\/strong><\/p>\n<!-- \/wp:paragraph -->\n\n<!-- wp:list -->\n<ul><li>Rental of furniture, structures, tents, tables, chairs, table and ornemental ware, house linen, lanterns\u2026<\/li><li>Creation of dance floors, lounge areas, bars\u2026<\/li><li>Lighting and sound systems, decorative elements, etc.<\/li><\/ul>\n<!-- \/wp:list -->","_et_gb_content_width":"","footnotes":""},"class_list":["post-2305","page","type-page","status-publish","hentry"],"_links":{"self":[{"href":"http:\/\/3.86.185.200\/es\/wp-json\/wp\/v2\/pages\/2305","targetHints":{"allow":["GET"]}}],"collection":[{"href":"http:\/\/3.86.185.200\/es\/wp-json\/wp\/v2\/pages"}],"about":[{"href":"http:\/\/3.86.185.200\/es\/wp-json\/wp\/v2\/types\/page"}],"author":[{"embeddable":true,"href":"http:\/\/3.86.185.200\/es\/wp-json\/wp\/v2\/users\/1"}],"replies":[{"embeddable":true,"href":"http:\/\/3.86.185.200\/es\/wp-json\/wp\/v2\/comments?post=2305"}],"version-history":[{"count":9,"href":"http:\/\/3.86.185.200\/es\/wp-json\/wp\/v2\/pages\/2305\/revisions"}],"predecessor-version":[{"id":2314,"href":"http:\/\/3.86.185.200\/es\/wp-json\/wp\/v2\/pages\/2305\/revisions\/2314"}],"wp:attachment":[{"href":"http:\/\/3.86.185.200\/es\/wp-json\/wp\/v2\/media?parent=2305"}],"curies":[{"name":"wp","href":"https:\/\/api.w.org\/{rel}","templated":true}]}}