{"id":2320,"date":"2019-11-27T13:56:01","date_gmt":"2019-11-27T13:56:01","guid":{"rendered":"http:\/\/bysylvie.llevitate.com\/destino\/"},"modified":"2019-11-27T13:56:03","modified_gmt":"2019-11-27T13:56:03","slug":"destino","status":"publish","type":"page","link":"http:\/\/3.86.185.200\/es\/destino\/","title":{"rendered":"Destino"},"content":{"rendered":"<p>[et_pb_section fb_built=\u00bb1&#8243; admin_label=\u00bbHero Section\u00bb _builder_version=\u00bb4.0.5&#8243; use_background_color_gradient=\u00bbon\u00bb background_color_gradient_start=\u00bbrgba(244,240,233,0.9)\u00bb background_color_gradient_end=\u00bbrgba(244,240,233,0)\u00bb background_color_gradient_direction=\u00bb90deg\u00bb background_color_gradient_start_position=\u00bb9%\u00bb background_color_gradient_overlays_image=\u00bbon\u00bb background_image=\u00bbhttps:\/\/www.bysylvie.com\/wp-content\/uploads\/2019\/11\/header_destination.jpg\u00bb custom_margin=\u00bb|||\u00bb custom_padding=\u00bb83px|0px|103px|0px||\u00bb hover_enabled=\u00bb0&#8243; background_position=\u00bbbottom_center\u00bb][et_pb_row custom_padding_last_edited=\u00bboff|desktop\u00bb admin_label=\u00bbHero Area\u00bb _builder_version=\u00bb3.25&#8243; custom_padding=\u00bb27px|0px|0px|0px\u00bb][et_pb_column type=\u00bb4_4&#8243; _builder_version=\u00bb3.25&#8243; custom_padding=\u00bb|||\u00bb custom_padding__hover=\u00bb|||\u00bb][et_pb_text admin_label=\u00bbHero Title\u00bb _builder_version=\u00bb4.0.5&#8243; text_font=\u00bbPlayfair Display||||||||\u00bb header_font=\u00bbAlice||||||||\u00bb header_font_size=\u00bb80px\u00bb header_letter_spacing=\u00bb-3px\u00bb header_line_height=\u00bb1.1em\u00bb custom_margin=\u00bb||0px|\u00bb custom_padding=\u00bb|||\u00bb animation_direction=\u00bbleft\u00bb hover_enabled=\u00bb0&#8243; text_font_size_last_edited=\u00bboff|desktop\u00bb header_font_size_tablet=\u00bb\u00bb header_font_size_phone=\u00bb60px\u00bb header_font_size_last_edited=\u00bbon|phone\u00bb]<\/p>\n<h1>Destino<\/h1>\n<p>[\/et_pb_text][\/et_pb_column][\/et_pb_row][\/et_pb_section][et_pb_section fb_built=\u00bb1&#8243; _builder_version=\u00bb4.0.5&#8243; custom_padding=\u00bb||0px|||\u00bb][et_pb_row _builder_version=\u00bb4.0.5&#8243; custom_padding=\u00bb||0px|||\u00bb][et_pb_column type=\u00bb4_4&#8243; _builder_version=\u00bb4.0.5&#8243;][et_pb_text admin_label=\u00bbTitle\u00bb _builder_version=\u00bb4.0.5&#8243; text_font=\u00bb||||||||\u00bb header_font=\u00bb||||||||\u00bb header_2_font=\u00bbAlice||||||||\u00bb header_2_text_align=\u00bbcenter\u00bb header_2_font_size=\u00bb42px\u00bb header_2_line_height=\u00bb1.3em\u00bb custom_margin=\u00bb||20px|\u00bb animation_direction=\u00bbtop\u00bb]<\/p>\n<h2>Informaci\u00f3n pr\u00e1ctica<\/h2>\n<p>[\/et_pb_text][et_pb_divider divider_weight=\u00bb3px\u00bb _builder_version=\u00bb4.0.5&#8243; max_width=\u00bb50px\u00bb module_alignment=\u00bbcenter\u00bb custom_margin=\u00bb||10px|\u00bb animation_direction=\u00bbtop\u00bb][\/et_pb_divider][\/et_pb_column][\/et_pb_row][\/et_pb_section][et_pb_section fb_built=\u00bb1&#8243; specialty=\u00bbon\u00bb padding_1_tablet=\u00bb|||\u00bb padding_1_last_edited=\u00bboff|desktop\u00bb admin_label=\u00bbPackage\u00bb _builder_version=\u00bb4.0.5&#8243; custom_margin=\u00bb40px||40px||true\u00bb custom_padding=\u00bb17px|||||\u00bb locked=\u00bboff\u00bb][et_pb_column type=\u00bb1_2&#8243; _builder_version=\u00bb3.25&#8243; custom_padding=\u00bb|||\u00bb custom_padding__hover=\u00bb|||\u00bb][et_pb_text _builder_version=\u00bb4.0.5&#8243; text_font=\u00bbOpen Sans||||||||\u00bb text_font_size=\u00bb16px\u00bb text_line_height=\u00bb2em\u00bb header_font=\u00bbAlice||||||||\u00bb header_font_size=\u00bb23px\u00bb header_2_font=\u00bbAlice||||||||\u00bb header_2_font_size=\u00bb38px\u00bb header_2_line_height=\u00bb1.3em\u00bb header_6_font=\u00bb||||||||\u00bb max_width_last_edited=\u00bboff|desktop\u00bb module_alignment=\u00bbcenter\u00bb custom_margin=\u00bb72px||50px|||\u00bb custom_padding=\u00bb|60px||||\u00bb header_2_font_size_tablet=\u00bb40px\u00bb header_2_font_size_phone=\u00bb28px\u00bb header_2_font_size_last_edited=\u00bbon|phone\u00bb locked=\u00bboff\u00bb]<\/p>\n<h2>Rep\u00fablica Dominicana<\/h2>\n<p>Con sus 600 kms de hermosas playas de arena blanca y sus palmeras, sus aguas cristalinas y turquesa, su vegetaci\u00f3n exuberante y sus paisajes asombrosos\u2026La Rep\u00fablica Dominicana les ofrece una vista previa del para\u00edso.<\/p>\n<p>Y con la gentileza, la generosidad y la sonrisa de los dominicanos, quedar\u00e1 inmediatamente encantado.[\/et_pb_text][\/et_pb_column][et_pb_column type=\u00bb1_2&#8243; specialty_columns=\u00bb2&#8243; _builder_version=\u00bb3.25&#8243; custom_padding=\u00bb|||\u00bb custom_padding__hover=\u00bb|||\u00bb][et_pb_row_inner _builder_version=\u00bb3.25&#8243; custom_margin=\u00bb|||\u00bb custom_margin_tablet=\u00bb50px|||\u00bb custom_margin_phone=\u00bb\u00bb custom_margin_last_edited=\u00bbon|phone\u00bb custom_padding=\u00bb0px||0px||true\u00bb box_shadow_style=\u00bbpreset4&#8243; box_shadow_horizontal=\u00bb300px\u00bb box_shadow_vertical=\u00bb0px\u00bb box_shadow_spread=\u00bb50px\u00bb box_shadow_color=\u00bb#e4edea\u00bb][et_pb_column_inner saved_specialty_column_type=\u00bb1_2&#8243; _builder_version=\u00bb3.25&#8243; custom_padding=\u00bb|||\u00bb custom_padding__hover=\u00bb|||\u00bb][et_pb_image src=\u00bbhttps:\/\/www.bysylvie.com\/wp-content\/uploads\/2019\/11\/v.a-playa-bonita.jpg\u00bb align_tablet=\u00bbcenter\u00bb align_phone=\u00bb\u00bb align_last_edited=\u00bbon|desktop\u00bb _builder_version=\u00bb4.0.5&#8243; border_width_all=\u00bb24px\u00bb border_color_all=\u00bb#ffffff\u00bb box_shadow_style=\u00bbpreset3&#8243; box_shadow_vertical=\u00bb70px\u00bb box_shadow_blur=\u00bb150px\u00bb box_shadow_color=\u00bbrgba(0,0,0,0.2)\u00bb locked=\u00bboff\u00bb][\/et_pb_image][\/et_pb_column_inner][\/et_pb_row_inner][\/et_pb_column][\/et_pb_section][et_pb_section fb_built=\u00bb1&#8243; specialty=\u00bbon\u00bb padding_1_tablet=\u00bb|||\u00bb padding_1_last_edited=\u00bboff|desktop\u00bb admin_label=\u00bbPackage\u00bb _builder_version=\u00bb3.22&#8243; custom_margin=\u00bb40px||40px||true\u00bb custom_padding=\u00bb|||\u00bb][et_pb_column type=\u00bb1_2&#8243; specialty_columns=\u00bb2&#8243; _builder_version=\u00bb3.25&#8243; custom_padding=\u00bb|||\u00bb custom_padding__hover=\u00bb|||\u00bb][et_pb_row_inner _builder_version=\u00bb3.25&#8243; custom_margin=\u00bb|||\u00bb custom_margin_tablet=\u00bb||50px|\u00bb custom_margin_phone=\u00bb\u00bb custom_margin_last_edited=\u00bbon|phone\u00bb custom_padding=\u00bb0px||0px||true\u00bb box_shadow_style=\u00bbpreset4&#8243; box_shadow_horizontal=\u00bb-300px\u00bb box_shadow_vertical=\u00bb0px\u00bb box_shadow_spread=\u00bb50px\u00bb box_shadow_color=\u00bb#f5ddd9&#8243; locked=\u00bboff\u00bb][et_pb_column_inner saved_specialty_column_type=\u00bb1_2&#8243; _builder_version=\u00bb3.25&#8243; custom_padding=\u00bb|||\u00bb custom_padding__hover=\u00bb|||\u00bb][et_pb_image src=\u00bbhttps:\/\/www.bysylvie.com\/wp-content\/uploads\/2019\/11\/v.a-playa-coson.jpg\u00bb align_tablet=\u00bbcenter\u00bb align_phone=\u00bb\u00bb align_last_edited=\u00bbon|desktop\u00bb _builder_version=\u00bb4.0.5&#8243; border_width_all=\u00bb24px\u00bb border_color_all=\u00bb#ffffff\u00bb box_shadow_style=\u00bbpreset3&#8243; box_shadow_vertical=\u00bb70px\u00bb box_shadow_blur=\u00bb150px\u00bb box_shadow_color=\u00bbrgba(0,0,0,0.2)\u00bb locked=\u00bboff\u00bb][\/et_pb_image][\/et_pb_column_inner][\/et_pb_row_inner][\/et_pb_column][et_pb_column type=\u00bb1_2&#8243; _builder_version=\u00bb3.25&#8243; custom_padding=\u00bb|||\u00bb custom_padding__hover=\u00bb|||\u00bb][et_pb_text _builder_version=\u00bb4.0.5&#8243; text_font=\u00bbOpen Sans||||||||\u00bb text_font_size=\u00bb16px\u00bb text_line_height=\u00bb2em\u00bb header_font=\u00bb||||||||\u00bb header_2_font=\u00bbAlice||||||||\u00bb header_2_font_size=\u00bb38px\u00bb header_2_line_height=\u00bb1.3em\u00bb header_6_font=\u00bb||||||||\u00bb max_width_last_edited=\u00bboff|desktop\u00bb module_alignment=\u00bbcenter\u00bb custom_margin=\u00bb||50px|60px||\u00bb custom_padding=\u00bb|||\u00bb header_2_font_size_tablet=\u00bb40px\u00bb header_2_font_size_phone=\u00bb28px\u00bb header_2_font_size_last_edited=\u00bbon|phone\u00bb locked=\u00bboff\u00bb]<\/p>\n<h2>Saman\u00e1, Las Terrenas<\/h2>\n<p>La pen\u00ednsula de Saman\u00e1 es la joya y la regi\u00f3n m\u00e1s atractiva del pa\u00eds.<\/p>\n<p>En este refugio tropical, se unen la vegetaci\u00f3n exuberante, paisajes grandiosos e innumerables playas solitarias de arena fina.<\/p>\n<p>Las Terrenas es un antiguo pueblo de pescadores con un encanto m\u00e1gico en donde la vida tradicional se armoniza perfectamente con la influencia europea, la cual aporta una distinci\u00f3n m\u00e1s occidental y una experiencia internacional.<\/p>\n<p>[\/et_pb_text][\/et_pb_column][\/et_pb_section][et_pb_section fb_built=\u00bb1&#8243; _builder_version=\u00bb4.0.5&#8243; custom_padding=\u00bb86px||0px|||\u00bb][et_pb_row _builder_version=\u00bb4.0.5&#8243;][et_pb_column type=\u00bb4_4&#8243; _builder_version=\u00bb4.0.5&#8243;][et_pb_text admin_label=\u00bbTitle\u00bb _builder_version=\u00bb4.0.5&#8243; text_font=\u00bb||||||||\u00bb header_font=\u00bb||||||||\u00bb header_2_font=\u00bbAlice||||||||\u00bb header_2_text_align=\u00bbcenter\u00bb header_2_font_size=\u00bb42px\u00bb header_2_line_height=\u00bb1.3em\u00bb custom_margin=\u00bb||20px|\u00bb animation_direction=\u00bbtop\u00bb]<\/p>\n<h2>Cosas que hacer &amp; cosas que ver<\/h2>\n<p>[\/et_pb_text][et_pb_divider divider_weight=\u00bb3px\u00bb _builder_version=\u00bb4.0.5&#8243; max_width=\u00bb50px\u00bb module_alignment=\u00bbcenter\u00bb custom_margin=\u00bb||10px|\u00bb animation_direction=\u00bbtop\u00bb][\/et_pb_divider][\/et_pb_column][\/et_pb_row][et_pb_row make_equal=\u00bbon\u00bb _builder_version=\u00bb4.0.5&#8243; width=\u00bb70%\u00bb module_alignment=\u00bbcenter\u00bb][et_pb_column type=\u00bb4_4&#8243; _builder_version=\u00bb4.0.5&#8243;][et_pb_text _builder_version=\u00bb4.0.5&#8243; text_font_size=\u00bb16px\u00bb custom_padding=\u00bb|30px||30px|false|false\u00bb]<\/p>\n<p>La pen\u00ednsula de Saman\u00e1 ofrece una gran varidad de sitios \u00fanicos a descubrir. A continuaci\u00f3n, los m\u00e1s famosos\u2026<\/p>\n<ul>\n<li>El Parque Nacional de Los Haitises, una hermosa reserva natural<\/li>\n<li>La cascada del Lim\u00f3n, a pie o a caballo<\/li>\n<li>El \u201cCayo Levantado\u201d, una islita de arena blanca en la bah\u00eda de Saman\u00e1<\/li>\n<li>La observaci\u00f3n de las ballenas jorobadas en la bah\u00eda de Saman\u00e1 (De enero a marzo)<\/li>\n<li>La ruta del caf\u00e9, para descubrir una gran variedad de fauna y flora mientras disfruta de un hermoso paseo\u2026<\/li>\n<li>Snorkeling, buceo, kite-surfing, catamar\u00e1n, kayak en los manglares,<\/li>\n<li>Paseos a caballo, safari en cuatrimoto, tirolesa (zip-line) en los \u00e1rboles<\/li>\n<li>O simplemente tomar clases de salsa\u2026<\/li>\n<li>Y por supuesto, innumerables playas, todas con su encanto m\u00e1gico.<\/li>\n<\/ul>\n<p>[\/et_pb_text][et_pb_text _builder_version=\u00bb4.0.5&#8243; text_font_size=\u00bb16px\u00bb custom_padding=\u00bb|30px||30px|false|false\u00bb]<\/p>\n<div>\n<div>\n<p><strong>Tambi\u00e9n podemos organizar actividades grupales y excursiones durante su estad\u00eda en Rep\u00fablica Dominicana.<\/strong><\/p>\n<\/div>\n<div><\/div>\n<\/div>\n<p>[\/et_pb_text][\/et_pb_column][\/et_pb_row][\/et_pb_section][et_pb_section fb_built=\u00bb1&#8243; admin_label=\u00bbGallery\u00bb _builder_version=\u00bb3.22&#8243; custom_padding=\u00bb47.875px|0|90.9px|0px|false|false\u00bb][et_pb_row _builder_version=\u00bb4.0.5&#8243;][et_pb_column type=\u00bb4_4&#8243; _builder_version=\u00bb4.0.5&#8243;][et_pb_gallery gallery_ids=\u00bb1553,1523,1526,1529,1532,1535,1538,1541,1544,1547,1550&#8243; show_title_and_caption=\u00bboff\u00bb _builder_version=\u00bb4.0.5&#8243;][\/et_pb_gallery][\/et_pb_column][\/et_pb_row][et_pb_row column_structure=\u00bb1_2,1_2&#8243; _builder_version=\u00bb4.0.5&#8243;][et_pb_column type=\u00bb1_2&#8243; _builder_version=\u00bb4.0.5&#8243;][et_pb_text _builder_version=\u00bb4.0.5&#8243;]<\/p>\n<h2 style=\"text-align: center\">Trasladarse<\/h2>\n<p>Numerosos medios de transporte, taxi, moto.taxi (motoconcho), minib\u00fas con chofer, coche, cuatrimoto o motor alquilado, les permiten trasladarse en la pen\u00ednsula<\/p>\n<div class=\"et_pb_column et_pb_column_1_2 et_pb_column_6\">\n<div class=\"et_pb_promo et_pb_module et_pb_bg_layout_light et_pb_text_align_left et_pb_cta_3 et_pb_no_bg\">\n<div class=\"et_pb_promo_description\"><\/div>\n<\/div>\n<\/div>\n<p>[\/et_pb_text][\/et_pb_column][et_pb_column type=\u00bb1_2&#8243; _builder_version=\u00bb4.0.5&#8243;][et_pb_text _builder_version=\u00bb4.0.5&#8243;]<\/p>\n<h2 style=\"text-align: center\">Aeropuerto<\/h2>\n<p>La autopista de Saman\u00e1 permite alcanzar el aeropuerto de Las Am\u00e9ricas de Santo Domingo en 1h30.<\/p>\n<p>El reciente aeropuerto El Catey, el cual se encuentra a 20 minutos de Las Terrenas por el magn\u00edfico Boulevard del Atl\u00e1ntico, acoge vuelos directos desde Estados Unidos, Canad\u00e1, Francia e Italia<\/p>\n<footer id=\"main-footer\">\n<div class=\"container\">\n<div id=\"footer-widgets\" class=\"clearfix\">\n<div class=\"footer-widget\">\n<div id=\"recent-posts-2\" class=\"fwidget et_pb_widget widget_recent_entries\"><\/div>\n<\/div>\n<\/div>\n<\/div>\n<\/footer>\n<p>[\/et_pb_text][\/et_pb_column][\/et_pb_row][\/et_pb_section][et_pb_section fb_built=\u00bb1&#8243; custom_padding_last_edited=\u00bboff|desktop\u00bb prev_background_color=\u00bb#ffffff\u00bb next_background_color=\u00bb#ffffff\u00bb _builder_version=\u00bb4.0.5&#8243; background_image=\u00bbhttps:\/\/www.bysylvie.com\/wp-content\/uploads\/2019\/11\/sylviebysylviefooterbackground.png\u00bb background_position=\u00bbbottom_center\u00bb min_height=\u00bb331px\u00bb custom_margin=\u00bb2px||-40px||false|false\u00bb custom_padding=\u00bb1px||||false|false\u00bb top_divider_style=\u00bbwaves2&#8243; bottom_divider_style=\u00bbwaves\u00bb bottom_divider_repeat=\u00bb0.9x\u00bb custom_css_main_element=\u00bbz-index: 0;\u00bb global_module=\u00bb1186&#8243; locked=\u00bboff\u00bb custom_padding__hover_enabled=\u00bboff|desktop\u00bb][\/et_pb_section]<\/p>\n","protected":false},"excerpt":{"rendered":"<p>DestinoInformaci\u00f3n pr\u00e1cticaRep\u00fablica Dominicana Con sus 600 kms de hermosas playas de arena blanca y sus palmeras, sus aguas cristalinas y turquesa, su vegetaci\u00f3n exuberante y sus paisajes asombrosos\u2026La Rep\u00fablica Dominicana les ofrece una vista previa del para\u00edso. Y con la gentileza, la generosidad y la sonrisa de los dominicanos, quedar\u00e1 inmediatamente encantado.Saman\u00e1, Las Terrenas La [&hellip;]<\/p>\n","protected":false},"author":1,"featured_media":0,"parent":0,"menu_order":0,"comment_status":"closed","ping_status":"closed","template":"","meta":{"_et_pb_use_builder":"on","_et_pb_old_content":"<!-- wp:heading -->\n<h2>Destination \u2013 Practical Information<\/h2>\n<!-- \/wp:heading -->\n\n<!-- wp:image -->\n<figure class=\"wp-block-image\"><img src=\"https:\/\/www.bysylvie.com\/wp-content\/uploads\/2015\/11\/10-sunset-beach.jpg\" alt=\"\"\/><\/figure>\n<!-- \/wp:image -->\n\n<!-- wp:heading -->\n<h2>The Dominican Republic<\/h2>\n<!-- \/wp:heading -->\n\n<!-- wp:paragraph -->\n<p>With 400 miles of gorgeous white-sand beaches shaded by rows of coconut palm trees, cristal blue waters, lush vegetation and the breathtaking beauty of its landscapes\u2026The DR will give you a taste of paradise.<\/p>\n<!-- \/wp:paragraph -->\n\n<!-- wp:paragraph -->\n<p>Moreover the Dominicans\u2019 kindness, their smiles, their natural generosity will surely have you fall under the spell.<\/p>\n<!-- \/wp:paragraph -->\n\n<!-- wp:heading -->\n<h2>Saman\u00e1 - Las Terrenas<\/h2>\n<!-- \/wp:heading -->\n\n<!-- wp:paragraph -->\n<p>The Samana peninsula is the most attractive region and the country\u2019s jewel.<\/p>\n<!-- \/wp:paragraph -->\n\n<!-- wp:paragraph -->\n<p>This tropical paradise combines lush vegetation, stupendous scenery and numerous pristine fine sand beaches.<\/p>\n<!-- \/wp:paragraph -->\n\n<!-- wp:paragraph -->\n<p>Las Terrenas is a charming old fishermen\u2019s village where traditional life harmoniously blends with the European influence which brings along western refinement and an international know-how.<\/p>\n<!-- \/wp:paragraph -->\n\n<!-- wp:heading {\"level\":1} -->\n<h1>Things To Do \/ Things To See<\/h1>\n<!-- \/wp:heading -->\n\n<!-- wp:paragraph -->\n<p><strong>The Samana peninsula offers a wide variety of unique famous &nbsp;sites &nbsp;and activities. To mention a few of these:<\/strong><\/p>\n<!-- \/wp:paragraph -->\n\n<!-- wp:list -->\n<ul><li>Los Haitises National Park, a superb natural reserve<\/li><li>El Limon Waterfalll<\/li><li>\u201cCayo Levantado\u201d, a small white sand island in the Bay of Samana<\/li><li>Humpback whale watching in Samana Bay (from January to March)<\/li><li>The coffee trail; while walking you will discover a great local flora and fauna\u2026\u2026<\/li><li>Snorkling, scuba diving, kitesurfing, catamaran sailing , kayaking in the mangroves<\/li><li>Horse riding trips, safari quad trips, zipline rides in the trees,\u2026<\/li><li>Or simply taking salsa dance courses\u2026<\/li><li>And of course countless beaches , each more magical than the last\u2026<\/li><\/ul>\n<!-- \/wp:list -->\n\n<!-- wp:quote -->\n<blockquote class=\"wp-block-quote\"><p>We can also organize group activities and excursions during your stay in Dominican Republic.<\/p><\/blockquote>\n<!-- \/wp:quote -->\n\n<!-- wp:paragraph -->\n<p><a href=\"https:\/\/www.bysylvie.com\/wp-content\/uploads\/2015\/10\/limonwaterfall.jpeg\"><\/a><a href=\"https:\/\/www.bysylvie.com\/wp-content\/uploads\/2015\/11\/06-rice-montain-view.jpg\"><\/a><a href=\"https:\/\/www.bysylvie.com\/wp-content\/uploads\/2015\/11\/16-v.a-playa-bonita.jpg\"><\/a><a href=\"https:\/\/www.bysylvie.com\/wp-content\/uploads\/2015\/11\/19-v.a-cayo-leventado.jpg\"><\/a><a href=\"https:\/\/www.bysylvie.com\/wp-content\/uploads\/2015\/11\/05-el-valle-bateau.jpg\"><\/a><a href=\"https:\/\/www.bysylvie.com\/wp-content\/uploads\/2015\/10\/6-loma-bonita1.jpg\"><\/a><a href=\"https:\/\/www.bysylvie.com\/wp-content\/uploads\/2015\/10\/4-Punta-popy-vue-aerienne1.jpg\"><\/a><a href=\"https:\/\/www.bysylvie.com\/wp-content\/uploads\/2015\/11\/07-vol-de-heron-.jpg\"><\/a><\/p>\n<!-- \/wp:paragraph -->\n\n<!-- wp:list -->\n<ul><li><a href=\"https:\/\/www.bysylvie.com\/destination\/?lang=en#\">Portfolio<\/a><\/li><li><\/li><\/ul>\n<!-- \/wp:list -->\n\n<!-- wp:heading -->\n<h2>Transportation<\/h2>\n<!-- \/wp:heading -->\n\n<!-- wp:paragraph -->\n<p>Lots of means of transportation are available: &nbsp;taxis, motorbike-taxi (motoconcho), shuttle bus with chauffeur, cars, quads, mopeds or motorbikes for rent, all of these will allow you to get around the peninsula easily.<\/p>\n<!-- \/wp:paragraph -->\n\n<!-- wp:heading -->\n<h2>Airport<\/h2>\n<!-- \/wp:heading -->\n\n<!-- wp:paragraph -->\n<p>The Samana Highway (autopista) connects the peninsula to Las Americas airport in Santo Domingo in less than 2 hours.<\/p>\n<!-- \/wp:paragraph -->\n\n<!-- wp:paragraph -->\n<p>Via the beautiful Atlantic Boulevard, the recent El Catey airport is a 20 minute drive from Las Terrenas. It now operates direct flights from the United States, Canada, France and Italy.<\/p>\n<!-- \/wp:paragraph -->","_et_gb_content_width":"","footnotes":""},"class_list":["post-2320","page","type-page","status-publish","hentry"],"_links":{"self":[{"href":"http:\/\/3.86.185.200\/es\/wp-json\/wp\/v2\/pages\/2320","targetHints":{"allow":["GET"]}}],"collection":[{"href":"http:\/\/3.86.185.200\/es\/wp-json\/wp\/v2\/pages"}],"about":[{"href":"http:\/\/3.86.185.200\/es\/wp-json\/wp\/v2\/types\/page"}],"author":[{"embeddable":true,"href":"http:\/\/3.86.185.200\/es\/wp-json\/wp\/v2\/users\/1"}],"replies":[{"embeddable":true,"href":"http:\/\/3.86.185.200\/es\/wp-json\/wp\/v2\/comments?post=2320"}],"version-history":[{"count":4,"href":"http:\/\/3.86.185.200\/es\/wp-json\/wp\/v2\/pages\/2320\/revisions"}],"predecessor-version":[{"id":2324,"href":"http:\/\/3.86.185.200\/es\/wp-json\/wp\/v2\/pages\/2320\/revisions\/2324"}],"wp:attachment":[{"href":"http:\/\/3.86.185.200\/es\/wp-json\/wp\/v2\/media?parent=2320"}],"curies":[{"name":"wp","href":"https:\/\/api.w.org\/{rel}","templated":true}]}}