{"id":2335,"date":"2019-11-27T14:04:59","date_gmt":"2019-11-27T14:04:59","guid":{"rendered":"http:\/\/bysylvie.llevitate.com\/entretenimiento\/"},"modified":"2019-11-27T14:05:04","modified_gmt":"2019-11-27T14:05:04","slug":"entretenimiento","status":"publish","type":"page","link":"http:\/\/3.86.185.200\/es\/entretenimiento\/","title":{"rendered":"Entretenimiento"},"content":{"rendered":"<p>[et_pb_section fb_built=\u00bb1&#8243; admin_label=\u00bbHero Section\u00bb _builder_version=\u00bb4.0.5&#8243; use_background_color_gradient=\u00bbon\u00bb background_color_gradient_start=\u00bbrgba(244,240,233,0.9)\u00bb background_color_gradient_end=\u00bbrgba(244,240,233,0)\u00bb background_color_gradient_direction=\u00bb90deg\u00bb background_color_gradient_start_position=\u00bb30%\u00bb background_color_gradient_overlays_image=\u00bbon\u00bb background_image=\u00bbhttps:\/\/www.bysylvie.com\/wp-content\/uploads\/2019\/11\/carnaval-echasses.jpg\u00bb custom_margin=\u00bb|||\u00bb custom_padding=\u00bb83px|0px|103px|0px||\u00bb][et_pb_row custom_padding_last_edited=\u00bboff|desktop\u00bb admin_label=\u00bbHero Area\u00bb _builder_version=\u00bb3.25&#8243; custom_padding=\u00bb27px|0px|0px|0px\u00bb][et_pb_column type=\u00bb4_4&#8243; _builder_version=\u00bb3.25&#8243; custom_padding=\u00bb|||\u00bb custom_padding__hover=\u00bb|||\u00bb][et_pb_text admin_label=\u00bbHero Title\u00bb _builder_version=\u00bb4.0.5&#8243; text_font=\u00bbPlayfair Display||||||||\u00bb header_font=\u00bbAlice||||||||\u00bb header_font_size=\u00bb80px\u00bb header_letter_spacing=\u00bb-3px\u00bb header_line_height=\u00bb1.1em\u00bb custom_margin=\u00bb||0px|\u00bb custom_padding=\u00bb|||\u00bb animation_direction=\u00bbleft\u00bb text_font_size_last_edited=\u00bboff|desktop\u00bb header_font_size_tablet=\u00bb\u00bb header_font_size_phone=\u00bb60px\u00bb header_font_size_last_edited=\u00bbon|phone\u00bb]<\/p>\n<h1>Entretenimiento<\/h1>\n<p>[\/et_pb_text][\/et_pb_column][\/et_pb_row][\/et_pb_section][et_pb_section fb_built=\u00bb1&#8243; _builder_version=\u00bb4.0.5&#8243; custom_padding=\u00bb||0px|||\u00bb][et_pb_row _builder_version=\u00bb4.0.5&#8243; custom_padding=\u00bb||36px|||\u00bb][et_pb_column type=\u00bb4_4&#8243; _builder_version=\u00bb4.0.5&#8243;][et_pb_text admin_label=\u00bbTitle\u00bb _builder_version=\u00bb4.0.5&#8243; text_font=\u00bb||||||||\u00bb header_font=\u00bb||||||||\u00bb header_2_font=\u00bbAlice||||||||\u00bb header_2_text_align=\u00bbcenter\u00bb header_2_font_size=\u00bb42px\u00bb header_2_line_height=\u00bb1.3em\u00bb custom_margin=\u00bb||20px|\u00bb animation_direction=\u00bbtop\u00bb]<\/p>\n<h2>Actuaci\u00f3n en vivo<\/h2>\n<p>[\/et_pb_text][et_pb_divider divider_weight=\u00bb3px\u00bb _builder_version=\u00bb4.0.5&#8243; max_width=\u00bb50px\u00bb module_alignment=\u00bbcenter\u00bb custom_margin=\u00bb||10px|\u00bb animation_direction=\u00bbtop\u00bb][\/et_pb_divider][et_pb_text _builder_version=\u00bb4.0.5&#8243; header_text_align=\u00bbcenter\u00bb width=\u00bb86%\u00bb module_alignment=\u00bbcenter\u00bb]<\/p>\n<h3 style=\"text-align: center;\">Les ofrecemos una gran variedad de posibilidades de animaciones<\/h3>\n<p>[\/et_pb_text][\/et_pb_column][\/et_pb_row][\/et_pb_section][et_pb_section fb_built=\u00bb1&#8243; _builder_version=\u00bb4.0.5&#8243; custom_padding=\u00bb0px|||||\u00bb][et_pb_row column_structure=\u00bb2_5,3_5&#8243; make_equal=\u00bbon\u00bb _builder_version=\u00bb4.0.5&#8243; module_alignment=\u00bbcenter\u00bb custom_margin=\u00bb|185px||auto||\u00bb][et_pb_column type=\u00bb2_5&#8243; _builder_version=\u00bb4.0.5&#8243;][et_pb_text _builder_version=\u00bb4.0.5&#8243; text_font_size=\u00bb16px\u00bb custom_padding=\u00bb|30px||30px|false|false\u00bb]<\/p>\n<ul>\n<li>\n<p>DJ<\/p>\n<\/li>\n<li>\n<p>M\u00fasicos<\/p>\n<\/li>\n<li>\n<p>Coreograf\u00eda de Baile<\/p>\n<\/li>\n<li>\n<p>Espect\u00e1culo de Fuego<\/p>\n<\/li>\n<li>\n<p>Liberaci\u00f3n de Faroles de Papel<\/p>\n<\/li>\n<li>\n<p>Fuegos Artificiales<\/p>\n<\/li>\n<li>\n<p>Mago<\/p>\n<\/li>\n<li>\n<p>Espect\u00e1culo de Circo<\/p>\n<\/li>\n<\/ul>\n<p>[\/et_pb_text][\/et_pb_column][et_pb_column type=\u00bb3_5&#8243; _builder_version=\u00bb4.0.5&#8243;][et_pb_image src=\u00bbhttps:\/\/www.bysylvie.com\/wp-content\/uploads\/2019\/11\/carnaval-echasses.jpg\u00bb _builder_version=\u00bb4.0.5&#8243;][\/et_pb_image][\/et_pb_column][\/et_pb_row][et_pb_row _builder_version=\u00bb4.0.5&#8243;][et_pb_column type=\u00bb4_4&#8243; _builder_version=\u00bb4.0.5&#8243;][et_pb_gallery gallery_ids=\u00bb1468,1444,1450,1465,1453,1471,1459,1456,1447,1462&#8243; posts_number=\u00bb8&#8243; show_title_and_caption=\u00bboff\u00bb _builder_version=\u00bb4.0.5&#8243; hover_enabled=\u00bb0&#8243;][\/et_pb_gallery][\/et_pb_column][\/et_pb_row][\/et_pb_section][et_pb_section fb_built=\u00bb1&#8243; custom_padding_last_edited=\u00bboff|desktop\u00bb prev_background_color=\u00bb#ffffff\u00bb next_background_color=\u00bb#ffffff\u00bb _builder_version=\u00bb4.0.5&#8243; background_image=\u00bbhttps:\/\/www.bysylvie.com\/wp-content\/uploads\/2019\/11\/sylviebysylviefooterbackground.png\u00bb background_position=\u00bbbottom_center\u00bb min_height=\u00bb331px\u00bb custom_margin=\u00bb2px||-40px||false|false\u00bb custom_padding=\u00bb1px||||false|false\u00bb top_divider_style=\u00bbwaves2&#8243; bottom_divider_style=\u00bbwaves\u00bb bottom_divider_repeat=\u00bb0.9x\u00bb custom_css_main_element=\u00bbz-index: 0;\u00bb global_module=\u00bb1186&#8243; locked=\u00bboff\u00bb custom_padding__hover_enabled=\u00bboff|desktop\u00bb][\/et_pb_section]<\/p>\n","protected":false},"excerpt":{"rendered":"<p>EntretenimientoActuaci\u00f3n en vivoLes ofrecemos una gran variedad de posibilidades de animaciones DJ M\u00fasicos Coreograf\u00eda de Baile Espect\u00e1culo de Fuego Liberaci\u00f3n de Faroles de Papel Fuegos Artificiales Mago Espect\u00e1culo de Circo<\/p>\n","protected":false},"author":1,"featured_media":0,"parent":0,"menu_order":0,"comment_status":"closed","ping_status":"closed","template":"","meta":{"_et_pb_use_builder":"on","_et_pb_old_content":"<!-- wp:heading -->\n<h2>Entertainment - Show<\/h2>\n<!-- \/wp:heading -->\n\n<!-- wp:heading -->\n<h2>We propose a great variety of entertainment programs, shows or activities<\/h2>\n<!-- \/wp:heading -->\n\n<!-- wp:paragraph -->\n<p><a href=\"https:\/\/www.bysylvie.com\/wp-content\/uploads\/2015\/10\/Entertainment-Las-Terrenas1.jpg\"><\/a><a href=\"https:\/\/www.bysylvie.com\/wp-content\/uploads\/2015\/10\/Entertainment-Las-Terrenas2.jpg\"><\/a><a href=\"https:\/\/www.bysylvie.com\/wp-content\/uploads\/2015\/10\/Entertainment-Las-Terrenas3.jpg\"><\/a><a href=\"https:\/\/www.bysylvie.com\/wp-content\/uploads\/2015\/10\/Entertainment-Las-Terrenas4.jpg\"><\/a><\/p>\n<!-- \/wp:paragraph -->\n\n<!-- wp:list -->\n<ul><li><a href=\"https:\/\/www.bysylvie.com\/entertainment\/?lang=en#\">Portfolio<\/a><\/li><li><\/li><\/ul>\n<!-- \/wp:list -->\n\n<!-- wp:list -->\n<ul><li>DJ<\/li><li>Musicians<\/li><li>Dance Choreography<\/li><li>Fire Show<\/li><li>The release of Paper Lanterns<\/li><li>Fireworks<\/li><li>Magician Show<\/li><li>Circus Act<\/li><\/ul>\n<!-- \/wp:list -->","_et_gb_content_width":"","footnotes":""},"class_list":["post-2335","page","type-page","status-publish","hentry"],"_links":{"self":[{"href":"http:\/\/3.86.185.200\/es\/wp-json\/wp\/v2\/pages\/2335","targetHints":{"allow":["GET"]}}],"collection":[{"href":"http:\/\/3.86.185.200\/es\/wp-json\/wp\/v2\/pages"}],"about":[{"href":"http:\/\/3.86.185.200\/es\/wp-json\/wp\/v2\/types\/page"}],"author":[{"embeddable":true,"href":"http:\/\/3.86.185.200\/es\/wp-json\/wp\/v2\/users\/1"}],"replies":[{"embeddable":true,"href":"http:\/\/3.86.185.200\/es\/wp-json\/wp\/v2\/comments?post=2335"}],"version-history":[{"count":9,"href":"http:\/\/3.86.185.200\/es\/wp-json\/wp\/v2\/pages\/2335\/revisions"}],"predecessor-version":[{"id":2344,"href":"http:\/\/3.86.185.200\/es\/wp-json\/wp\/v2\/pages\/2335\/revisions\/2344"}],"wp:attachment":[{"href":"http:\/\/3.86.185.200\/es\/wp-json\/wp\/v2\/media?parent=2335"}],"curies":[{"name":"wp","href":"https:\/\/api.w.org\/{rel}","templated":true}]}}