{"id":2406,"date":"2019-11-27T15:07:43","date_gmt":"2019-11-27T15:07:43","guid":{"rendered":"http:\/\/bysylvie.llevitate.com\/servicios\/"},"modified":"2019-11-28T17:52:21","modified_gmt":"2019-11-28T17:52:21","slug":"servicios","status":"publish","type":"page","link":"http:\/\/3.86.185.200\/es\/servicios\/","title":{"rendered":"Servicios"},"content":{"rendered":"<p>[et_pb_section fb_built=\u00bb1&#8243; admin_label=\u00bbHero Section\u00bb _builder_version=\u00bb4.0.5&#8243; use_background_color_gradient=\u00bbon\u00bb background_color_gradient_start=\u00bbrgba(244,240,233,0.9)\u00bb background_color_gradient_end=\u00bbrgba(244,240,233,0)\u00bb background_color_gradient_direction=\u00bb90deg\u00bb background_color_gradient_start_position=\u00bb30%\u00bb background_color_gradient_overlays_image=\u00bbon\u00bb background_image=\u00bbhttps:\/\/www.bysylvie.com\/wp-content\/uploads\/2019\/11\/wedding-3.jpg\u00bb custom_margin=\u00bb|||\u00bb custom_padding=\u00bb83px|0px|103px|0px||\u00bb][et_pb_row custom_padding_last_edited=\u00bboff|desktop\u00bb admin_label=\u00bbHero Area\u00bb _builder_version=\u00bb3.25&#8243; custom_padding=\u00bb27px|0px|0px|0px\u00bb][et_pb_column type=\u00bb4_4&#8243; _builder_version=\u00bb3.25&#8243; custom_padding=\u00bb|||\u00bb custom_padding__hover=\u00bb|||\u00bb][et_pb_text admin_label=\u00bbHero Title\u00bb _builder_version=\u00bb4.0.5&#8243; text_font=\u00bbPlayfair Display||||||||\u00bb header_font=\u00bbAlice||||||||\u00bb header_font_size=\u00bb80px\u00bb header_letter_spacing=\u00bb-3px\u00bb header_line_height=\u00bb1.1em\u00bb custom_margin=\u00bb||0px|\u00bb custom_padding=\u00bb|||\u00bb animation_direction=\u00bbleft\u00bb text_font_size_last_edited=\u00bboff|desktop\u00bb header_font_size_tablet=\u00bb\u00bb header_font_size_phone=\u00bb60px\u00bb header_font_size_last_edited=\u00bbon|phone\u00bb]<\/p>\n<h1>Nuestros Servicios<\/h1>\n<p>[\/et_pb_text][\/et_pb_column][\/et_pb_row][\/et_pb_section][et_pb_section fb_built=\u00bb1&#8243; admin_label=\u00bbServices\u00bb module_class=\u00bb et_pb_specialty_fullwidth\u00bb _builder_version=\u00bb4.0.5&#8243; background_color=\u00bb#f2f4f3&#8243; width=\u00bb100%\u00bb max_width=\u00bb1024px\u00bb inner_width_tablet=\u00bb80%\u00bb inner_width_phone=\u00bb\u00bb inner_width_last_edited=\u00bbon|desktop\u00bb inner_max_width_tablet=\u00bb80%\u00bb inner_max_width_phone=\u00bb\u00bb inner_max_width_last_edited=\u00bbon|desktop\u00bb custom_margin=\u00bb-80px|10%||10%||true\u00bb custom_padding=\u00bb||27px|||\u00bb border_width_all=\u00bb20px\u00bb border_color_all=\u00bb#ffffff\u00bb box_shadow_style=\u00bbpreset3&#8243; box_shadow_vertical=\u00bb70px\u00bb box_shadow_blur=\u00bb150px\u00bb box_shadow_color=\u00bbrgba(0,0,0,0.2)\u00bb make_fullwidth=\u00bbon\u00bb][et_pb_row column_structure=\u00bb1_3,1_3,1_3&#8243; _builder_version=\u00bb3.25&#8243; width=\u00bb90%\u00bb max_width=\u00bb90%\u00bb custom_margin=\u00bb-16px|auto||auto||\u00bb use_custom_width=\u00bbon\u00bb width_unit=\u00bboff\u00bb custom_width_percent=\u00bb90%\u00bb locked=\u00bboff\u00bb][et_pb_column type=\u00bb1_3&#8243; _builder_version=\u00bb3.25&#8243; custom_padding=\u00bb|||\u00bb custom_padding__hover=\u00bb|||\u00bb][et_pb_text _builder_version=\u00bb4.0.5&#8243; header_font=\u00bbAlice||||||||\u00bb header_3_font=\u00bbAlice||||||||\u00bb header_3_font_size=\u00bb28px\u00bb header_3_line_height=\u00bb1.5em\u00bb text_orientation=\u00bbcenter\u00bb custom_margin=\u00bb||20px|\u00bb header_3_font_size_last_edited=\u00bboff|desktop\u00bb locked=\u00bboff\u00bb]<\/p>\n<h3>Spa &amp; Bienestar<\/h3>\n<p>[\/et_pb_text][et_pb_text _builder_version=\u00bb4.0.5&#8243; header_font=\u00bb||||||||\u00bb header_4_font=\u00bbPlayfair Display SC||||||||\u00bb header_4_font_size=\u00bb22px\u00bb header_4_line_height=\u00bb1.5em\u00bb header_5_font=\u00bb|600|||||||\u00bb header_5_font_size=\u00bb14px\u00bb header_5_line_height=\u00bb1.4em\u00bb custom_margin=\u00bb-3px|||||\u00bb header_4_font_size_tablet=\u00bb\u00bb header_4_font_size_phone=\u00bb\u00bb header_4_font_size_last_edited=\u00bbon|phone\u00bb locked=\u00bboff\u00bb]<\/p>\n<p style=\"text-align: justify;\">Manicura, pedicura, masaje, son algunos de los servicios complementarios ofrecidos a domicilio o en un Spa.<\/p>\n<p>[\/et_pb_text][\/et_pb_column][et_pb_column type=\u00bb1_3&#8243; _builder_version=\u00bb3.25&#8243; custom_padding=\u00bb|||\u00bb custom_padding__hover=\u00bb|||\u00bb][et_pb_text _builder_version=\u00bb4.0.5&#8243; header_font=\u00bbAlice||||||||\u00bb header_text_align=\u00bbcenter\u00bb header_3_font=\u00bbAlice||||||||\u00bb header_3_font_size=\u00bb28px\u00bb header_3_line_height=\u00bb1.5em\u00bb text_orientation=\u00bbcenter\u00bb custom_margin=\u00bb||20px|\u00bb header_3_font_size_last_edited=\u00bboff|desktop\u00bb]<\/p>\n<h3>Estilistas en Peinados<br \/>\n&amp; Maquillajes<\/h3>\n<p>[\/et_pb_text][et_pb_text _builder_version=\u00bb4.0.5&#8243; header_font=\u00bb||||||||\u00bb header_4_font=\u00bbPlayfair Display SC||||||||\u00bb header_4_font_size=\u00bb22px\u00bb header_4_line_height=\u00bb1.5em\u00bb header_5_font=\u00bb|600|||||||\u00bb header_5_font_size=\u00bb14px\u00bb header_5_line_height=\u00bb1.4em\u00bb header_4_font_size_tablet=\u00bb\u00bb header_4_font_size_phone=\u00bb\u00bb header_4_font_size_last_edited=\u00bbon|phone\u00bb]<\/p>\n<p style=\"text-align: justify;\">Nuestros estilistas les ofrecen una amplia selecci\u00f3n de peinados y maquillajes adaptados a sus gustos para que luzca perfecta en el d\u00eda tan esperado. <\/p>\n<p>Gracias a sus experiencias profesionales, sabr\u00e1n perfectamente c\u00f3mo cumplir con sus exigencias.<\/p>\n<p>[\/et_pb_text][\/et_pb_column][et_pb_column type=\u00bb1_3&#8243; _builder_version=\u00bb3.25&#8243; custom_padding=\u00bb|||\u00bb custom_padding__hover=\u00bb|||\u00bb][et_pb_text _builder_version=\u00bb4.0.5&#8243; header_font=\u00bb||||||||\u00bb header_text_align=\u00bbcenter\u00bb header_3_font=\u00bbAlice||||||||\u00bb header_3_font_size=\u00bb28px\u00bb header_3_line_height=\u00bb1.5em\u00bb text_orientation=\u00bbcenter\u00bb custom_margin=\u00bb||20px|\u00bb header_3_font_size_last_edited=\u00bboff|desktop\u00bb]<\/p>\n<h3>Papeler\u00eda &#038; Impresi\u00f3n<\/h3>\n<p>[\/et_pb_text][et_pb_text _builder_version=\u00bb4.0.5&#8243; header_font=\u00bb||||||||\u00bb header_4_font=\u00bbPlayfair Display SC||||||||\u00bb header_4_font_size=\u00bb22px\u00bb header_4_line_height=\u00bb1.5em\u00bb header_5_font=\u00bb|600|||||||\u00bb header_5_font_size=\u00bb14px\u00bb header_5_line_height=\u00bb1.4em\u00bb header_4_font_size_tablet=\u00bb\u00bb header_4_font_size_phone=\u00bb\u00bb header_4_font_size_last_edited=\u00bbon|phone\u00bb]<\/p>\n<p style=\"text-align: justify;\">Piense en el estilo que le gustar\u00eda para sus invitaciones de boda, programa, men\u00fa, etiquetas bufet, mapa de ubicaci\u00f3n, plan de mesa\u2026<\/p>\n<p>[\/et_pb_text][\/et_pb_column][\/et_pb_row][\/et_pb_section][et_pb_section fb_built=\u00bb1&#8243; admin_label=\u00bbPackages\u00bb _builder_version=\u00bb3.22&#8243; background_image=\u00bbhttps:\/\/www.bysylvie.com\/wp-content\/uploads\/2019\/11\/makeyup-artist-43.jpg\u00bb background_size=\u00bbinitial\u00bb background_position=\u00bbtop_center\u00bb custom_margin=\u00bb-2px|||||\u00bb custom_padding=\u00bb180px|0px|0px|0px|false|false\u00bb][\/et_pb_section][et_pb_section fb_built=\u00bb1&#8243; admin_label=\u00bbShop Section\u00bb _builder_version=\u00bb3.22&#8243; custom_padding=\u00bb31px||110px|||\u00bb][et_pb_row admin_label=\u00bbTitle Area\u00bb _builder_version=\u00bb3.25&#8243; locked=\u00bboff\u00bb][et_pb_column type=\u00bb4_4&#8243; _builder_version=\u00bb3.25&#8243; custom_padding=\u00bb|||\u00bb custom_padding__hover=\u00bb|||\u00bb][et_pb_text admin_label=\u00bbTitle\u00bb _builder_version=\u00bb4.0.5&#8243; text_font=\u00bb||||||||\u00bb header_font=\u00bb||||||||\u00bb header_2_font=\u00bbAlice||||||||\u00bb header_2_text_align=\u00bbcenter\u00bb header_2_font_size=\u00bb42px\u00bb custom_margin=\u00bb||20px|\u00bb animation_direction=\u00bbtop\u00bb]<\/p>\n<h2>Nuestros Servicios Especializados<\/h2>\n<p>[\/et_pb_text][et_pb_divider divider_weight=\u00bb3px\u00bb _builder_version=\u00bb4.0.5&#8243; max_width=\u00bb50px\u00bb module_alignment=\u00bbcenter\u00bb custom_margin=\u00bb||10px|\u00bb animation_direction=\u00bbtop\u00bb][\/et_pb_divider][\/et_pb_column][\/et_pb_row][et_pb_row column_structure=\u00bb1_3,1_3,1_3&#8243; use_custom_gutter=\u00bbon\u00bb gutter_width=\u00bb3&#8243; make_equal=\u00bbon\u00bb admin_label=\u00bbShop Area\u00bb _builder_version=\u00bb4.0.5&#8243; width=\u00bb60%\u00bb module_alignment=\u00bbcenter\u00bb min_height=\u00bb316px\u00bb custom_padding=\u00bb||0px||false|false\u00bb][et_pb_column type=\u00bb1_3&#8243; _builder_version=\u00bb3.25&#8243; custom_padding=\u00bb|||\u00bb custom_padding__hover=\u00bb|||\u00bb][et_pb_image src=\u00bbhttps:\/\/www.bysylvie.com\/wp-content\/uploads\/2019\/11\/2.jpg\u00bb url=\u00bbhttps:\/\/www.bysylvie.com\/es\/ceremonia\/\u00bb _builder_version=\u00bb4.0.5&#8243;][\/et_pb_image][et_pb_text _builder_version=\u00bb4.0.5&#8243; header_font=\u00bbAlice||||||||\u00bb header_3_font=\u00bbAlice||||||||\u00bb header_3_font_size=\u00bb28px\u00bb header_3_line_height=\u00bb1.5em\u00bb text_orientation=\u00bbcenter\u00bb custom_margin=\u00bb||20px|\u00bb link_option_url=\u00bbhttps:\/\/www.bysylvie.com\/es\/ceremonia\/\u00bb header_3_font_size_last_edited=\u00bboff|desktop\u00bb locked=\u00bboff\u00bb]<\/p>\n<h3>Ceremonia<\/h3>\n<p>[\/et_pb_text][et_pb_image src=\u00bbhttps:\/\/www.bysylvie.com\/wp-content\/uploads\/2019\/11\/4.jpg\u00bb url=\u00bbhttps:\/\/www.bysylvie.com\/es\/catering\/\u00bb _builder_version=\u00bb4.0.5&#8243;][\/et_pb_image][et_pb_text _builder_version=\u00bb4.0.5&#8243; header_font=\u00bbAlice||||||||\u00bb header_3_font=\u00bbAlice||||||||\u00bb header_3_font_size=\u00bb28px\u00bb header_3_line_height=\u00bb1.5em\u00bb text_orientation=\u00bbcenter\u00bb custom_margin=\u00bb||20px|\u00bb link_option_url=\u00bbhttps:\/\/www.bysylvie.com\/es\/catering\/\u00bb header_3_font_size_last_edited=\u00bboff|desktop\u00bb locked=\u00bboff\u00bb]<\/p>\n<h3>Catering<\/h3>\n<p>[\/et_pb_text][\/et_pb_column][et_pb_column type=\u00bb1_3&#8243; _builder_version=\u00bb3.25&#8243; custom_padding=\u00bb|||\u00bb custom_padding__hover=\u00bb|||\u00bb][et_pb_image src=\u00bbhttps:\/\/www.bysylvie.com\/wp-content\/uploads\/2019\/11\/5.jpg\u00bb url=\u00bbhttps:\/\/www.bysylvie.com\/es\/alojamtiento\/\u00bb _builder_version=\u00bb4.0.5&#8243;][\/et_pb_image][et_pb_text _builder_version=\u00bb4.0.5&#8243; header_font=\u00bbAlice||||||||\u00bb header_3_font=\u00bbAlice||||||||\u00bb header_3_font_size=\u00bb28px\u00bb header_3_line_height=\u00bb1.5em\u00bb text_orientation=\u00bbcenter\u00bb custom_margin=\u00bb||20px|\u00bb link_option_url=\u00bbhttps:\/\/www.bysylvie.com\/es\/alojamtiento\/\u00bb header_3_font_size_last_edited=\u00bboff|desktop\u00bb locked=\u00bboff\u00bb]<\/p>\n<h3>Alojamtiento<\/h3>\n<p>[\/et_pb_text][et_pb_image src=\u00bbhttps:\/\/www.bysylvie.com\/wp-content\/uploads\/2019\/11\/6.jpg\u00bb url=\u00bbhttps:\/\/www.bysylvie.com\/es\/entretenimiento\/\u00bb _builder_version=\u00bb4.0.5&#8243;][\/et_pb_image][et_pb_text _builder_version=\u00bb4.0.5&#8243; header_font=\u00bbAlice||||||||\u00bb header_3_font=\u00bbAlice||||||||\u00bb header_3_font_size=\u00bb28px\u00bb header_3_line_height=\u00bb1.5em\u00bb text_orientation=\u00bbcenter\u00bb custom_margin=\u00bb||20px|\u00bb link_option_url=\u00bbhttps:\/\/www.bysylvie.com\/es\/entretenimiento\/\u00bb header_3_font_size_last_edited=\u00bboff|desktop\u00bb locked=\u00bboff\u00bb]<\/p>\n<h3>Animaci\u00f3n<\/h3>\n<p>[\/et_pb_text][\/et_pb_column][et_pb_column type=\u00bb1_3&#8243; _builder_version=\u00bb3.25&#8243; custom_padding=\u00bb|||\u00bb custom_padding__hover=\u00bb|||\u00bb][et_pb_image src=\u00bbhttps:\/\/www.bysylvie.com\/wp-content\/uploads\/2019\/11\/1.jpg\u00bb url=\u00bbhttps:\/\/www.bysylvie.com\/es\/decoracion\/\u00bb _builder_version=\u00bb4.0.5&#8243;][\/et_pb_image][et_pb_text _builder_version=\u00bb4.0.5&#8243; header_font=\u00bbAlice||||||||\u00bb header_3_font=\u00bbAlice||||||||\u00bb header_3_font_size=\u00bb28px\u00bb header_3_line_height=\u00bb1.5em\u00bb text_orientation=\u00bbcenter\u00bb custom_margin=\u00bb||20px|\u00bb link_option_url=\u00bbhttps:\/\/www.bysylvie.com\/es\/decoracion\/\u00bb header_3_font_size_last_edited=\u00bboff|desktop\u00bb locked=\u00bboff\u00bb]<\/p>\n<h3>Decoraci\u00f3n<\/h3>\n<p>[\/et_pb_text][et_pb_image src=\u00bbhttps:\/\/www.bysylvie.com\/wp-content\/uploads\/2019\/11\/3.jpg\u00bb url=\u00bbhttps:\/\/www.bysylvie.com\/es\/celebracion\/\u00bb _builder_version=\u00bb4.0.5&#8243;][\/et_pb_image][et_pb_text _builder_version=\u00bb4.0.5&#8243; header_font=\u00bbAlice||||||||\u00bb header_3_font=\u00bbAlice||||||||\u00bb header_3_font_size=\u00bb28px\u00bb header_3_line_height=\u00bb1.5em\u00bb text_orientation=\u00bbcenter\u00bb custom_margin=\u00bb||20px|\u00bb link_option_url=\u00bbhttps:\/\/www.bysylvie.com\/es\/celebracion\/\u00bb header_3_font_size_last_edited=\u00bboff|desktop\u00bb locked=\u00bboff\u00bb]<\/p>\n<h3>Celebraciones<\/h3>\n<p>[\/et_pb_text][\/et_pb_column][\/et_pb_row][\/et_pb_section][et_pb_section fb_built=\u00bb1&#8243; custom_padding_last_edited=\u00bboff|desktop\u00bb prev_background_color=\u00bb#ffffff\u00bb next_background_color=\u00bb#ffffff\u00bb _builder_version=\u00bb4.0.5&#8243; background_image=\u00bbhttps:\/\/www.bysylvie.com\/wp-content\/uploads\/2019\/11\/sylviebysylviefooterbackground.png\u00bb background_position=\u00bbbottom_center\u00bb min_height=\u00bb331px\u00bb custom_margin=\u00bb2px||-40px||false|false\u00bb custom_padding=\u00bb0px||||false|false\u00bb top_divider_style=\u00bbwaves2&#8243; bottom_divider_style=\u00bbwaves\u00bb bottom_divider_repeat=\u00bb0.9x\u00bb custom_css_main_element=\u00bbz-index: 0;\u00bb custom_padding__hover_enabled=\u00bboff|desktop\u00bb][et_pb_row _builder_version=\u00bb4.0.5&#8243; min_height=\u00bb49px\u00bb custom_margin=\u00bb-1px|auto||auto||\u00bb custom_padding=\u00bb80px||80px||false|false\u00bb][et_pb_column type=\u00bb4_4&#8243; _builder_version=\u00bb4.0.5&#8243;][\/et_pb_column][\/et_pb_row][\/et_pb_section]<\/p>\n","protected":false},"excerpt":{"rendered":"<p>Nuestros ServiciosSpa &amp; BienestarManicura, pedicura, masaje, son algunos de los servicios complementarios ofrecidos a domicilio o en un Spa.Estilistas en Peinados &amp; MaquillajesNuestros estilistas les ofrecen una amplia selecci\u00f3n de peinados y maquillajes adaptados a sus gustos para que luzca perfecta en el d\u00eda tan esperado. Gracias a sus experiencias profesionales, sabr\u00e1n perfectamente c\u00f3mo cumplir [&hellip;]<\/p>\n","protected":false},"author":1,"featured_media":0,"parent":0,"menu_order":0,"comment_status":"closed","ping_status":"closed","template":"","meta":{"_et_pb_use_builder":"on","_et_pb_old_content":"<!-- wp:heading -->\n<h2>Our services<\/h2>\n<!-- \/wp:heading -->\n\n<!-- wp:image -->\n<figure class=\"wp-block-image\"><img src=\"https:\/\/www.bysylvie.com\/wp-content\/uploads\/2015\/11\/10-Weddings-Ceremonies-Las-Terrenas-Dominican-Republic-4.jpg\" alt=\"\"\/><\/figure>\n<!-- \/wp:image -->\n\n<!-- wp:heading -->\n<h2><a href=\"https:\/\/www.bysylvie.com\/ceremony\/?lang=en\">Ceremony<\/a><\/h2>\n<!-- \/wp:heading -->\n\n<!-- wp:paragraph -->\n<p><a href=\"https:\/\/www.bysylvie.com\/ceremony\/?lang=en\">Read more...<\/a><\/p>\n<!-- \/wp:paragraph -->\n\n<!-- wp:image -->\n<figure class=\"wp-block-image\"><img src=\"https:\/\/www.bysylvie.com\/wp-content\/uploads\/2015\/10\/2-love-deco-.jpg\" alt=\"\"\/><\/figure>\n<!-- \/wp:image -->\n\n<!-- wp:heading -->\n<h2><a href=\"https:\/\/www.bysylvie.com\/decoration\/?lang=en\">Decoration<\/a><\/h2>\n<!-- \/wp:heading -->\n\n<!-- wp:paragraph -->\n<p><a href=\"https:\/\/www.bysylvie.com\/decoration\/?lang=en\">Read more...<\/a><\/p>\n<!-- \/wp:paragraph -->\n\n<!-- wp:image -->\n<figure class=\"wp-block-image\"><img src=\"https:\/\/www.bysylvie.com\/wp-content\/uploads\/2015\/11\/05-carnaval-echasses.jpg\" alt=\"\"\/><\/figure>\n<!-- \/wp:image -->\n\n<!-- wp:heading -->\n<h2><a href=\"https:\/\/www.bysylvie.com\/entertainment\/?lang=en\">Entertainments<\/a><\/h2>\n<!-- \/wp:heading -->\n\n<!-- wp:paragraph -->\n<p><a href=\"https:\/\/www.bysylvie.com\/entertainment\/?lang=en\">Read more...<\/a><\/p>\n<!-- \/wp:paragraph -->\n\n<!-- wp:heading -->\n<h2><a href=\"https:\/\/www.bysylvie.com\/accommodation\/?lang=en\">Accommodation<\/a><\/h2>\n<!-- \/wp:heading -->\n\n<!-- wp:paragraph -->\n<p><a href=\"https:\/\/www.bysylvie.com\/accommodation\/?lang=en\">Read more...<\/a><\/p>\n<!-- \/wp:paragraph -->\n\n<!-- wp:image -->\n<figure class=\"wp-block-image\"><img src=\"https:\/\/www.bysylvie.com\/wp-content\/uploads\/2015\/11\/1-Events-MD-House-Las-Terrenas-Cocktail-Apetizers.jpg\" alt=\"\"\/><\/figure>\n<!-- \/wp:image -->\n\n<!-- wp:heading -->\n<h2><a href=\"https:\/\/www.bysylvie.com\/restauration\/?lang=en\">Catering<\/a><\/h2>\n<!-- \/wp:heading -->\n\n<!-- wp:paragraph -->\n<p><a href=\"https:\/\/www.bysylvie.com\/restauration\/?lang=en\">Read more...<\/a><\/p>\n<!-- \/wp:paragraph -->\n\n<!-- wp:image -->\n<figure class=\"wp-block-image\"><img src=\"https:\/\/www.bysylvie.com\/wp-content\/uploads\/2015\/11\/4-Events-TUI-beach-event-Las-Terrenas.jpg\" alt=\"\"\/><\/figure>\n<!-- \/wp:image -->\n\n<!-- wp:heading -->\n<h2><a href=\"https:\/\/www.bysylvie.com\/celebrations\/?lang=en\">Celebrations<\/a><\/h2>\n<!-- \/wp:heading -->\n\n<!-- wp:paragraph -->\n<p><a href=\"https:\/\/www.bysylvie.com\/celebrations\/?lang=en\">Read more...<\/a><\/p>\n<!-- \/wp:paragraph -->\n\n<!-- wp:heading {\"level\":5} -->\n<h5>Hairdressing Stylists &amp; Make-up artists<\/h5>\n<!-- \/wp:heading -->\n\n<!-- wp:paragraph -->\n<p>Our team of stylists will offer you a wide range of hair styles and make-up to match your tastes and to be perfect on D.Day.<br>Their professional experience will be able to meet all you expectations.<\/p>\n<!-- \/wp:paragraph -->\n\n<!-- wp:heading {\"level\":5} -->\n<h5>Spa<\/h5>\n<!-- \/wp:heading -->\n\n<!-- wp:paragraph -->\n<p>Manucure, pedicure, massage are some of the additional services we can provide at your home or in a spa.<\/p>\n<!-- \/wp:paragraph -->\n\n<!-- wp:heading {\"level\":5} -->\n<h5>Stationery \/ Card<\/h5>\n<!-- \/wp:heading -->\n\n<!-- wp:paragraph -->\n<p>Think about the style you would like for your wedding invitation, announcement, program, menu, buffet tags, placement cards, table plan \u2026<\/p>\n<!-- \/wp:paragraph -->\n\n<!-- wp:heading {\"level\":4} -->\n<h4>Recent Posts<\/h4>\n<!-- \/wp:heading -->\n\n<!-- wp:list -->\n<ul><li><a href=\"https:\/\/www.bysylvie.com\/thank-you-for-everything-sylvie-you-made-our-destination-wedding-and-vacation-and-dream-come-true\/?lang=en\">Thank you for everything, Sylvie. You made our destination wedding and vacation and dream come true.<\/a><\/li><li><a href=\"https:\/\/www.bysylvie.com\/el-30-de-enero-2017-sylvie-fue-la-coordinadora-de-un-sueno-hecho-realidad\/?lang=en\">El 30 de Enero 2017 Sylvie fue la coordinadora de un sue\u00f1o hecho realidad!<\/a><\/li><li><a href=\"https:\/\/www.bysylvie.com\/words-cannot-express-our-gratitude-for-sylvia\/?lang=en\">Words cannot express our gratitude for Sylvia.<\/a><\/li><\/ul>\n<!-- \/wp:list -->\n\n<!-- wp:heading {\"level\":4} -->\n<h4>Mis detalles<\/h4>\n<!-- \/wp:heading -->\n\n<!-- wp:paragraph -->\n<p>WhatsApp + 1 829 898 9228<\/p>\n<!-- \/wp:paragraph -->\n\n<!-- wp:paragraph -->\n<p>Email: sylviesim@gmail.com<br><\/p>\n<!-- \/wp:paragraph -->","_et_gb_content_width":"","footnotes":""},"class_list":["post-2406","page","type-page","status-publish","hentry"],"_links":{"self":[{"href":"http:\/\/3.86.185.200\/es\/wp-json\/wp\/v2\/pages\/2406","targetHints":{"allow":["GET"]}}],"collection":[{"href":"http:\/\/3.86.185.200\/es\/wp-json\/wp\/v2\/pages"}],"about":[{"href":"http:\/\/3.86.185.200\/es\/wp-json\/wp\/v2\/types\/page"}],"author":[{"embeddable":true,"href":"http:\/\/3.86.185.200\/es\/wp-json\/wp\/v2\/users\/1"}],"replies":[{"embeddable":true,"href":"http:\/\/3.86.185.200\/es\/wp-json\/wp\/v2\/comments?post=2406"}],"version-history":[{"count":12,"href":"http:\/\/3.86.185.200\/es\/wp-json\/wp\/v2\/pages\/2406\/revisions"}],"predecessor-version":[{"id":2936,"href":"http:\/\/3.86.185.200\/es\/wp-json\/wp\/v2\/pages\/2406\/revisions\/2936"}],"wp:attachment":[{"href":"http:\/\/3.86.185.200\/es\/wp-json\/wp\/v2\/media?parent=2406"}],"curies":[{"name":"wp","href":"https:\/\/api.w.org\/{rel}","templated":true}]}}