{"id":2162,"date":"2019-11-26T18:30:31","date_gmt":"2019-11-26T18:30:31","guid":{"rendered":"http:\/\/bysylvie.llevitate.com\/?page_id=2162"},"modified":"2019-11-27T17:22:27","modified_gmt":"2019-11-27T17:22:27","slug":"about-2","status":"publish","type":"page","link":"http:\/\/3.86.185.200\/fr\/about-2\/","title":{"rendered":"Profil"},"content":{"rendered":"<p>[et_pb_section fb_built=\u00a0\u00bb1&Prime; specialty=\u00a0\u00bbon\u00a0\u00bb _builder_version=\u00a0\u00bb4.0.5&Prime; custom_padding=\u00a0\u00bb0px|||||\u00a0\u00bb][et_pb_column type=\u00a0\u00bb1_3&Prime; _builder_version=\u00a0\u00bb3.25&Prime; custom_padding=\u00a0\u00bb|||\u00a0\u00bb custom_padding__hover=\u00a0\u00bb|||\u00a0\u00bb][et_pb_image src=\u00a0\u00bbhttps:\/\/www.bysylvie.com\/wp-content\/uploads\/2019\/11\/sylviesimonsbysylvie.jpg\u00a0\u00bb align=\u00a0\u00bbright\u00a0\u00bb align_tablet=\u00a0\u00bbcenter\u00a0\u00bb align_phone=\u00a0\u00bb\u00a0\u00bb align_last_edited=\u00a0\u00bbon|desktop\u00a0\u00bb _builder_version=\u00a0\u00bb4.0.5&Prime; animation_direction=\u00a0\u00bbleft\u00a0\u00bb][\/et_pb_image][\/et_pb_column][et_pb_column type=\u00a0\u00bb2_3&Prime; specialty_columns=\u00a0\u00bb2&Prime; _builder_version=\u00a0\u00bb3.25&Prime; custom_padding=\u00a0\u00bb|||\u00a0\u00bb custom_padding__hover=\u00a0\u00bb|||\u00a0\u00bb][et_pb_row_inner _builder_version=\u00a0\u00bb4.0.5&Prime; max_height=\u00a0\u00bb1000px\u00a0\u00bb custom_margin=\u00a0\u00bb||||false|false\u00a0\u00bb custom_padding=\u00a0\u00bb50px||0px||false|false\u00a0\u00bb][et_pb_column_inner saved_specialty_column_type=\u00a0\u00bb2_3&Prime; _builder_version=\u00a0\u00bb4.0.5&Prime; custom_padding=\u00a0\u00bb||||false|false\u00a0\u00bb][et_pb_text admin_label=\u00a0\u00bbTitle\u00a0\u00bb _builder_version=\u00a0\u00bb4.0.5&Prime; text_font=\u00a0\u00bb||||||||\u00a0\u00bb header_font=\u00a0\u00bb||||||||\u00a0\u00bb header_2_font=\u00a0\u00bbAlice||||||||\u00a0\u00bb header_2_font_size=\u00a0\u00bb50px\u00a0\u00bb header_2_line_height=\u00a0\u00bb1.3em\u00a0\u00bb custom_margin=\u00a0\u00bb||20px|\u00a0\u00bb custom_padding=\u00a0\u00bb||0px|||\u00a0\u00bb animation_direction=\u00a0\u00bbtop\u00a0\u00bb]<\/p>\n<h2>Sylvie<\/h2>\n<p>[\/et_pb_text][et_pb_text admin_label=\u00a0\u00bbTitle\u00a0\u00bb _builder_version=\u00a0\u00bb4.0.5&Prime; text_font=\u00a0\u00bb||||||||\u00a0\u00bb header_font=\u00a0\u00bb||||||||\u00a0\u00bb header_2_font=\u00a0\u00bbAlice||||||||\u00a0\u00bb header_2_font_size=\u00a0\u00bb42px\u00a0\u00bb header_2_line_height=\u00a0\u00bb1.3em\u00a0\u00bb min_height=\u00a0\u00bb9px\u00a0\u00bb custom_margin=\u00a0\u00bb-11px||20px|||\u00a0\u00bb custom_padding=\u00a0\u00bb4px|||||\u00a0\u00bb animation_direction=\u00a0\u00bbtop\u00a0\u00bb]<\/p>\n<h3>Organisatrice de Mariage et d\u2019\u00c9v\u00e8nement<\/h3>\n<p>[\/et_pb_text][et_pb_divider divider_weight=\u00a0\u00bb3px\u00a0\u00bb _builder_version=\u00a0\u00bb4.0.5&Prime; max_width=\u00a0\u00bb50px\u00a0\u00bb module_alignment=\u00a0\u00bbleft\u00a0\u00bb custom_margin=\u00a0\u00bb||10px|\u00a0\u00bb animation_direction=\u00a0\u00bbtop\u00a0\u00bb][\/et_pb_divider][\/et_pb_column_inner][\/et_pb_row_inner][et_pb_row_inner column_structure=\u00a0\u00bb1_2,1_2&Prime; _builder_version=\u00a0\u00bb4.0.5&Prime; custom_padding=\u00a0\u00bb0px|||||\u00a0\u00bb][et_pb_column_inner type=\u00a0\u00bb1_2&Prime; saved_specialty_column_type=\u00a0\u00bb2_3&Prime; _builder_version=\u00a0\u00bb4.0.5&Prime;][et_pb_text _builder_version=\u00a0\u00bb4.0.5&Prime; text_font=\u00a0\u00bb||||||||\u00a0\u00bb text_line_height=\u00a0\u00bb1.8em\u00a0\u00bb header_5_font=\u00a0\u00bbOpen Sans|600|on||||||\u00a0\u00bb header_5_line_height=\u00a0\u00bb1.5em\u00a0\u00bb animation_direction=\u00a0\u00bbtop\u00a0\u00bb]<\/p>\n<h5>Conception \u2013 Pr\u00e9paration \u2013 Organisation &amp; Coordination de Mariage<\/h5>\n<p>Wedding &#038; Event Planner \u2013 Dipl\u00f4me International I.N.I.B.E.P.<\/p>\n<p>Je suis originaire de France et une partie de ma carri\u00e8re a d\u00e9but\u00e9 dans le secteur de la restauration \u00e0 San Francisco, en Californie, en se concentrant sur des \u00e9v\u00e9nements de toutes sortes, des mariages et la production de d\u00e9cors de films, ainsi qu\u2019en tant que chef priv\u00e9.<\/p>\n<p>En R\u00e9publique Dominicaine, j\u2019ai \u00e9t\u00e9 fascin\u00e9 par les beaut\u00e9s naturelles du pays et par la gentillesse de son peuple. J\u2019ai cr\u00e9\u00e9 et g\u00e9r\u00e9 un restaurant gastronomique sur la c\u00f4te nord pendant de nombreuses ann\u00e9es.[\/et_pb_text][\/et_pb_column_inner][et_pb_column_inner type=\u00a0\u00bb1_2&Prime; saved_specialty_column_type=\u00a0\u00bb2_3&Prime; _builder_version=\u00a0\u00bb4.0.5&Prime;][et_pb_text _builder_version=\u00a0\u00bb4.0.5&Prime; text_font=\u00a0\u00bb||||||||\u00a0\u00bb text_line_height=\u00a0\u00bb1.8em\u00a0\u00bb custom_padding=\u00a0\u00bb0px|||||\u00a0\u00bb animation_direction=\u00a0\u00bbtop\u00a0\u00bb]<\/p>\n<p class=\"p1\">J\u2019ai ensuite d\u00e9m\u00e9nag\u00e9 \u00e0 Las Terrenas \/ Samana o\u00f9 j\u2019\u00e9tais responsable d\u2019un restaurant d\u2019h\u00f4tel de luxe. J\u2019ai planifi\u00e9 et organis\u00e9 tous les mariages et autres \u00e9v\u00e9nements dans ce lieu renomm\u00e9 pendant plus de 3 ans au cours desquels j\u2019ai eu une exp\u00e9rience de travail tr\u00e8s enrichissante et int\u00e9ressante.<\/p>\n<p class=\"p1\">J\u2019utilise mes comp\u00e9tences, ma connaissance des langues (Fran\u00e7ais, Anglais, Espagnol), mon style individuel dans mon propre commerce ind\u00e9pendant, avec la cr\u00e9ation de BySylvie.com, la planification, l\u2019organisation et le travail en collaboration avec les meilleurs professionnels de la r\u00e9gion. sp\u00e9cialis\u00e9s dans la d\u00e9coration, la composition florale, la restauration, les photographes et tous les services n\u00e9cessaires pour cr\u00e9er un \u00e9v\u00e9nement unique et incroyable con\u00e7u sp\u00e9cialement pour vous.<\/p>\n<p>[\/et_pb_text][\/et_pb_column_inner][\/et_pb_row_inner][\/et_pb_column][\/et_pb_section][et_pb_section fb_built=\u00a0\u00bb1&Prime; admin_label=\u00a0\u00bbAbout Us Section\u00a0\u00bb _builder_version=\u00a0\u00bb4.0.5&Prime; custom_padding=\u00a0\u00bb0px||100px|||\u00a0\u00bb][et_pb_row column_structure=\u00a0\u00bb1_3,1_3,1_3&Prime; use_custom_gutter=\u00a0\u00bbon\u00a0\u00bb gutter_width=\u00a0\u00bb4&Prime; make_equal=\u00a0\u00bbon\u00a0\u00bb admin_label=\u00a0\u00bbAbout Us Area\u00a0\u00bb _builder_version=\u00a0\u00bb4.0.5&Prime; width=\u00a0\u00bb60%\u00a0\u00bb custom_margin=\u00a0\u00bb|||\u00a0\u00bb custom_padding=\u00a0\u00bb27px|0px|0px|0px\u00a0\u00bb][et_pb_column type=\u00a0\u00bb1_3&Prime; _builder_version=\u00a0\u00bb4.0.5&Prime; custom_padding=\u00a0\u00bb|||\u00a0\u00bb custom_padding__hover=\u00a0\u00bb|||\u00a0\u00bb][et_pb_image src=\u00a0\u00bbhttps:\/\/www.bysylvie.com\/wp-content\/uploads\/2019\/11\/certifiedbysilvie.jpg\u00a0\u00bb _builder_version=\u00a0\u00bb4.0.5&Prime; width=\u00a0\u00bb85%\u00a0\u00bb module_alignment=\u00a0\u00bbcenter\u00a0\u00bb custom_padding=\u00a0\u00bb25px||||false|false\u00a0\u00bb][\/et_pb_image][\/et_pb_column][et_pb_column type=\u00a0\u00bb1_3&Prime; _builder_version=\u00a0\u00bb4.0.5&Prime; custom_padding=\u00a0\u00bb||||false|false\u00a0\u00bb custom_padding__hover=\u00a0\u00bb|||\u00a0\u00bb][et_pb_image src=\u00a0\u00bbhttps:\/\/www.bysylvie.com\/wp-content\/uploads\/2019\/11\/certifiedbysilvie1.jpg\u00a0\u00bb _builder_version=\u00a0\u00bb4.0.5&Prime; width=\u00a0\u00bb80%\u00a0\u00bb module_alignment=\u00a0\u00bbcenter\u00a0\u00bb custom_padding=\u00a0\u00bb25px||||false|false\u00a0\u00bb][\/et_pb_image][\/et_pb_column][et_pb_column type=\u00a0\u00bb1_3&Prime; _builder_version=\u00a0\u00bb4.0.5&Prime; custom_padding=\u00a0\u00bb||||false|false\u00a0\u00bb custom_padding__hover=\u00a0\u00bb|||\u00a0\u00bb][et_pb_image src=\u00a0\u00bbhttps:\/\/www.bysylvie.com\/wp-content\/uploads\/2019\/11\/certifiedbysilvie2.jpg\u00a0\u00bb align=\u00a0\u00bbcenter\u00a0\u00bb _builder_version=\u00a0\u00bb4.0.5&Prime; width=\u00a0\u00bb95%\u00a0\u00bb module_alignment=\u00a0\u00bbcenter\u00a0\u00bb custom_margin=\u00a0\u00bb||||false|false\u00a0\u00bb][\/et_pb_image][\/et_pb_column][\/et_pb_row][\/et_pb_section][et_pb_section fb_built=\u00a0\u00bb1&Prime; admin_label=\u00a0\u00bbHistory\u00a0\u00bb _builder_version=\u00a0\u00bb4.0.5&Prime; background_color=\u00a0\u00bb#e7efef\u00a0\u00bb use_background_color_gradient=\u00a0\u00bbon\u00a0\u00bb background_color_gradient_start=\u00a0\u00bbrgba(244,240,233,0.9)\u00a0\u00bb background_color_gradient_end=\u00a0\u00bbrgba(213,222,232,0)\u00a0\u00bb background_color_gradient_direction=\u00a0\u00bb90deg\u00a0\u00bb background_color_gradient_start_position=\u00a0\u00bb30%\u00a0\u00bb background_color_gradient_overlays_image=\u00a0\u00bbon\u00a0\u00bb background_image=\u00a0\u00bbhttps:\/\/www.bysylvie.com\/wp-content\/uploads\/2019\/11\/wedding.jpg\u00a0\u00bb background_position=\u00a0\u00bbcenter_right\u00a0\u00bb custom_margin=\u00a0\u00bb-1px|||||\u00a0\u00bb custom_padding=\u00a0\u00bb12%|0px|12%|0px\u00a0\u00bb][et_pb_row column_structure=\u00a0\u00bb1_2,1_2&Prime; admin_label=\u00a0\u00bbRow\u00a0\u00bb _builder_version=\u00a0\u00bb3.25&Prime;][et_pb_column type=\u00a0\u00bb1_2&Prime; _builder_version=\u00a0\u00bb3.25&Prime; custom_padding=\u00a0\u00bb|||\u00a0\u00bb custom_padding__hover=\u00a0\u00bb|||\u00a0\u00bb][et_pb_text _builder_version=\u00a0\u00bb4.0.5&Prime; text_font=\u00a0\u00bb||||||||\u00a0\u00bb text_font_size=\u00a0\u00bb16px\u00a0\u00bb text_line_height=\u00a0\u00bb1.8em\u00a0\u00bb header_font=\u00a0\u00bb||||||||\u00a0\u00bb header_2_font=\u00a0\u00bbAlice||||||||\u00a0\u00bb header_2_font_size=\u00a0\u00bb52px\u00a0\u00bb header_2_line_height=\u00a0\u00bb1.3em\u00a0\u00bb custom_padding=\u00a0\u00bb|||\u00a0\u00bb animation_direction=\u00a0\u00bbbottom\u00a0\u00bb]<\/p>\n<h2>Moments agr\u00e9ables<\/h2>\n<p>Venez partager avec votre famille et vos amis un v\u00e9ritable moment de bonheur, de beaut\u00e9 et de plaisir, sans ressentir de pression ni d\u2019inqui\u00e9tude, afin de profiter de cette journ\u00e9e inoubliable.[\/et_pb_text][\/et_pb_column][et_pb_column type=\u00a0\u00bb1_2&Prime; _builder_version=\u00a0\u00bb3.25&Prime; custom_padding=\u00a0\u00bb|||\u00a0\u00bb custom_padding__hover=\u00a0\u00bb|||\u00a0\u00bb][\/et_pb_column][\/et_pb_row][\/et_pb_section][et_pb_section fb_built=\u00a0\u00bb1&Prime; _builder_version=\u00a0\u00bb4.0.5&Prime; custom_padding=\u00a0\u00bb61px|||||\u00a0\u00bb][et_pb_row _builder_version=\u00a0\u00bb4.0.5&Prime;][et_pb_column type=\u00a0\u00bb4_4&Prime; _builder_version=\u00a0\u00bb4.0.5&Prime;][et_pb_text admin_label=\u00a0\u00bbTitle\u00a0\u00bb _builder_version=\u00a0\u00bb4.0.5&Prime; text_font=\u00a0\u00bb||||||||\u00a0\u00bb header_font=\u00a0\u00bb||||||||\u00a0\u00bb header_2_font=\u00a0\u00bbAlice||||||||\u00a0\u00bb header_2_text_align=\u00a0\u00bbcenter\u00a0\u00bb header_2_font_size=\u00a0\u00bb42px\u00a0\u00bb header_2_line_height=\u00a0\u00bb1.3em\u00a0\u00bb custom_margin=\u00a0\u00bb||20px|\u00a0\u00bb animation_direction=\u00a0\u00bbtop\u00a0\u00bb]<\/p>\n<h2>Partenaires s\u00e9lectionn\u00e9s<\/h2>\n<p>[\/et_pb_text][et_pb_divider divider_weight=\u00a0\u00bb3px\u00a0\u00bb _builder_version=\u00a0\u00bb4.0.5&Prime; max_width=\u00a0\u00bb50px\u00a0\u00bb module_alignment=\u00a0\u00bbcenter\u00a0\u00bb custom_margin=\u00a0\u00bb||10px|\u00a0\u00bb animation_direction=\u00a0\u00bbtop\u00a0\u00bb][\/et_pb_divider][et_pb_text admin_label=\u00a0\u00bbSubtitle\u00a0\u00bb _builder_version=\u00a0\u00bb4.0.5&Prime; text_font=\u00a0\u00bb||||||||\u00a0\u00bb text_font_size=\u00a0\u00bb16px\u00a0\u00bb text_line_height=\u00a0\u00bb1.8em\u00a0\u00bb text_orientation=\u00a0\u00bbcenter\u00a0\u00bb max_width=\u00a0\u00bb700px\u00a0\u00bb module_alignment=\u00a0\u00bbcenter\u00a0\u00bb animation_direction=\u00a0\u00bbtop\u00a0\u00bb]Le choix de mes partenaires est s\u00e9lectionn\u00e9 avec exigences, capacit\u00e9 et professionnalisme.[\/et_pb_text][\/et_pb_column][\/et_pb_row][et_pb_row column_structure=\u00a0\u00bb1_2,1_2&Prime; make_equal=\u00a0\u00bbon\u00a0\u00bb _builder_version=\u00a0\u00bb4.0.5&Prime; width=\u00a0\u00bb70%\u00a0\u00bb module_alignment=\u00a0\u00bbcenter\u00a0\u00bb][et_pb_column type=\u00a0\u00bb1_2&Prime; _builder_version=\u00a0\u00bb4.0.5&Prime;][et_pb_text _builder_version=\u00a0\u00bb4.0.5&Prime; text_font_size=\u00a0\u00bb16px\u00a0\u00bb custom_padding=\u00a0\u00bb|30px||30px|false|false\u00a0\u00bb hover_enabled=\u00a0\u00bb0&Prime;]<\/p>\n<p>Ces partenaires sont cr\u00e9atifs, talentueux et rigoureux afin que chaque d\u00e9tail puisse rendre cet \u00e9v\u00e9nement exceptionnel.<\/p>\n<ul>\n<li>D\u00e9corateur\/trice &#8211; Composition Florale<\/li>\n<li>Traiteur \u2013 Chef \u2013 Restaurateur<\/li>\n<li>Technicien Son \u2013 Lumi\u00e8re<\/li>\n<li>Coiffeur \u2013 Maquilleur<\/li>\n<li>Photographe \u2013 Vid\u00e9aste \u2013 Dr\u00f4ne<\/li>\n<li>Serveurs \u2013 Bartenders<\/li>\n<\/ul>\n<p>[\/et_pb_text][\/et_pb_column][et_pb_column type=\u00a0\u00bb1_2&Prime; _builder_version=\u00a0\u00bb4.0.5&Prime;][et_pb_text _builder_version=\u00a0\u00bb4.0.5&Prime; text_font_size=\u00a0\u00bb16px\u00a0\u00bb custom_padding=\u00a0\u00bb|30px||30px|false|false\u00a0\u00bb]Ainsi que les artistes de l\u00b4animation:<\/p>\n<ul>\n<li>DJs<\/li>\n<li>Musiciens<\/li>\n<li>Chanteurs<\/li>\n<li>Danseurs<\/li>\n<li>Gens du Spectale<\/li>\n<\/ul>\n<p>[\/et_pb_text][\/et_pb_column][\/et_pb_row][et_pb_row column_structure=\u00a0\u00bb1_2,1_2&Prime; _builder_version=\u00a0\u00bb4.0.5&Prime; module_alignment=\u00a0\u00bbcenter\u00a0\u00bb custom_padding=\u00a0\u00bb||100px||false|false\u00a0\u00bb][et_pb_column type=\u00a0\u00bb1_2&Prime; _builder_version=\u00a0\u00bb4.0.5&Prime;][et_pb_image src=\u00a0\u00bbhttps:\/\/www.bysylvie.com\/wp-content\/uploads\/2019\/11\/partner1bysilvie.jpg\u00a0\u00bb align=\u00a0\u00bbcenter\u00a0\u00bb _builder_version=\u00a0\u00bb4.0.5&Prime; width=\u00a0\u00bb70%\u00a0\u00bb module_alignment=\u00a0\u00bbcenter\u00a0\u00bb][\/et_pb_image][\/et_pb_column][et_pb_column type=\u00a0\u00bb1_2&Prime; _builder_version=\u00a0\u00bb4.0.5&Prime;][et_pb_image src=\u00a0\u00bbhttps:\/\/www.bysylvie.com\/wp-content\/uploads\/2019\/11\/fotograferbysilvie.jpg\u00a0\u00bb align=\u00a0\u00bbcenter\u00a0\u00bb _builder_version=\u00a0\u00bb4.0.5&Prime; width=\u00a0\u00bb70%\u00a0\u00bb module_alignment=\u00a0\u00bbcenter\u00a0\u00bb][\/et_pb_image][\/et_pb_column][\/et_pb_row][\/et_pb_section][et_pb_section fb_built=\u00a0\u00bb1&Prime; custom_padding_last_edited=\u00a0\u00bboff|desktop\u00a0\u00bb prev_background_color=\u00a0\u00bb#ffffff\u00a0\u00bb next_background_color=\u00a0\u00bb#ffffff\u00a0\u00bb _builder_version=\u00a0\u00bb4.0.5&Prime; background_image=\u00a0\u00bbhttps:\/\/www.bysylvie.com\/wp-content\/uploads\/2019\/11\/sylviebysylviefooterbackground.png\u00a0\u00bb background_position=\u00a0\u00bbbottom_center\u00a0\u00bb min_height=\u00a0\u00bb331px\u00a0\u00bb custom_margin=\u00a0\u00bb2px||-40px||false|false\u00a0\u00bb custom_padding=\u00a0\u00bb0px||||false|false\u00a0\u00bb top_divider_style=\u00a0\u00bbwaves2&Prime; bottom_divider_style=\u00a0\u00bbwaves\u00a0\u00bb bottom_divider_repeat=\u00a0\u00bb0.9x\u00a0\u00bb custom_css_main_element=\u00a0\u00bbz-index: 0;\u00a0\u00bb custom_padding__hover_enabled=\u00a0\u00bboff|desktop\u00a0\u00bb][et_pb_row _builder_version=\u00a0\u00bb4.0.5&Prime; min_height=\u00a0\u00bb49px\u00a0\u00bb custom_margin=\u00a0\u00bb-1px|auto||auto||\u00a0\u00bb custom_padding=\u00a0\u00bb80px||80px||false|false\u00a0\u00bb][et_pb_column type=\u00a0\u00bb4_4&Prime; _builder_version=\u00a0\u00bb4.0.5&Prime;][\/et_pb_column][\/et_pb_row][\/et_pb_section]<\/p>\n","protected":false},"excerpt":{"rendered":"<p>SylvieOrganisatrice de Mariage et d\u2019\u00c9v\u00e8nementConception \u2013 Pr\u00e9paration \u2013 Organisation &amp; Coordination de Mariage Wedding &#038; Event Planner \u2013 Dipl\u00f4me International I.N.I.B.E.P. Je suis originaire de France et une partie de ma carri\u00e8re a d\u00e9but\u00e9 dans le secteur de la restauration \u00e0 San Francisco, en Californie, en se concentrant sur des \u00e9v\u00e9nements de toutes sortes, des [&hellip;]<\/p>\n","protected":false},"author":1,"featured_media":0,"parent":0,"menu_order":0,"comment_status":"closed","ping_status":"closed","template":"","meta":{"_et_pb_use_builder":"on","_et_pb_old_content":"<!-- wp:heading -->\n<h2>My Profile<\/h2>\n<!-- \/wp:heading -->\n\n<!-- wp:heading {\"level\":1} -->\n<h1>Sylvie: Wedding &amp; Event Planner<\/h1>\n<!-- \/wp:heading -->\n\n<!-- wp:image -->\n<figure class=\"wp-block-image\"><img src=\"https:\/\/www.bysylvie.com\/wp-content\/uploads\/2015\/10\/Logo-Union-EuroAmericana-1.jpg\" alt=\"\"\/><\/figure>\n<!-- \/wp:image -->\n\n<!-- wp:image -->\n<figure class=\"wp-block-image\"><img src=\"https:\/\/www.bysylvie.com\/wp-content\/uploads\/2015\/10\/Logos-Certificados-para-alumnos2-e1449789483668.png\" alt=\"\"\/><\/figure>\n<!-- \/wp:image -->\n\n<!-- wp:image -->\n<figure class=\"wp-block-image\"><img src=\"https:\/\/www.bysylvie.com\/wp-content\/uploads\/2015\/10\/Logos-Certificados-para-alumnos3-1-e1449789392356.png\" alt=\"\"\/><\/figure>\n<!-- \/wp:image -->\n\n<!-- wp:paragraph -->\n<p><strong>Conception \u2013 Preparation \u2013 Organization &amp; Coordination of Events<\/strong><\/p>\n<!-- \/wp:paragraph -->\n\n<!-- wp:paragraph -->\n<p><strong>Wedding &amp; Event Planner \u2013 International Degree I.N.I.B.E.P<\/strong><\/p>\n<!-- \/wp:paragraph -->\n\n<!-- wp:paragraph -->\n<p>I am originally from France, and part of my career started in working in the catering business in San Francisco, California, focusing on events of all kinds, weddings and film set production and also as a private chef.<\/p>\n<!-- \/wp:paragraph -->\n\n<!-- wp:paragraph -->\n<p>In Dominican Republic, I became fascinated with the country\u2019s natural beauties and the kindness of its people. I created and managed a gastronomic restaurant on the North Coast for many years.<\/p>\n<!-- \/wp:paragraph -->\n\n<!-- wp:paragraph -->\n<p>I then moved to Las Terrenas \/ Samana where I was in charge of a luxury hotel restaurant. I planned and organized all the weddings and other events in that renowned place for more than 3 years during which I had a very fulfilling and interesting work experience.<\/p>\n<!-- \/wp:paragraph -->\n\n<!-- wp:paragraph -->\n<p>I am using my skills, knowledge of languages (French, English, Spanish), individual style in my own independent business, with the creation of BySylvie.com, planning, organizing, and working in collaboration with the best of the professionals in the area that specialize in decoration, floral composition, catering, photographers and all the services that are needed to create a unique and incredible event designed especially for your needs.<\/p>\n<!-- \/wp:paragraph -->\n\n<!-- wp:quote -->\n<blockquote class=\"wp-block-quote\"><p>Come and share with family and friends a genuine moment of happiness, beauty and pleasure, without having to feel any pressure or worry, so that you may enjoy this wonderful unforgettable day.<\/p><\/blockquote>\n<!-- \/wp:quote -->\n\n<!-- wp:heading -->\n<h2>My Partners<\/h2>\n<!-- \/wp:heading -->\n\n<!-- wp:paragraph -->\n<p><strong>My partners are selected according to very high quality standards, for their skills and professionalism.<\/strong><\/p>\n<!-- \/wp:paragraph -->\n\n<!-- wp:paragraph -->\n<p>They are creative, talented and meticulous in order to have each detail add up to the success of this exceptional event.<\/p>\n<!-- \/wp:paragraph -->\n\n<!-- wp:list -->\n<ul><li>Designer decorator<\/li><li>Floral Arrangement<\/li><li>Caterer \u2013 Chef<\/li><li>Sound and Light Technician<\/li><li>Hairdresser \u2013 Make-up Artist<\/li><li>Photographer \u2013 Video Maker \u2013 Drone<\/li><li>Waiters \u2013 Bartenders\u2026<\/li><\/ul>\n<!-- \/wp:list -->\n\n<!-- wp:paragraph -->\n<p>As well as all the entertainment artists:<\/p>\n<!-- \/wp:paragraph -->\n\n<!-- wp:list -->\n<ul><li>DJs<\/li><li>Musicians<\/li><li>Singers<\/li><li>Dancers<\/li><li>Performers\u2026<\/li><\/ul>\n<!-- \/wp:list -->","_et_gb_content_width":"","footnotes":""},"class_list":["post-2162","page","type-page","status-publish","hentry"],"_links":{"self":[{"href":"http:\/\/3.86.185.200\/fr\/wp-json\/wp\/v2\/pages\/2162","targetHints":{"allow":["GET"]}}],"collection":[{"href":"http:\/\/3.86.185.200\/fr\/wp-json\/wp\/v2\/pages"}],"about":[{"href":"http:\/\/3.86.185.200\/fr\/wp-json\/wp\/v2\/types\/page"}],"author":[{"embeddable":true,"href":"http:\/\/3.86.185.200\/fr\/wp-json\/wp\/v2\/users\/1"}],"replies":[{"embeddable":true,"href":"http:\/\/3.86.185.200\/fr\/wp-json\/wp\/v2\/comments?post=2162"}],"version-history":[{"count":9,"href":"http:\/\/3.86.185.200\/fr\/wp-json\/wp\/v2\/pages\/2162\/revisions"}],"predecessor-version":[{"id":2685,"href":"http:\/\/3.86.185.200\/fr\/wp-json\/wp\/v2\/pages\/2162\/revisions\/2685"}],"wp:attachment":[{"href":"http:\/\/3.86.185.200\/fr\/wp-json\/wp\/v2\/media?parent=2162"}],"curies":[{"name":"wp","href":"https:\/\/api.w.org\/{rel}","templated":true}]}}