{"id":2220,"date":"2019-11-26T20:38:04","date_gmt":"2019-11-26T20:38:04","guid":{"rendered":"http:\/\/bysylvie.llevitate.com\/traiteur\/"},"modified":"2019-11-27T17:25:04","modified_gmt":"2019-11-27T17:25:04","slug":"traiteur","status":"publish","type":"page","link":"http:\/\/3.86.185.200\/fr\/traiteur\/","title":{"rendered":"Restauration"},"content":{"rendered":"<p>[et_pb_section fb_built=\u00a0\u00bb1&Prime; admin_label=\u00a0\u00bbHero Section\u00a0\u00bb _builder_version=\u00a0\u00bb4.0.5&Prime; use_background_color_gradient=\u00a0\u00bbon\u00a0\u00bb background_color_gradient_start=\u00a0\u00bbrgba(244,240,233,0.9)\u00a0\u00bb background_color_gradient_end=\u00a0\u00bbrgba(244,240,233,0)\u00a0\u00bb background_color_gradient_direction=\u00a0\u00bb90deg\u00a0\u00bb background_color_gradient_start_position=\u00a0\u00bb30%\u00a0\u00bb background_color_gradient_overlays_image=\u00a0\u00bbon\u00a0\u00bb background_image=\u00a0\u00bbhttps:\/\/www.bysylvie.com\/wp-content\/uploads\/2019\/11\/Bysilvie_8.jpg\u00a0\u00bb custom_margin=\u00a0\u00bb|||\u00a0\u00bb custom_padding=\u00a0\u00bb83px|0px|103px|0px||\u00a0\u00bb][et_pb_row custom_padding_last_edited=\u00a0\u00bboff|desktop\u00a0\u00bb admin_label=\u00a0\u00bbHero Area\u00a0\u00bb _builder_version=\u00a0\u00bb3.25&Prime; custom_padding=\u00a0\u00bb27px|0px|0px|0px\u00a0\u00bb][et_pb_column type=\u00a0\u00bb4_4&Prime; _builder_version=\u00a0\u00bb3.25&Prime; custom_padding=\u00a0\u00bb|||\u00a0\u00bb custom_padding__hover=\u00a0\u00bb|||\u00a0\u00bb][et_pb_text admin_label=\u00a0\u00bbHero Title\u00a0\u00bb _builder_version=\u00a0\u00bb4.0.5&Prime; text_font=\u00a0\u00bbPlayfair Display||||||||\u00a0\u00bb header_font=\u00a0\u00bbAlice||||||||\u00a0\u00bb header_font_size=\u00a0\u00bb80px\u00a0\u00bb header_letter_spacing=\u00a0\u00bb-3px\u00a0\u00bb header_line_height=\u00a0\u00bb1.1em\u00a0\u00bb custom_margin=\u00a0\u00bb||0px|\u00a0\u00bb custom_padding=\u00a0\u00bb|||\u00a0\u00bb animation_direction=\u00a0\u00bbleft\u00a0\u00bb text_font_size_last_edited=\u00a0\u00bboff|desktop\u00a0\u00bb header_font_size_tablet=\u00a0\u00bb\u00a0\u00bb header_font_size_phone=\u00a0\u00bb60px\u00a0\u00bb header_font_size_last_edited=\u00a0\u00bbon|phone\u00a0\u00bb]<\/p>\n<h1>Restauration<\/h1>\n<p>[\/et_pb_text][\/et_pb_column][\/et_pb_row][\/et_pb_section][et_pb_section fb_built=\u00a0\u00bb1&Prime; _builder_version=\u00a0\u00bb4.0.5&Prime; custom_padding=\u00a0\u00bb||0px|||\u00a0\u00bb][et_pb_row _builder_version=\u00a0\u00bb4.0.5&Prime; custom_padding=\u00a0\u00bb||36px|||\u00a0\u00bb][et_pb_column type=\u00a0\u00bb4_4&Prime; _builder_version=\u00a0\u00bb4.0.5&Prime;][et_pb_text admin_label=\u00a0\u00bbTitle\u00a0\u00bb _builder_version=\u00a0\u00bb4.0.5&Prime; text_font=\u00a0\u00bb||||||||\u00a0\u00bb header_font=\u00a0\u00bb||||||||\u00a0\u00bb header_2_font=\u00a0\u00bbAlice||||||||\u00a0\u00bb header_2_text_align=\u00a0\u00bbcenter\u00a0\u00bb header_2_font_size=\u00a0\u00bb42px\u00a0\u00bb header_2_line_height=\u00a0\u00bb1.3em\u00a0\u00bb custom_margin=\u00a0\u00bb||20px|\u00a0\u00bb animation_direction=\u00a0\u00bbtop\u00a0\u00bb]<\/p>\n<h2>Offre de restauration<\/h2>\n<p>[\/et_pb_text][et_pb_divider divider_weight=\u00a0\u00bb3px\u00a0\u00bb _builder_version=\u00a0\u00bb4.0.5&Prime; max_width=\u00a0\u00bb50px\u00a0\u00bb module_alignment=\u00a0\u00bbcenter\u00a0\u00bb custom_margin=\u00a0\u00bb||10px|\u00a0\u00bb animation_direction=\u00a0\u00bbtop\u00a0\u00bb][\/et_pb_divider][et_pb_text _builder_version=\u00a0\u00bb4.0.5&Prime; header_text_align=\u00a0\u00bbcenter\u00a0\u00bb width=\u00a0\u00bb86%\u00a0\u00bb module_alignment=\u00a0\u00bbcenter\u00a0\u00bb]<\/p>\n<h3>Que vous pr\u00e9voyiez d&rsquo;avoir votre mariage dans une villa, un h\u00f4tel ou tout autre endroit. Que vous souhaitiez avoir un cocktail, un buffet ou un d\u00eener \u00ab\u00a0\u00e0 la carte\u00a0\u00bb<\/h3>\n<p>[\/et_pb_text][\/et_pb_column][\/et_pb_row][\/et_pb_section][et_pb_section fb_built=\u00a0\u00bb1&Prime; _builder_version=\u00a0\u00bb4.0.5&Prime; custom_padding=\u00a0\u00bb0px|||||\u00a0\u00bb][et_pb_row column_structure=\u00a0\u00bb1_2,1_2&Prime; make_equal=\u00a0\u00bbon\u00a0\u00bb _builder_version=\u00a0\u00bb4.0.5&Prime; width=\u00a0\u00bb70%\u00a0\u00bb module_alignment=\u00a0\u00bbcenter\u00a0\u00bb][et_pb_column type=\u00a0\u00bb1_2&Prime; _builder_version=\u00a0\u00bb4.0.5&Prime;][et_pb_text _builder_version=\u00a0\u00bb4.0.5&Prime; text_font_size=\u00a0\u00bb16px\u00a0\u00bb custom_padding=\u00a0\u00bb|30px||30px|false|false\u00a0\u00bb]<\/p>\n<p><strong>Voici les principales options qui vous seront offertes en fonction de vos besoins :<\/strong><\/p>\n<ul>\n<li>Le choix d\u2019un restaurant selon le type de salle ou de d\u00e9cor recherch\u00e9 et \u00e9galement le nombre d\u2019invit\u00e9s.<\/li>\n<li>Le chef cuisinier et ses aides<\/li>\n<li>Le service traiteur, avec finitions sur place.<\/li>\n<\/ul>\n<p>[\/et_pb_text][\/et_pb_column][et_pb_column type=\u00a0\u00bb1_2&Prime; _builder_version=\u00a0\u00bb4.0.5&Prime;][et_pb_text _builder_version=\u00a0\u00bb4.0.5&Prime; text_font_size=\u00a0\u00bb16px\u00a0\u00bb custom_padding=\u00a0\u00bb|30px||30px|false|false\u00a0\u00bb]<\/p>\n<p><strong>Vous pourrez opter pour un Open Bar ou un Service Personnalis\u00e9, nous prenons en charge:<\/strong><\/p>\n<ul>\n<li>La pr\u00e9paration de cocktails<\/li>\n<li>La s\u00e9lection des vins et champagnes<\/li>\n<li>Les boissons sans alcool<\/li>\n<li>Les Caf\u00e9s, th\u00e9s et plus\u2026<\/li>\n<li>Cave \u00e0 Cigares<\/li>\n<\/ul>\n<p>[\/et_pb_text][\/et_pb_column][\/et_pb_row][et_pb_row _builder_version=\u00a0\u00bb4.0.5&Prime;][et_pb_column type=\u00a0\u00bb4_4&Prime; _builder_version=\u00a0\u00bb4.0.5&Prime;][et_pb_text _builder_version=\u00a0\u00bb4.0.5&Prime; text_font_size=\u00a0\u00bb16px\u00a0\u00bb header_text_align=\u00a0\u00bbcenter\u00a0\u00bb width=\u00a0\u00bb84%\u00a0\u00bb module_alignment=\u00a0\u00bbcenter\u00a0\u00bb]<\/p>\n<p>Gr\u00e2ce \u00e0 ces nombreuses ann\u00e9es pass\u00e9es dans le domaine de la gastronomie en tant que traiteur et restauratrice, je me ferai un r\u00e9el plaisir de vous guider dans le choix et l\u2019\u00e9laboration de votre menu avec en vedette nos produits locaux. Nous travaillons uniquement avec les meilleurs chefs cuisiniers et traiteurs dominicains ou europ\u00e9ens, et pouvons offrir diff\u00e9rents types de cuisine pour votre mariage, des hors d\u2019\u0153uvres au g\u00e2teau de mariage ou \u00e0 la table de desserts, et pourquoi pas les encas de la nuit\u2026<\/p>\n<p>[\/et_pb_text][et_pb_text _builder_version=\u00a0\u00bb4.0.5&Prime; width=\u00a0\u00bb85%\u00a0\u00bb module_alignment=\u00a0\u00bbcenter\u00a0\u00bb]<\/p>\n<p><strong>Nous pouvons \u00e9galement organiser tout autre repas sp\u00e9cial pour une r\u00e9union en famille ou entre amis :<\/strong><\/p>\n<p>D\u00eener de r\u00e9p\u00e9tition<br \/> Soir\u00e9e de bienvenue (welcome party)<br \/> A BBQ<br \/> Pique-nique sur une plage\u2026<\/p>\n<p>[\/et_pb_text][\/et_pb_column][\/et_pb_row][et_pb_row _builder_version=\u00a0\u00bb4.0.5&Prime;][et_pb_column type=\u00a0\u00bb4_4&Prime; _builder_version=\u00a0\u00bb4.0.5&Prime;][et_pb_gallery gallery_ids=\u00a0\u00bb1436,1433,1439,1415,1409,1400,1412,1406,1403,1418,1424,1427,1430,1421&Prime; posts_number=\u00a0\u00bb8&Prime; show_title_and_caption=\u00a0\u00bboff\u00a0\u00bb _builder_version=\u00a0\u00bb4.0.5&Prime; hover_enabled=\u00a0\u00bb0&Prime;][\/et_pb_gallery][\/et_pb_column][\/et_pb_row][\/et_pb_section][et_pb_section fb_built=\u00a0\u00bb1&Prime; custom_padding_last_edited=\u00a0\u00bboff|desktop\u00a0\u00bb prev_background_color=\u00a0\u00bb#ffffff\u00a0\u00bb next_background_color=\u00a0\u00bb#ffffff\u00a0\u00bb _builder_version=\u00a0\u00bb4.0.5&Prime; background_image=\u00a0\u00bbhttps:\/\/www.bysylvie.com\/wp-content\/uploads\/2019\/11\/sylviebysylviefooterbackground.png\u00a0\u00bb background_position=\u00a0\u00bbbottom_center\u00a0\u00bb min_height=\u00a0\u00bb331px\u00a0\u00bb custom_margin=\u00a0\u00bb2px||-40px||false|false\u00a0\u00bb custom_padding=\u00a0\u00bb1px||||false|false\u00a0\u00bb top_divider_style=\u00a0\u00bbwaves2&Prime; bottom_divider_style=\u00a0\u00bbwaves\u00a0\u00bb bottom_divider_repeat=\u00a0\u00bb0.9x\u00a0\u00bb custom_css_main_element=\u00a0\u00bbz-index: 0;\u00a0\u00bb global_module=\u00a0\u00bb1186&Prime; locked=\u00a0\u00bboff\u00a0\u00bb custom_padding__hover_enabled=\u00a0\u00bboff|desktop\u00a0\u00bb][\/et_pb_section]<\/p>\n","protected":false},"excerpt":{"rendered":"<p>RestaurationOffre de restaurationQue vous pr\u00e9voyiez d&rsquo;avoir votre mariage dans une villa, un h\u00f4tel ou tout autre endroit. Que vous souhaitiez avoir un cocktail, un buffet ou un d\u00eener \u00ab\u00a0\u00e0 la carte\u00a0\u00bbVoici les principales options qui vous seront offertes en fonction de vos besoins : Le choix d\u2019un restaurant selon le type de salle ou de [&hellip;]<\/p>\n","protected":false},"author":1,"featured_media":0,"parent":0,"menu_order":0,"comment_status":"closed","ping_status":"closed","template":"","meta":{"_et_pb_use_builder":"on","_et_pb_old_content":"<!-- wp:heading -->\n<h2>Restaurant \u2013 Catering<\/h2>\n<!-- \/wp:heading -->\n\n<!-- wp:heading -->\n<h2>Whether you\u2019re planning to have your wedding in a villa, a hotel or any other place. Whether you wish to have a cocktail reception, a buffet or a diner \u201c\u00e0 la carte\u201d<\/h2>\n<!-- \/wp:heading -->\n\n<!-- wp:paragraph -->\n<p><strong>Here are the main options you will be offered according to your needs:<\/strong><\/p>\n<!-- \/wp:paragraph -->\n\n<!-- wp:list -->\n<ul><li>A selection of restaurants fitting the type of space and the decoration you are seeking, as well as the number of guests<\/li><li>The chef and his assistants<\/li><li>A catering service , with on-site preparation and finishing<\/li><\/ul>\n<!-- \/wp:list -->\n\n<!-- wp:paragraph -->\n<p><strong>You may choose an Open Bar or a Customized Service, we will take care of&nbsp;:<\/strong><\/p>\n<!-- \/wp:paragraph -->\n\n<!-- wp:list -->\n<ul><li>The cocktail preparations<\/li><li>The selection of wines and champagnes<\/li><li>Non-alcoholic beverages , soft drinks<\/li><li>Coffee, tea and more\u2026.<\/li><li>A cigar cellar<\/li><\/ul>\n<!-- \/wp:list -->\n\n<!-- wp:paragraph -->\n<p><a href=\"https:\/\/www.bysylvie.com\/wp-content\/uploads\/2015\/12\/Catering-Las-Terrenas1.jpg\"><\/a><a href=\"https:\/\/www.bysylvie.com\/wp-content\/uploads\/2015\/12\/Catering-Las-Terrenas2.jpg\"><\/a><a href=\"https:\/\/www.bysylvie.com\/wp-content\/uploads\/2015\/12\/Catering-Las-Terrenas3.jpg\"><\/a><a href=\"https:\/\/www.bysylvie.com\/wp-content\/uploads\/2015\/12\/2-verrines-couleurs.jpg\"><\/a><a href=\"https:\/\/www.bysylvie.com\/wp-content\/uploads\/2015\/12\/2-verrine-crevettes.jpg\"><\/a><a href=\"https:\/\/www.bysylvie.com\/wp-content\/uploads\/2015\/12\/5-sceau-glace-citrus-vodka2.jpg\"><\/a><a href=\"https:\/\/www.bysylvie.com\/wp-content\/uploads\/2015\/12\/1-cake.jpg\"><\/a><a href=\"https:\/\/www.bysylvie.com\/wp-content\/uploads\/2015\/11\/2-Events-MD-House-Las-Terrenas-Cocktail-Party-MDHouse.jpg\"><\/a><\/p>\n<!-- \/wp:paragraph -->\n\n<!-- wp:list -->\n<ul><li><a href=\"https:\/\/www.bysylvie.com\/catering\/?lang=en#\">Portfolio<\/a><\/li><li><\/li><\/ul>\n<!-- \/wp:list -->\n\n<!-- wp:quote -->\n<blockquote class=\"wp-block-quote\"><p>Thanks to the many years I spent &nbsp;working in the fine cuisine business &nbsp;as a caterer and a restaurant owner, &nbsp;I will be glad to guide and help you elaborate &nbsp;your menu which will be prepared with delicious local products.&nbsp;We only work &nbsp;with the best chefs and caterers from Dominican Republic or Europe. We can offer various kinds of fine dishes for your wedding, from starters to the wedding cake, a fancy dessert table and even night snacks \u2026<\/p><\/blockquote>\n<!-- \/wp:quote -->\n\n<!-- wp:paragraph -->\n<p><strong>We can also organize any other special meal for a gathering with family or friends :<\/strong><\/p>\n<!-- \/wp:paragraph -->\n\n<!-- wp:list -->\n<ul><li>A repetition diner<\/li><li>A welcome party<\/li><li>A BBQ<\/li><li>A picnic on a beach \u2026<\/li><\/ul>\n<!-- \/wp:list -->","_et_gb_content_width":"","footnotes":""},"class_list":["post-2220","page","type-page","status-publish","hentry"],"_links":{"self":[{"href":"http:\/\/3.86.185.200\/fr\/wp-json\/wp\/v2\/pages\/2220","targetHints":{"allow":["GET"]}}],"collection":[{"href":"http:\/\/3.86.185.200\/fr\/wp-json\/wp\/v2\/pages"}],"about":[{"href":"http:\/\/3.86.185.200\/fr\/wp-json\/wp\/v2\/types\/page"}],"author":[{"embeddable":true,"href":"http:\/\/3.86.185.200\/fr\/wp-json\/wp\/v2\/users\/1"}],"replies":[{"embeddable":true,"href":"http:\/\/3.86.185.200\/fr\/wp-json\/wp\/v2\/comments?post=2220"}],"version-history":[{"count":11,"href":"http:\/\/3.86.185.200\/fr\/wp-json\/wp\/v2\/pages\/2220\/revisions"}],"predecessor-version":[{"id":2690,"href":"http:\/\/3.86.185.200\/fr\/wp-json\/wp\/v2\/pages\/2220\/revisions\/2690"}],"wp:attachment":[{"href":"http:\/\/3.86.185.200\/fr\/wp-json\/wp\/v2\/media?parent=2220"}],"curies":[{"name":"wp","href":"https:\/\/api.w.org\/{rel}","templated":true}]}}