{"id":2255,"date":"2019-11-27T13:05:31","date_gmt":"2019-11-27T13:05:31","guid":{"rendered":"http:\/\/bysylvie.llevitate.com\/ceremonie\/"},"modified":"2019-11-27T13:05:36","modified_gmt":"2019-11-27T13:05:36","slug":"ceremonie","status":"publish","type":"page","link":"http:\/\/3.86.185.200\/fr\/ceremonie\/","title":{"rendered":"C\u00e9r\u00e9monie"},"content":{"rendered":"<p>[et_pb_section fb_built=\u00a0\u00bb1&Prime; admin_label=\u00a0\u00bbHero Section\u00a0\u00bb _builder_version=\u00a0\u00bb4.0.5&Prime; use_background_color_gradient=\u00a0\u00bbon\u00a0\u00bb background_color_gradient_start=\u00a0\u00bbrgba(244,240,233,0.9)\u00a0\u00bb background_color_gradient_end=\u00a0\u00bbrgba(244,240,233,0)\u00a0\u00bb background_color_gradient_direction=\u00a0\u00bb90deg\u00a0\u00bb background_color_gradient_start_position=\u00a0\u00bb30%\u00a0\u00bb background_color_gradient_overlays_image=\u00a0\u00bbon\u00a0\u00bb background_image=\u00a0\u00bbhttps:\/\/www.bysylvie.com\/wp-content\/uploads\/2019\/11\/header1.jpg\u00a0\u00bb custom_margin=\u00a0\u00bb|||\u00a0\u00bb custom_padding=\u00a0\u00bb83px|0px|103px|0px||\u00a0\u00bb][et_pb_row custom_padding_last_edited=\u00a0\u00bboff|desktop\u00a0\u00bb admin_label=\u00a0\u00bbHero Area\u00a0\u00bb _builder_version=\u00a0\u00bb3.25&Prime; custom_padding=\u00a0\u00bb27px|0px|0px|0px\u00a0\u00bb][et_pb_column type=\u00a0\u00bb4_4&Prime; _builder_version=\u00a0\u00bb3.25&Prime; custom_padding=\u00a0\u00bb|||\u00a0\u00bb custom_padding__hover=\u00a0\u00bb|||\u00a0\u00bb][et_pb_text admin_label=\u00a0\u00bbHero Title\u00a0\u00bb _builder_version=\u00a0\u00bb4.0.5&Prime; text_font=\u00a0\u00bbPlayfair Display||||||||\u00a0\u00bb header_font=\u00a0\u00bbAlice||||||||\u00a0\u00bb header_font_size=\u00a0\u00bb80px\u00a0\u00bb header_letter_spacing=\u00a0\u00bb-3px\u00a0\u00bb header_line_height=\u00a0\u00bb1.1em\u00a0\u00bb custom_margin=\u00a0\u00bb||0px|\u00a0\u00bb custom_padding=\u00a0\u00bb|||\u00a0\u00bb animation_direction=\u00a0\u00bbleft\u00a0\u00bb text_font_size_last_edited=\u00a0\u00bboff|desktop\u00a0\u00bb header_font_size_tablet=\u00a0\u00bb\u00a0\u00bb header_font_size_phone=\u00a0\u00bb60px\u00a0\u00bb header_font_size_last_edited=\u00a0\u00bbon|phone\u00a0\u00bb]<\/p>\n<h1>C\u00e9r\u00e9monie<\/h1>\n<p>[\/et_pb_text][\/et_pb_column][\/et_pb_row][\/et_pb_section][et_pb_section fb_built=\u00a0\u00bb1&Prime; _builder_version=\u00a0\u00bb4.0.5&Prime; custom_padding=\u00a0\u00bb||0px|||\u00a0\u00bb][et_pb_row _builder_version=\u00a0\u00bb4.0.5&Prime; custom_padding=\u00a0\u00bb||36px|||\u00a0\u00bb][et_pb_column type=\u00a0\u00bb4_4&Prime; _builder_version=\u00a0\u00bb4.0.5&Prime;][et_pb_text admin_label=\u00a0\u00bbTitle\u00a0\u00bb _builder_version=\u00a0\u00bb4.0.5&Prime; text_font=\u00a0\u00bb||||||||\u00a0\u00bb header_font=\u00a0\u00bb||||||||\u00a0\u00bb header_2_font=\u00a0\u00bbAlice||||||||\u00a0\u00bb header_2_text_align=\u00a0\u00bbcenter\u00a0\u00bb header_2_font_size=\u00a0\u00bb42px\u00a0\u00bb header_2_line_height=\u00a0\u00bb1.3em\u00a0\u00bb custom_margin=\u00a0\u00bb||20px|\u00a0\u00bb animation_direction=\u00a0\u00bbtop\u00a0\u00bb]<\/p>\n<h2>Nos C\u00e9r\u00e9monies<\/h2>\n<p>[\/et_pb_text][et_pb_divider divider_weight=\u00a0\u00bb3px\u00a0\u00bb _builder_version=\u00a0\u00bb4.0.5&Prime; max_width=\u00a0\u00bb50px\u00a0\u00bb module_alignment=\u00a0\u00bbcenter\u00a0\u00bb custom_margin=\u00a0\u00bb||10px|\u00a0\u00bb animation_direction=\u00a0\u00bbtop\u00a0\u00bb][\/et_pb_divider][et_pb_text _builder_version=\u00a0\u00bb4.0.5&Prime;]<\/p>\n<h3 style=\"text-align: center;\">Qu\u2019elle soit la\u00efque ou religieuse<\/h3>\n<p>[\/et_pb_text][\/et_pb_column][\/et_pb_row][\/et_pb_section][et_pb_section fb_built=\u00a0\u00bb1&Prime; _builder_version=\u00a0\u00bb4.0.5&Prime; custom_padding=\u00a0\u00bb0px||88px|||\u00a0\u00bb][et_pb_row column_structure=\u00a0\u00bb1_2,1_2&Prime; make_equal=\u00a0\u00bbon\u00a0\u00bb _builder_version=\u00a0\u00bb4.0.5&Prime; width=\u00a0\u00bb70%\u00a0\u00bb module_alignment=\u00a0\u00bbcenter\u00a0\u00bb][et_pb_column type=\u00a0\u00bb1_2&Prime; _builder_version=\u00a0\u00bb4.0.5&Prime;][et_pb_text _builder_version=\u00a0\u00bb4.0.5&Prime; text_font_size=\u00a0\u00bb16px\u00a0\u00bb custom_padding=\u00a0\u00bb|30px||30px|false|false\u00a0\u00bb]<\/p>\n<p><strong>Que vous souhaitiez c\u00e9l\u00e9brer vos v\u0153ux:<\/strong><\/p>\n<ul>\n<li>sur une plage paradisiaque,<\/li>\n<li>dans des jardins luxuriants,<\/li>\n<li>dans une sublime villa,<\/li>\n<li>dans un h\u00f4tel de charme,<\/li>\n<li>\u00e0 bord d\u2019un yacht,<\/li>\n<li>dans un h\u00f4tel de luxe<\/li>\n<li>ou sur une \u00eele priv\u00e9e\u2026<\/li>\n<\/ul>\n<p>[\/et_pb_text][\/et_pb_column][et_pb_column type=\u00a0\u00bb1_2&Prime; _builder_version=\u00a0\u00bb4.0.5&Prime;][et_pb_text _builder_version=\u00a0\u00bb4.0.5&Prime; text_font_size=\u00a0\u00bb16px\u00a0\u00bb custom_padding=\u00a0\u00bb|30px||30px|false|false\u00a0\u00bb]<\/p>\n<p><strong>Formalities<\/strong><br \/> Vous obtiendrez les informations n\u00e9cessaires aupr\u00e8s des Ambassades et consulats de votre pays. Ces d\u00e9marches administratives sont \u00e0 pr\u00e9voir plusieurs mois avant la date de la c\u00e9l\u00e9bration pr\u00e9vue.<\/p>\n<p>Je peux vous assister dans les d\u00e9marches administratives aupr\u00e8s des autorit\u00e9s religieuses et officielles en R\u00e9publique Dominicaine pour la bonne ex\u00e9cution de la c\u00e9r\u00e9monie officielle et sa validation \u00e0 l\u2019\u00c9tat Civil et aupr\u00e8s des administrations concern\u00e9es.<\/p>\n<p>[\/et_pb_text][\/et_pb_column][\/et_pb_row][et_pb_row _builder_version=\u00a0\u00bb4.0.5&Prime;][et_pb_column type=\u00a0\u00bb4_4&Prime; _builder_version=\u00a0\u00bb4.0.5&Prime;][et_pb_text _builder_version=\u00a0\u00bb4.0.5&Prime;]<\/p>\n<h3 style=\"text-align: center;\"><span>Parlons de vos id\u00e9es et de vos r\u00eaves\u2026<\/span><\/h3>\n<p>[\/et_pb_text][\/et_pb_column][\/et_pb_row][et_pb_row _builder_version=\u00a0\u00bb4.0.5&Prime;][et_pb_column type=\u00a0\u00bb4_4&Prime; _builder_version=\u00a0\u00bb4.0.5&Prime;][et_pb_video src=\u00a0\u00bbhttps:\/\/www.bysylvie.com\/wp-content\/uploads\/2019\/11\/190220-Eloide-Romain-SHORTFILM-2.mp4&Prime; image_src=\u00a0\u00bbhttps:\/\/www.bysylvie.com\/wp-content\/uploads\/2019\/11\/videobysilviescreen.png\u00a0\u00bb thumbnail_overlay_color=\u00a0\u00bbrgba(0,0,0,0.6)\u00a0\u00bb _builder_version=\u00a0\u00bb4.0.5&Prime;][\/et_pb_video][et_pb_gallery gallery_ids=\u00a0\u00bb1297,1282,1285,1261,1264,1267,1273,1270,1258,1276,1279,1288,1291,1294&Prime; posts_number=\u00a0\u00bb8&Prime; show_title_and_caption=\u00a0\u00bboff\u00a0\u00bb _builder_version=\u00a0\u00bb4.0.5&Prime; hover_enabled=\u00a0\u00bb0&Prime;][\/et_pb_gallery][\/et_pb_column][\/et_pb_row][\/et_pb_section][et_pb_section fb_built=\u00a0\u00bb1&Prime; custom_padding_last_edited=\u00a0\u00bboff|desktop\u00a0\u00bb prev_background_color=\u00a0\u00bb#ffffff\u00a0\u00bb next_background_color=\u00a0\u00bb#ffffff\u00a0\u00bb _builder_version=\u00a0\u00bb4.0.5&Prime; background_image=\u00a0\u00bbhttps:\/\/www.bysylvie.com\/wp-content\/uploads\/2019\/11\/sylviebysylviefooterbackground.png\u00a0\u00bb background_position=\u00a0\u00bbbottom_center\u00a0\u00bb min_height=\u00a0\u00bb331px\u00a0\u00bb custom_margin=\u00a0\u00bb2px||-40px||false|false\u00a0\u00bb custom_padding=\u00a0\u00bb1px||||false|false\u00a0\u00bb top_divider_style=\u00a0\u00bbwaves2&Prime; bottom_divider_style=\u00a0\u00bbwaves\u00a0\u00bb bottom_divider_repeat=\u00a0\u00bb0.9x\u00a0\u00bb custom_css_main_element=\u00a0\u00bbz-index: 0;\u00a0\u00bb global_module=\u00a0\u00bb1186&Prime; locked=\u00a0\u00bboff\u00a0\u00bb custom_padding__hover_enabled=\u00a0\u00bboff|desktop\u00a0\u00bb][\/et_pb_section]<\/p>\n","protected":false},"excerpt":{"rendered":"<p>C\u00e9r\u00e9monieNos C\u00e9r\u00e9moniesQu\u2019elle soit la\u00efque ou religieuseQue vous souhaitiez c\u00e9l\u00e9brer vos v\u0153ux: sur une plage paradisiaque, dans des jardins luxuriants, dans une sublime villa, dans un h\u00f4tel de charme, \u00e0 bord d\u2019un yacht, dans un h\u00f4tel de luxe ou sur une \u00eele priv\u00e9e\u2026 Formalities Vous obtiendrez les informations n\u00e9cessaires aupr\u00e8s des Ambassades et consulats de votre [&hellip;]<\/p>\n","protected":false},"author":1,"featured_media":0,"parent":0,"menu_order":0,"comment_status":"closed","ping_status":"closed","template":"","meta":{"_et_pb_use_builder":"on","_et_pb_old_content":"<!-- wp:heading -->\n<h2>Your ceremony<\/h2>\n<!-- \/wp:heading -->\n\n<!-- wp:paragraph -->\n<p>Video<\/p>\n<!-- \/wp:paragraph -->\n\n<!-- wp:heading -->\n<h2>Whether it be a secular or a religious one\u2026<\/h2>\n<!-- \/wp:heading -->\n\n<!-- wp:paragraph -->\n<p><strong>Whether you wish to exchange vows:<\/strong><\/p>\n<!-- \/wp:paragraph -->\n\n<!-- wp:list -->\n<ul><li>On an idyllic tropical beach<\/li><li>In beautiful lush gardens<\/li><li>In a magnificent villa<\/li><li>In a charming hotel<\/li><li>Aboard a yacht<\/li><li>In a luxury hotel<\/li><li>Or on a private island \u2026<\/li><\/ul>\n<!-- \/wp:list -->\n\n<!-- wp:quote -->\n<blockquote class=\"wp-block-quote\"><p>Let\u2019s talk about your ideas and dreams\u2026<\/p><\/blockquote>\n<!-- \/wp:quote -->\n\n<!-- wp:heading -->\n<h2>Formalities<\/h2>\n<!-- \/wp:heading -->\n\n<!-- wp:paragraph -->\n<p>You will get all the information you need from your country\u2019s embassy or consulate.&nbsp;These procedures must be anticipated several months ahead of the planned date for the ceremony.<\/p>\n<!-- \/wp:paragraph -->\n\n<!-- wp:quote -->\n<blockquote class=\"wp-block-quote\"><p>I will be able to assist you with all the administrative procedures with the religious and civil authorities in Dominican Republic in order for the official ceremony to be carried out properly and validated by the State and the various administrations\u00a0<\/p><\/blockquote>\n<!-- \/wp:quote -->\n\n<!-- wp:paragraph -->\n<p>Gallery<\/p>\n<!-- \/wp:paragraph -->","_et_gb_content_width":"","footnotes":""},"class_list":["post-2255","page","type-page","status-publish","hentry"],"_links":{"self":[{"href":"http:\/\/3.86.185.200\/fr\/wp-json\/wp\/v2\/pages\/2255","targetHints":{"allow":["GET"]}}],"collection":[{"href":"http:\/\/3.86.185.200\/fr\/wp-json\/wp\/v2\/pages"}],"about":[{"href":"http:\/\/3.86.185.200\/fr\/wp-json\/wp\/v2\/types\/page"}],"author":[{"embeddable":true,"href":"http:\/\/3.86.185.200\/fr\/wp-json\/wp\/v2\/users\/1"}],"replies":[{"embeddable":true,"href":"http:\/\/3.86.185.200\/fr\/wp-json\/wp\/v2\/comments?post=2255"}],"version-history":[{"count":9,"href":"http:\/\/3.86.185.200\/fr\/wp-json\/wp\/v2\/pages\/2255\/revisions"}],"predecessor-version":[{"id":2264,"href":"http:\/\/3.86.185.200\/fr\/wp-json\/wp\/v2\/pages\/2255\/revisions\/2264"}],"wp:attachment":[{"href":"http:\/\/3.86.185.200\/fr\/wp-json\/wp\/v2\/media?parent=2255"}],"curies":[{"name":"wp","href":"https:\/\/api.w.org\/{rel}","templated":true}]}}