{"id":2325,"date":"2019-11-27T14:01:55","date_gmt":"2019-11-27T14:01:55","guid":{"rendered":"http:\/\/bysylvie.llevitate.com\/animations\/"},"modified":"2019-11-27T17:24:05","modified_gmt":"2019-11-27T17:24:05","slug":"animations","status":"publish","type":"page","link":"http:\/\/3.86.185.200\/fr\/animations\/","title":{"rendered":"Animation"},"content":{"rendered":"<p>[et_pb_section fb_built=\u00a0\u00bb1&Prime; admin_label=\u00a0\u00bbHero Section\u00a0\u00bb _builder_version=\u00a0\u00bb4.0.5&Prime; use_background_color_gradient=\u00a0\u00bbon\u00a0\u00bb background_color_gradient_start=\u00a0\u00bbrgba(244,240,233,0.9)\u00a0\u00bb background_color_gradient_end=\u00a0\u00bbrgba(244,240,233,0)\u00a0\u00bb background_color_gradient_direction=\u00a0\u00bb90deg\u00a0\u00bb background_color_gradient_start_position=\u00a0\u00bb30%\u00a0\u00bb background_color_gradient_overlays_image=\u00a0\u00bbon\u00a0\u00bb background_image=\u00a0\u00bbhttps:\/\/www.bysylvie.com\/wp-content\/uploads\/2019\/11\/carnaval-echasses.jpg\u00a0\u00bb custom_margin=\u00a0\u00bb|||\u00a0\u00bb custom_padding=\u00a0\u00bb83px|0px|103px|0px||\u00a0\u00bb][et_pb_row custom_padding_last_edited=\u00a0\u00bboff|desktop\u00a0\u00bb admin_label=\u00a0\u00bbHero Area\u00a0\u00bb _builder_version=\u00a0\u00bb3.25&Prime; custom_padding=\u00a0\u00bb27px|0px|0px|0px\u00a0\u00bb][et_pb_column type=\u00a0\u00bb4_4&Prime; _builder_version=\u00a0\u00bb3.25&Prime; custom_padding=\u00a0\u00bb|||\u00a0\u00bb custom_padding__hover=\u00a0\u00bb|||\u00a0\u00bb][et_pb_text admin_label=\u00a0\u00bbHero Title\u00a0\u00bb _builder_version=\u00a0\u00bb4.0.5&Prime; text_font=\u00a0\u00bbPlayfair Display||||||||\u00a0\u00bb header_font=\u00a0\u00bbAlice||||||||\u00a0\u00bb header_font_size=\u00a0\u00bb80px\u00a0\u00bb header_letter_spacing=\u00a0\u00bb-3px\u00a0\u00bb header_line_height=\u00a0\u00bb1.1em\u00a0\u00bb custom_margin=\u00a0\u00bb||0px|\u00a0\u00bb custom_padding=\u00a0\u00bb|||\u00a0\u00bb animation_direction=\u00a0\u00bbleft\u00a0\u00bb text_font_size_last_edited=\u00a0\u00bboff|desktop\u00a0\u00bb header_font_size_tablet=\u00a0\u00bb\u00a0\u00bb header_font_size_phone=\u00a0\u00bb60px\u00a0\u00bb header_font_size_last_edited=\u00a0\u00bbon|phone\u00a0\u00bb]<\/p>\n<h1>Animations<\/h1>\n<p>[\/et_pb_text][\/et_pb_column][\/et_pb_row][\/et_pb_section][et_pb_section fb_built=\u00a0\u00bb1&Prime; _builder_version=\u00a0\u00bb4.0.5&Prime; custom_padding=\u00a0\u00bb||0px|||\u00a0\u00bb][et_pb_row _builder_version=\u00a0\u00bb4.0.5&Prime; custom_padding=\u00a0\u00bb||36px|||\u00a0\u00bb][et_pb_column type=\u00a0\u00bb4_4&Prime; _builder_version=\u00a0\u00bb4.0.5&Prime;][et_pb_text admin_label=\u00a0\u00bbTitle\u00a0\u00bb _builder_version=\u00a0\u00bb4.0.5&Prime; text_font=\u00a0\u00bb||||||||\u00a0\u00bb header_font=\u00a0\u00bb||||||||\u00a0\u00bb header_2_font=\u00a0\u00bbAlice||||||||\u00a0\u00bb header_2_text_align=\u00a0\u00bbcenter\u00a0\u00bb header_2_font_size=\u00a0\u00bb42px\u00a0\u00bb header_2_line_height=\u00a0\u00bb1.3em\u00a0\u00bb custom_margin=\u00a0\u00bb||20px|\u00a0\u00bb animation_direction=\u00a0\u00bbtop\u00a0\u00bb]<\/p>\n<h2>Spectacle en direct<\/h2>\n<p>[\/et_pb_text][et_pb_divider divider_weight=\u00a0\u00bb3px\u00a0\u00bb _builder_version=\u00a0\u00bb4.0.5&Prime; max_width=\u00a0\u00bb50px\u00a0\u00bb module_alignment=\u00a0\u00bbcenter\u00a0\u00bb custom_margin=\u00a0\u00bb||10px|\u00a0\u00bb animation_direction=\u00a0\u00bbtop\u00a0\u00bb][\/et_pb_divider][et_pb_text _builder_version=\u00a0\u00bb4.0.5&Prime; header_text_align=\u00a0\u00bbcenter\u00a0\u00bb width=\u00a0\u00bb86%\u00a0\u00bb module_alignment=\u00a0\u00bbcenter\u00a0\u00bb]<\/p>\n<h3 style=\"text-align: center;\">Nous vous proposons une grande vari\u00e9t\u00e9 de possibilit\u00e9s d\u2019animations<\/h3>\n<p>[\/et_pb_text][\/et_pb_column][\/et_pb_row][\/et_pb_section][et_pb_section fb_built=\u00a0\u00bb1&Prime; _builder_version=\u00a0\u00bb4.0.5&Prime; custom_padding=\u00a0\u00bb0px|||||\u00a0\u00bb][et_pb_row column_structure=\u00a0\u00bb2_5,3_5&Prime; make_equal=\u00a0\u00bbon\u00a0\u00bb _builder_version=\u00a0\u00bb4.0.5&Prime; module_alignment=\u00a0\u00bbcenter\u00a0\u00bb custom_margin=\u00a0\u00bb|185px||auto||\u00a0\u00bb][et_pb_column type=\u00a0\u00bb2_5&Prime; _builder_version=\u00a0\u00bb4.0.5&Prime;][et_pb_text _builder_version=\u00a0\u00bb4.0.5&Prime; text_font_size=\u00a0\u00bb16px\u00a0\u00bb custom_padding=\u00a0\u00bb|30px||30px|false|false\u00a0\u00bb]<\/p>\n<ul>\n<li>\n<p>DJ<\/p>\n<\/li>\n<li>\n<p>Musiciens<\/p>\n<\/li>\n<li>\n<p>Chor\u00e9graphe de Danse<\/p>\n<\/li>\n<li>\n<p>Spectacle de Feu<\/p>\n<\/li>\n<li>\n<p>Le l\u00e2cher de Lanternes en Papier<\/p>\n<\/li>\n<li>\n<p>Feux d\u00b4Artifice<\/p>\n<\/li>\n<li>\n<p>Magicien<\/p>\n<\/li>\n<li>\n<p>Num\u00e9ro de Cirque<\/p>\n<\/li>\n<\/ul>\n<p>[\/et_pb_text][\/et_pb_column][et_pb_column type=\u00a0\u00bb3_5&Prime; _builder_version=\u00a0\u00bb4.0.5&Prime;][et_pb_image src=\u00a0\u00bbhttps:\/\/www.bysylvie.com\/wp-content\/uploads\/2019\/11\/carnaval-echasses.jpg\u00a0\u00bb _builder_version=\u00a0\u00bb4.0.5&Prime;][\/et_pb_image][\/et_pb_column][\/et_pb_row][et_pb_row _builder_version=\u00a0\u00bb4.0.5&Prime;][et_pb_column type=\u00a0\u00bb4_4&Prime; _builder_version=\u00a0\u00bb4.0.5&Prime;][et_pb_gallery gallery_ids=\u00a0\u00bb1468,1444,1450,1465,1453,1471,1459,1456,1447,1462&Prime; posts_number=\u00a0\u00bb8&Prime; show_title_and_caption=\u00a0\u00bboff\u00a0\u00bb _builder_version=\u00a0\u00bb4.0.5&Prime; hover_enabled=\u00a0\u00bb0&Prime;][\/et_pb_gallery][\/et_pb_column][\/et_pb_row][\/et_pb_section][et_pb_section fb_built=\u00a0\u00bb1&Prime; custom_padding_last_edited=\u00a0\u00bboff|desktop\u00a0\u00bb prev_background_color=\u00a0\u00bb#ffffff\u00a0\u00bb next_background_color=\u00a0\u00bb#ffffff\u00a0\u00bb _builder_version=\u00a0\u00bb4.0.5&Prime; background_image=\u00a0\u00bbhttps:\/\/www.bysylvie.com\/wp-content\/uploads\/2019\/11\/sylviebysylviefooterbackground.png\u00a0\u00bb background_position=\u00a0\u00bbbottom_center\u00a0\u00bb min_height=\u00a0\u00bb331px\u00a0\u00bb custom_margin=\u00a0\u00bb2px||-40px||false|false\u00a0\u00bb custom_padding=\u00a0\u00bb1px||||false|false\u00a0\u00bb top_divider_style=\u00a0\u00bbwaves2&Prime; bottom_divider_style=\u00a0\u00bbwaves\u00a0\u00bb bottom_divider_repeat=\u00a0\u00bb0.9x\u00a0\u00bb custom_css_main_element=\u00a0\u00bbz-index: 0;\u00a0\u00bb global_module=\u00a0\u00bb1186&Prime; locked=\u00a0\u00bboff\u00a0\u00bb custom_padding__hover_enabled=\u00a0\u00bboff|desktop\u00a0\u00bb][\/et_pb_section]<\/p>\n","protected":false},"excerpt":{"rendered":"<p>AnimationsSpectacle en directNous vous proposons une grande vari\u00e9t\u00e9 de possibilit\u00e9s d\u2019animations DJ Musiciens Chor\u00e9graphe de Danse Spectacle de Feu Le l\u00e2cher de Lanternes en Papier Feux d\u00b4Artifice Magicien Num\u00e9ro de Cirque<\/p>\n","protected":false},"author":1,"featured_media":0,"parent":0,"menu_order":0,"comment_status":"closed","ping_status":"closed","template":"","meta":{"_et_pb_use_builder":"on","_et_pb_old_content":"<!-- wp:heading -->\n<h2>Entertainment - Show<\/h2>\n<!-- \/wp:heading -->\n\n<!-- wp:heading -->\n<h2>We propose a great variety of entertainment programs, shows or activities<\/h2>\n<!-- \/wp:heading -->\n\n<!-- wp:paragraph -->\n<p><a href=\"https:\/\/www.bysylvie.com\/wp-content\/uploads\/2015\/10\/Entertainment-Las-Terrenas1.jpg\"><\/a><a href=\"https:\/\/www.bysylvie.com\/wp-content\/uploads\/2015\/10\/Entertainment-Las-Terrenas2.jpg\"><\/a><a href=\"https:\/\/www.bysylvie.com\/wp-content\/uploads\/2015\/10\/Entertainment-Las-Terrenas3.jpg\"><\/a><a href=\"https:\/\/www.bysylvie.com\/wp-content\/uploads\/2015\/10\/Entertainment-Las-Terrenas4.jpg\"><\/a><\/p>\n<!-- \/wp:paragraph -->\n\n<!-- wp:list -->\n<ul><li><a href=\"https:\/\/www.bysylvie.com\/entertainment\/?lang=en#\">Portfolio<\/a><\/li><li><\/li><\/ul>\n<!-- \/wp:list -->\n\n<!-- wp:list -->\n<ul><li>DJ<\/li><li>Musicians<\/li><li>Dance Choreography<\/li><li>Fire Show<\/li><li>The release of Paper Lanterns<\/li><li>Fireworks<\/li><li>Magician Show<\/li><li>Circus Act<\/li><\/ul>\n<!-- \/wp:list -->","_et_gb_content_width":"","footnotes":""},"class_list":["post-2325","page","type-page","status-publish","hentry"],"_links":{"self":[{"href":"http:\/\/3.86.185.200\/fr\/wp-json\/wp\/v2\/pages\/2325","targetHints":{"allow":["GET"]}}],"collection":[{"href":"http:\/\/3.86.185.200\/fr\/wp-json\/wp\/v2\/pages"}],"about":[{"href":"http:\/\/3.86.185.200\/fr\/wp-json\/wp\/v2\/types\/page"}],"author":[{"embeddable":true,"href":"http:\/\/3.86.185.200\/fr\/wp-json\/wp\/v2\/users\/1"}],"replies":[{"embeddable":true,"href":"http:\/\/3.86.185.200\/fr\/wp-json\/wp\/v2\/comments?post=2325"}],"version-history":[{"count":10,"href":"http:\/\/3.86.185.200\/fr\/wp-json\/wp\/v2\/pages\/2325\/revisions"}],"predecessor-version":[{"id":2688,"href":"http:\/\/3.86.185.200\/fr\/wp-json\/wp\/v2\/pages\/2325\/revisions\/2688"}],"wp:attachment":[{"href":"http:\/\/3.86.185.200\/fr\/wp-json\/wp\/v2\/media?parent=2325"}],"curies":[{"name":"wp","href":"https:\/\/api.w.org\/{rel}","templated":true}]}}