{"id":2394,"date":"2019-11-27T14:53:13","date_gmt":"2019-11-27T14:53:13","guid":{"rendered":"http:\/\/bysylvie.llevitate.com\/services\/"},"modified":"2019-11-28T17:51:04","modified_gmt":"2019-11-28T17:51:04","slug":"services","status":"publish","type":"page","link":"http:\/\/3.86.185.200\/fr\/services\/","title":{"rendered":"Services"},"content":{"rendered":"<p>[et_pb_section fb_built=\u00a0\u00bb1&Prime; admin_label=\u00a0\u00bbHero Section\u00a0\u00bb _builder_version=\u00a0\u00bb4.0.5&Prime; use_background_color_gradient=\u00a0\u00bbon\u00a0\u00bb background_color_gradient_start=\u00a0\u00bbrgba(244,240,233,0.9)\u00a0\u00bb background_color_gradient_end=\u00a0\u00bbrgba(244,240,233,0)\u00a0\u00bb background_color_gradient_direction=\u00a0\u00bb90deg\u00a0\u00bb background_color_gradient_start_position=\u00a0\u00bb30%\u00a0\u00bb background_color_gradient_overlays_image=\u00a0\u00bbon\u00a0\u00bb background_image=\u00a0\u00bbhttps:\/\/www.bysylvie.com\/wp-content\/uploads\/2019\/11\/wedding-3.jpg\u00a0\u00bb custom_margin=\u00a0\u00bb|||\u00a0\u00bb custom_padding=\u00a0\u00bb83px|0px|103px|0px||\u00a0\u00bb][et_pb_row custom_padding_last_edited=\u00a0\u00bboff|desktop\u00a0\u00bb admin_label=\u00a0\u00bbHero Area\u00a0\u00bb _builder_version=\u00a0\u00bb3.25&Prime; custom_padding=\u00a0\u00bb27px|0px|0px|0px\u00a0\u00bb][et_pb_column type=\u00a0\u00bb4_4&Prime; _builder_version=\u00a0\u00bb3.25&Prime; custom_padding=\u00a0\u00bb|||\u00a0\u00bb custom_padding__hover=\u00a0\u00bb|||\u00a0\u00bb][et_pb_text admin_label=\u00a0\u00bbHero Title\u00a0\u00bb _builder_version=\u00a0\u00bb4.0.5&Prime; text_font=\u00a0\u00bbPlayfair Display||||||||\u00a0\u00bb header_font=\u00a0\u00bbAlice||||||||\u00a0\u00bb header_font_size=\u00a0\u00bb80px\u00a0\u00bb header_letter_spacing=\u00a0\u00bb-3px\u00a0\u00bb header_line_height=\u00a0\u00bb1.1em\u00a0\u00bb custom_margin=\u00a0\u00bb||0px|\u00a0\u00bb custom_padding=\u00a0\u00bb|||\u00a0\u00bb animation_direction=\u00a0\u00bbleft\u00a0\u00bb text_font_size_last_edited=\u00a0\u00bboff|desktop\u00a0\u00bb header_font_size_tablet=\u00a0\u00bb\u00a0\u00bb header_font_size_phone=\u00a0\u00bb60px\u00a0\u00bb header_font_size_last_edited=\u00a0\u00bbon|phone\u00a0\u00bb]<\/p>\n<h1>Nos Services<\/h1>\n<p>[\/et_pb_text][\/et_pb_column][\/et_pb_row][\/et_pb_section][et_pb_section fb_built=\u00a0\u00bb1&Prime; admin_label=\u00a0\u00bbServices\u00a0\u00bb module_class=\u00a0\u00bb et_pb_specialty_fullwidth\u00a0\u00bb _builder_version=\u00a0\u00bb4.0.5&Prime; background_color=\u00a0\u00bb#f2f4f3&Prime; width=\u00a0\u00bb100%\u00a0\u00bb max_width=\u00a0\u00bb1024px\u00a0\u00bb inner_width_tablet=\u00a0\u00bb80%\u00a0\u00bb inner_width_phone=\u00a0\u00bb\u00a0\u00bb inner_width_last_edited=\u00a0\u00bbon|desktop\u00a0\u00bb inner_max_width_tablet=\u00a0\u00bb80%\u00a0\u00bb inner_max_width_phone=\u00a0\u00bb\u00a0\u00bb inner_max_width_last_edited=\u00a0\u00bbon|desktop\u00a0\u00bb custom_margin=\u00a0\u00bb-80px|10%||10%||true\u00a0\u00bb custom_padding=\u00a0\u00bb||27px|||\u00a0\u00bb border_width_all=\u00a0\u00bb20px\u00a0\u00bb border_color_all=\u00a0\u00bb#ffffff\u00a0\u00bb box_shadow_style=\u00a0\u00bbpreset3&Prime; box_shadow_vertical=\u00a0\u00bb70px\u00a0\u00bb box_shadow_blur=\u00a0\u00bb150px\u00a0\u00bb box_shadow_color=\u00a0\u00bbrgba(0,0,0,0.2)\u00a0\u00bb make_fullwidth=\u00a0\u00bbon\u00a0\u00bb][et_pb_row column_structure=\u00a0\u00bb1_3,1_3,1_3&Prime; _builder_version=\u00a0\u00bb3.25&Prime; width=\u00a0\u00bb90%\u00a0\u00bb max_width=\u00a0\u00bb90%\u00a0\u00bb custom_margin=\u00a0\u00bb-16px|auto||auto||\u00a0\u00bb use_custom_width=\u00a0\u00bbon\u00a0\u00bb width_unit=\u00a0\u00bboff\u00a0\u00bb custom_width_percent=\u00a0\u00bb90%\u00a0\u00bb locked=\u00a0\u00bboff\u00a0\u00bb][et_pb_column type=\u00a0\u00bb1_3&Prime; _builder_version=\u00a0\u00bb3.25&Prime; custom_padding=\u00a0\u00bb|||\u00a0\u00bb custom_padding__hover=\u00a0\u00bb|||\u00a0\u00bb][et_pb_text _builder_version=\u00a0\u00bb4.0.5&Prime; header_font=\u00a0\u00bbAlice||||||||\u00a0\u00bb header_3_font=\u00a0\u00bbAlice||||||||\u00a0\u00bb header_3_font_size=\u00a0\u00bb28px\u00a0\u00bb header_3_line_height=\u00a0\u00bb1.5em\u00a0\u00bb text_orientation=\u00a0\u00bbcenter\u00a0\u00bb custom_margin=\u00a0\u00bb||20px|\u00a0\u00bb hover_enabled=\u00a0\u00bb0&Prime; header_3_font_size_last_edited=\u00a0\u00bboff|desktop\u00a0\u00bb locked=\u00a0\u00bboff\u00a0\u00bb]<\/p>\n<h3>Spa &#038; bien-\u00eatre<\/h3>\n<p>[\/et_pb_text][et_pb_text _builder_version=\u00a0\u00bb4.0.5&Prime; header_font=\u00a0\u00bb||||||||\u00a0\u00bb header_4_font=\u00a0\u00bbPlayfair Display SC||||||||\u00a0\u00bb header_4_font_size=\u00a0\u00bb22px\u00a0\u00bb header_4_line_height=\u00a0\u00bb1.5em\u00a0\u00bb header_5_font=\u00a0\u00bb|600|||||||\u00a0\u00bb header_5_font_size=\u00a0\u00bb14px\u00a0\u00bb header_5_line_height=\u00a0\u00bb1.4em\u00a0\u00bb custom_margin=\u00a0\u00bb-3px|||||\u00a0\u00bb header_4_font_size_tablet=\u00a0\u00bb\u00a0\u00bb header_4_font_size_phone=\u00a0\u00bb\u00a0\u00bb header_4_font_size_last_edited=\u00a0\u00bbon|phone\u00a0\u00bb locked=\u00a0\u00bboff\u00a0\u00bb]<\/p>\n<p style=\"text-align: justify;\">Manucure, p\u00e9dicure, massage sont quelques uns des services compl\u00e9mentaires proposes a domicile ou dans un SPA.<\/p>\n<p>[\/et_pb_text][\/et_pb_column][et_pb_column type=\u00a0\u00bb1_3&Prime; _builder_version=\u00a0\u00bb3.25&Prime; custom_padding=\u00a0\u00bb|||\u00a0\u00bb custom_padding__hover=\u00a0\u00bb|||\u00a0\u00bb][et_pb_text _builder_version=\u00a0\u00bb4.0.5&Prime; header_font=\u00a0\u00bbAlice||||||||\u00a0\u00bb header_text_align=\u00a0\u00bbcenter\u00a0\u00bb header_3_font=\u00a0\u00bbAlice||||||||\u00a0\u00bb header_3_font_size=\u00a0\u00bb28px\u00a0\u00bb header_3_line_height=\u00a0\u00bb1.5em\u00a0\u00bb text_orientation=\u00a0\u00bbcenter\u00a0\u00bb custom_margin=\u00a0\u00bb||20px|\u00a0\u00bb header_3_font_size_last_edited=\u00a0\u00bboff|desktop\u00a0\u00bb]<\/p>\n<h3>Stylistes en coiffure<br \/>\n&amp; Maquillage<\/h3>\n<p>[\/et_pb_text][et_pb_text _builder_version=\u00a0\u00bb4.0.5&Prime; header_font=\u00a0\u00bb||||||||\u00a0\u00bb header_4_font=\u00a0\u00bbPlayfair Display SC||||||||\u00a0\u00bb header_4_font_size=\u00a0\u00bb22px\u00a0\u00bb header_4_line_height=\u00a0\u00bb1.5em\u00a0\u00bb header_5_font=\u00a0\u00bb|600|||||||\u00a0\u00bb header_5_font_size=\u00a0\u00bb14px\u00a0\u00bb header_5_line_height=\u00a0\u00bb1.4em\u00a0\u00bb header_4_font_size_tablet=\u00a0\u00bb\u00a0\u00bb header_4_font_size_phone=\u00a0\u00bb\u00a0\u00bb header_4_font_size_last_edited=\u00a0\u00bbon|phone\u00a0\u00bb]<\/p>\n<p style=\"text-align: justify;\">Nos stylistes vous proposent un panel de coiffures et de maquillage adapt\u00e9s \u00e0 vos go\u00fbts pour \u00eatre parfaite le Jour J. <\/p>\n<p>Leurs exp\u00e9riences professionnelles seront parfaitement combler votre demande.<\/p>\n<p>[\/et_pb_text][\/et_pb_column][et_pb_column type=\u00a0\u00bb1_3&Prime; _builder_version=\u00a0\u00bb3.25&Prime; custom_padding=\u00a0\u00bb|||\u00a0\u00bb custom_padding__hover=\u00a0\u00bb|||\u00a0\u00bb][et_pb_text _builder_version=\u00a0\u00bb4.0.5&Prime; header_font=\u00a0\u00bb||||||||\u00a0\u00bb header_text_align=\u00a0\u00bbcenter\u00a0\u00bb header_3_font=\u00a0\u00bbAlice||||||||\u00a0\u00bb header_3_font_size=\u00a0\u00bb28px\u00a0\u00bb header_3_line_height=\u00a0\u00bb1.5em\u00a0\u00bb text_orientation=\u00a0\u00bbcenter\u00a0\u00bb custom_margin=\u00a0\u00bb||20px|\u00a0\u00bb hover_enabled=\u00a0\u00bb0&Prime; header_3_font_size_last_edited=\u00a0\u00bboff|desktop\u00a0\u00bb]<\/p>\n<h3>Papeterie &#038; cartes<\/h3>\n<p>[\/et_pb_text][et_pb_text _builder_version=\u00a0\u00bb4.0.5&Prime; header_font=\u00a0\u00bb||||||||\u00a0\u00bb header_4_font=\u00a0\u00bbPlayfair Display SC||||||||\u00a0\u00bb header_4_font_size=\u00a0\u00bb22px\u00a0\u00bb header_4_line_height=\u00a0\u00bb1.5em\u00a0\u00bb header_5_font=\u00a0\u00bb|600|||||||\u00a0\u00bb header_5_font_size=\u00a0\u00bb14px\u00a0\u00bb header_5_line_height=\u00a0\u00bb1.4em\u00a0\u00bb header_4_font_size_tablet=\u00a0\u00bb\u00a0\u00bb header_4_font_size_phone=\u00a0\u00bb\u00a0\u00bb header_4_font_size_last_edited=\u00a0\u00bbon|phone\u00a0\u00bb]<\/p>\n<p style=\"text-align: justify;\">Pensez au style que vous aimeriez pour vos invitation de mariage, faire-part, programme, menu, etiquettes buffet, carte de placement, plan de table\u2026<\/p>\n<p>[\/et_pb_text][\/et_pb_column][\/et_pb_row][\/et_pb_section][et_pb_section fb_built=\u00a0\u00bb1&Prime; admin_label=\u00a0\u00bbPackages\u00a0\u00bb _builder_version=\u00a0\u00bb3.22&Prime; background_image=\u00a0\u00bbhttps:\/\/www.bysylvie.com\/wp-content\/uploads\/2019\/11\/makeyup-artist-43.jpg\u00a0\u00bb background_size=\u00a0\u00bbinitial\u00a0\u00bb background_position=\u00a0\u00bbtop_center\u00a0\u00bb custom_margin=\u00a0\u00bb-2px|||||\u00a0\u00bb custom_padding=\u00a0\u00bb180px|0px|0px|0px|false|false\u00a0\u00bb][\/et_pb_section][et_pb_section fb_built=\u00a0\u00bb1&Prime; admin_label=\u00a0\u00bbShop Section\u00a0\u00bb _builder_version=\u00a0\u00bb3.22&Prime; custom_padding=\u00a0\u00bb31px||110px|||\u00a0\u00bb][et_pb_row admin_label=\u00a0\u00bbTitle Area\u00a0\u00bb _builder_version=\u00a0\u00bb3.25&Prime; locked=\u00a0\u00bboff\u00a0\u00bb][et_pb_column type=\u00a0\u00bb4_4&Prime; _builder_version=\u00a0\u00bb3.25&Prime; custom_padding=\u00a0\u00bb|||\u00a0\u00bb custom_padding__hover=\u00a0\u00bb|||\u00a0\u00bb][et_pb_text admin_label=\u00a0\u00bbTitle\u00a0\u00bb _builder_version=\u00a0\u00bb4.0.5&Prime; text_font=\u00a0\u00bb||||||||\u00a0\u00bb header_font=\u00a0\u00bb||||||||\u00a0\u00bb header_2_font=\u00a0\u00bbAlice||||||||\u00a0\u00bb header_2_text_align=\u00a0\u00bbcenter\u00a0\u00bb header_2_font_size=\u00a0\u00bb42px\u00a0\u00bb custom_margin=\u00a0\u00bb||20px|\u00a0\u00bb animation_direction=\u00a0\u00bbtop\u00a0\u00bb hover_enabled=\u00a0\u00bb0&Prime;]<\/p>\n<h2>Nos Services Sp\u00e9cialis\u00e9s<\/h2>\n<p>[\/et_pb_text][et_pb_divider divider_weight=\u00a0\u00bb3px\u00a0\u00bb _builder_version=\u00a0\u00bb4.0.5&Prime; max_width=\u00a0\u00bb50px\u00a0\u00bb module_alignment=\u00a0\u00bbcenter\u00a0\u00bb custom_margin=\u00a0\u00bb||10px|\u00a0\u00bb animation_direction=\u00a0\u00bbtop\u00a0\u00bb][\/et_pb_divider][\/et_pb_column][\/et_pb_row][et_pb_row column_structure=\u00a0\u00bb1_3,1_3,1_3&Prime; use_custom_gutter=\u00a0\u00bbon\u00a0\u00bb gutter_width=\u00a0\u00bb3&Prime; make_equal=\u00a0\u00bbon\u00a0\u00bb admin_label=\u00a0\u00bbShop Area\u00a0\u00bb _builder_version=\u00a0\u00bb4.0.5&Prime; width=\u00a0\u00bb60%\u00a0\u00bb module_alignment=\u00a0\u00bbcenter\u00a0\u00bb min_height=\u00a0\u00bb316px\u00a0\u00bb custom_padding=\u00a0\u00bb||0px||false|false\u00a0\u00bb][et_pb_column type=\u00a0\u00bb1_3&Prime; _builder_version=\u00a0\u00bb3.25&Prime; custom_padding=\u00a0\u00bb|||\u00a0\u00bb custom_padding__hover=\u00a0\u00bb|||\u00a0\u00bb][et_pb_image src=\u00a0\u00bbhttps:\/\/www.bysylvie.com\/wp-content\/uploads\/2019\/11\/2.jpg\u00a0\u00bb url=\u00a0\u00bbhttps:\/\/www.bysylvie.com\/fr\/ceremonie\/\u00a0\u00bb _builder_version=\u00a0\u00bb4.0.5&Prime;][\/et_pb_image][et_pb_text _builder_version=\u00a0\u00bb4.0.5&Prime; header_font=\u00a0\u00bbAlice||||||||\u00a0\u00bb header_3_font=\u00a0\u00bbAlice||||||||\u00a0\u00bb header_3_font_size=\u00a0\u00bb28px\u00a0\u00bb header_3_line_height=\u00a0\u00bb1.5em\u00a0\u00bb text_orientation=\u00a0\u00bbcenter\u00a0\u00bb custom_margin=\u00a0\u00bb||20px|\u00a0\u00bb link_option_url=\u00a0\u00bbhttps:\/\/www.bysylvie.com\/fr\/ceremonie\/\u00a0\u00bb header_3_font_size_last_edited=\u00a0\u00bboff|desktop\u00a0\u00bb locked=\u00a0\u00bboff\u00a0\u00bb]<\/p>\n<h3>C\u00e9r\u00e9monie<\/h3>\n<p>[\/et_pb_text][et_pb_image src=\u00a0\u00bbhttps:\/\/www.bysylvie.com\/wp-content\/uploads\/2019\/11\/4.jpg\u00a0\u00bb url=\u00a0\u00bbhttps:\/\/www.bysylvie.com\/fr\/traiteur\/\u00a0\u00bb _builder_version=\u00a0\u00bb4.0.5&Prime;][\/et_pb_image][et_pb_text _builder_version=\u00a0\u00bb4.0.5&Prime; header_font=\u00a0\u00bbAlice||||||||\u00a0\u00bb header_3_font=\u00a0\u00bbAlice||||||||\u00a0\u00bb header_3_font_size=\u00a0\u00bb28px\u00a0\u00bb header_3_line_height=\u00a0\u00bb1.5em\u00a0\u00bb text_orientation=\u00a0\u00bbcenter\u00a0\u00bb custom_margin=\u00a0\u00bb||20px|\u00a0\u00bb link_option_url=\u00a0\u00bbhttps:\/\/www.bysylvie.com\/fr\/traiteur\/\u00a0\u00bb header_3_font_size_last_edited=\u00a0\u00bboff|desktop\u00a0\u00bb locked=\u00a0\u00bboff\u00a0\u00bb]<\/p>\n<h3>Restauration<\/h3>\n<p>[\/et_pb_text][\/et_pb_column][et_pb_column type=\u00a0\u00bb1_3&Prime; _builder_version=\u00a0\u00bb3.25&Prime; custom_padding=\u00a0\u00bb|||\u00a0\u00bb custom_padding__hover=\u00a0\u00bb|||\u00a0\u00bb][et_pb_image src=\u00a0\u00bbhttps:\/\/www.bysylvie.com\/wp-content\/uploads\/2019\/11\/5.jpg\u00a0\u00bb url=\u00a0\u00bbhttps:\/\/www.bysylvie.com\/fr\/hebergement\/\u00a0\u00bb _builder_version=\u00a0\u00bb4.0.5&Prime;][\/et_pb_image][et_pb_text _builder_version=\u00a0\u00bb4.0.5&Prime; header_font=\u00a0\u00bbAlice||||||||\u00a0\u00bb header_3_font=\u00a0\u00bbAlice||||||||\u00a0\u00bb header_3_font_size=\u00a0\u00bb28px\u00a0\u00bb header_3_line_height=\u00a0\u00bb1.5em\u00a0\u00bb text_orientation=\u00a0\u00bbcenter\u00a0\u00bb custom_margin=\u00a0\u00bb||20px|\u00a0\u00bb link_option_url=\u00a0\u00bbhttps:\/\/www.bysylvie.com\/fr\/hebergement\/\u00a0\u00bb header_3_font_size_last_edited=\u00a0\u00bboff|desktop\u00a0\u00bb locked=\u00a0\u00bboff\u00a0\u00bb]<\/p>\n<h3>H\u00e9bergement<\/h3>\n<p>[\/et_pb_text][et_pb_image src=\u00a0\u00bbhttps:\/\/www.bysylvie.com\/wp-content\/uploads\/2019\/11\/6.jpg\u00a0\u00bb url=\u00a0\u00bbhttps:\/\/www.bysylvie.com\/fr\/animations\/\u00a0\u00bb _builder_version=\u00a0\u00bb4.0.5&Prime;][\/et_pb_image][et_pb_text _builder_version=\u00a0\u00bb4.0.5&Prime; header_font=\u00a0\u00bbAlice||||||||\u00a0\u00bb header_3_font=\u00a0\u00bbAlice||||||||\u00a0\u00bb header_3_font_size=\u00a0\u00bb28px\u00a0\u00bb header_3_line_height=\u00a0\u00bb1.5em\u00a0\u00bb text_orientation=\u00a0\u00bbcenter\u00a0\u00bb custom_margin=\u00a0\u00bb||20px|\u00a0\u00bb link_option_url=\u00a0\u00bbhttps:\/\/www.bysylvie.com\/fr\/animations\/\u00a0\u00bb header_3_font_size_last_edited=\u00a0\u00bboff|desktop\u00a0\u00bb locked=\u00a0\u00bboff\u00a0\u00bb]<\/p>\n<h3>Animation<\/h3>\n<p>[\/et_pb_text][\/et_pb_column][et_pb_column type=\u00a0\u00bb1_3&Prime; _builder_version=\u00a0\u00bb3.25&Prime; custom_padding=\u00a0\u00bb|||\u00a0\u00bb custom_padding__hover=\u00a0\u00bb|||\u00a0\u00bb][et_pb_image src=\u00a0\u00bbhttps:\/\/www.bysylvie.com\/wp-content\/uploads\/2019\/11\/1.jpg\u00a0\u00bb url=\u00a0\u00bbhttps:\/\/www.bysylvie.com\/fr\/decoration\/\u00a0\u00bb _builder_version=\u00a0\u00bb4.0.5&Prime;][\/et_pb_image][et_pb_text _builder_version=\u00a0\u00bb4.0.5&Prime; header_font=\u00a0\u00bbAlice||||||||\u00a0\u00bb header_3_font=\u00a0\u00bbAlice||||||||\u00a0\u00bb header_3_font_size=\u00a0\u00bb28px\u00a0\u00bb header_3_line_height=\u00a0\u00bb1.5em\u00a0\u00bb text_orientation=\u00a0\u00bbcenter\u00a0\u00bb custom_margin=\u00a0\u00bb||20px|\u00a0\u00bb link_option_url=\u00a0\u00bbhttps:\/\/www.bysylvie.com\/fr\/decoration\/\u00a0\u00bb header_3_font_size_last_edited=\u00a0\u00bboff|desktop\u00a0\u00bb locked=\u00a0\u00bboff\u00a0\u00bb]<\/p>\n<h3>D\u00e9coration<\/h3>\n<p>[\/et_pb_text][et_pb_image src=\u00a0\u00bbhttps:\/\/www.bysylvie.com\/wp-content\/uploads\/2019\/11\/3.jpg\u00a0\u00bb url=\u00a0\u00bbhttps:\/\/www.bysylvie.com\/fr\/celebrations\/\u00a0\u00bb _builder_version=\u00a0\u00bb4.0.5&Prime;][\/et_pb_image][et_pb_text _builder_version=\u00a0\u00bb4.0.5&Prime; header_font=\u00a0\u00bbAlice||||||||\u00a0\u00bb header_3_font=\u00a0\u00bbAlice||||||||\u00a0\u00bb header_3_font_size=\u00a0\u00bb28px\u00a0\u00bb header_3_line_height=\u00a0\u00bb1.5em\u00a0\u00bb text_orientation=\u00a0\u00bbcenter\u00a0\u00bb custom_margin=\u00a0\u00bb||20px|\u00a0\u00bb link_option_url=\u00a0\u00bbhttps:\/\/www.bysylvie.com\/fr\/celebrations\/\u00a0\u00bb header_3_font_size_last_edited=\u00a0\u00bboff|desktop\u00a0\u00bb locked=\u00a0\u00bboff\u00a0\u00bb]<\/p>\n<h3>C\u00e9l\u00e9brations<\/h3>\n<p>[\/et_pb_text][\/et_pb_column][\/et_pb_row][\/et_pb_section][et_pb_section fb_built=\u00a0\u00bb1&Prime; custom_padding_last_edited=\u00a0\u00bboff|desktop\u00a0\u00bb prev_background_color=\u00a0\u00bb#ffffff\u00a0\u00bb next_background_color=\u00a0\u00bb#ffffff\u00a0\u00bb _builder_version=\u00a0\u00bb4.0.5&Prime; background_image=\u00a0\u00bbhttps:\/\/www.bysylvie.com\/wp-content\/uploads\/2019\/11\/sylviebysylviefooterbackground.png\u00a0\u00bb background_position=\u00a0\u00bbbottom_center\u00a0\u00bb min_height=\u00a0\u00bb331px\u00a0\u00bb custom_margin=\u00a0\u00bb2px||-40px||false|false\u00a0\u00bb custom_padding=\u00a0\u00bb0px||||false|false\u00a0\u00bb top_divider_style=\u00a0\u00bbwaves2&Prime; bottom_divider_style=\u00a0\u00bbwaves\u00a0\u00bb bottom_divider_repeat=\u00a0\u00bb0.9x\u00a0\u00bb custom_css_main_element=\u00a0\u00bbz-index: 0;\u00a0\u00bb custom_padding__hover_enabled=\u00a0\u00bboff|desktop\u00a0\u00bb][et_pb_row _builder_version=\u00a0\u00bb4.0.5&Prime; min_height=\u00a0\u00bb49px\u00a0\u00bb custom_margin=\u00a0\u00bb-1px|auto||auto||\u00a0\u00bb custom_padding=\u00a0\u00bb80px||80px||false|false\u00a0\u00bb][et_pb_column type=\u00a0\u00bb4_4&Prime; _builder_version=\u00a0\u00bb4.0.5&Prime;][\/et_pb_column][\/et_pb_row][\/et_pb_section]<\/p>\n","protected":false},"excerpt":{"rendered":"<p>Nos ServicesSpa &#038; bien-\u00eatreManucure, p\u00e9dicure, massage sont quelques uns des services compl\u00e9mentaires proposes a domicile ou dans un SPA.Stylistes en coiffure &amp; MaquillageNos stylistes vous proposent un panel de coiffures et de maquillage adapt\u00e9s \u00e0 vos go\u00fbts pour \u00eatre parfaite le Jour J. Leurs exp\u00e9riences professionnelles seront parfaitement combler votre demande.Papeterie &#038; cartesPensez au style [&hellip;]<\/p>\n","protected":false},"author":1,"featured_media":0,"parent":0,"menu_order":0,"comment_status":"closed","ping_status":"closed","template":"","meta":{"_et_pb_use_builder":"on","_et_pb_old_content":"<!-- wp:heading -->\n<h2>Our services<\/h2>\n<!-- \/wp:heading -->\n\n<!-- wp:image -->\n<figure class=\"wp-block-image\"><img src=\"https:\/\/www.bysylvie.com\/wp-content\/uploads\/2015\/11\/10-Weddings-Ceremonies-Las-Terrenas-Dominican-Republic-4.jpg\" alt=\"\"\/><\/figure>\n<!-- \/wp:image -->\n\n<!-- wp:heading -->\n<h2><a href=\"https:\/\/www.bysylvie.com\/ceremony\/?lang=en\">Ceremony<\/a><\/h2>\n<!-- \/wp:heading -->\n\n<!-- wp:paragraph -->\n<p><a href=\"https:\/\/www.bysylvie.com\/ceremony\/?lang=en\">Read more...<\/a><\/p>\n<!-- \/wp:paragraph -->\n\n<!-- wp:image -->\n<figure class=\"wp-block-image\"><img src=\"https:\/\/www.bysylvie.com\/wp-content\/uploads\/2015\/10\/2-love-deco-.jpg\" alt=\"\"\/><\/figure>\n<!-- \/wp:image -->\n\n<!-- wp:heading -->\n<h2><a href=\"https:\/\/www.bysylvie.com\/decoration\/?lang=en\">Decoration<\/a><\/h2>\n<!-- \/wp:heading -->\n\n<!-- wp:paragraph -->\n<p><a href=\"https:\/\/www.bysylvie.com\/decoration\/?lang=en\">Read more...<\/a><\/p>\n<!-- \/wp:paragraph -->\n\n<!-- wp:image -->\n<figure class=\"wp-block-image\"><img src=\"https:\/\/www.bysylvie.com\/wp-content\/uploads\/2015\/11\/05-carnaval-echasses.jpg\" alt=\"\"\/><\/figure>\n<!-- \/wp:image -->\n\n<!-- wp:heading -->\n<h2><a href=\"https:\/\/www.bysylvie.com\/entertainment\/?lang=en\">Entertainments<\/a><\/h2>\n<!-- \/wp:heading -->\n\n<!-- wp:paragraph -->\n<p><a href=\"https:\/\/www.bysylvie.com\/entertainment\/?lang=en\">Read more...<\/a><\/p>\n<!-- \/wp:paragraph -->\n\n<!-- wp:heading -->\n<h2><a href=\"https:\/\/www.bysylvie.com\/accommodation\/?lang=en\">Accommodation<\/a><\/h2>\n<!-- \/wp:heading -->\n\n<!-- wp:paragraph -->\n<p><a href=\"https:\/\/www.bysylvie.com\/accommodation\/?lang=en\">Read more...<\/a><\/p>\n<!-- \/wp:paragraph -->\n\n<!-- wp:image -->\n<figure class=\"wp-block-image\"><img src=\"https:\/\/www.bysylvie.com\/wp-content\/uploads\/2015\/11\/1-Events-MD-House-Las-Terrenas-Cocktail-Apetizers.jpg\" alt=\"\"\/><\/figure>\n<!-- \/wp:image -->\n\n<!-- wp:heading -->\n<h2><a href=\"https:\/\/www.bysylvie.com\/restauration\/?lang=en\">Catering<\/a><\/h2>\n<!-- \/wp:heading -->\n\n<!-- wp:paragraph -->\n<p><a href=\"https:\/\/www.bysylvie.com\/restauration\/?lang=en\">Read more...<\/a><\/p>\n<!-- \/wp:paragraph -->\n\n<!-- wp:image -->\n<figure class=\"wp-block-image\"><img src=\"https:\/\/www.bysylvie.com\/wp-content\/uploads\/2015\/11\/4-Events-TUI-beach-event-Las-Terrenas.jpg\" alt=\"\"\/><\/figure>\n<!-- \/wp:image -->\n\n<!-- wp:heading -->\n<h2><a href=\"https:\/\/www.bysylvie.com\/celebrations\/?lang=en\">Celebrations<\/a><\/h2>\n<!-- \/wp:heading -->\n\n<!-- wp:paragraph -->\n<p><a href=\"https:\/\/www.bysylvie.com\/celebrations\/?lang=en\">Read more...<\/a><\/p>\n<!-- \/wp:paragraph -->\n\n<!-- wp:heading {\"level\":5} -->\n<h5>Hairdressing Stylists &amp; Make-up artists<\/h5>\n<!-- \/wp:heading -->\n\n<!-- wp:paragraph -->\n<p>Our team of stylists will offer you a wide range of hair styles and make-up to match your tastes and to be perfect on D.Day.<br>Their professional experience will be able to meet all you expectations.<\/p>\n<!-- \/wp:paragraph -->\n\n<!-- wp:heading {\"level\":5} -->\n<h5>Spa<\/h5>\n<!-- \/wp:heading -->\n\n<!-- wp:paragraph -->\n<p>Manucure, pedicure, massage are some of the additional services we can provide at your home or in a spa.<\/p>\n<!-- \/wp:paragraph -->\n\n<!-- wp:heading {\"level\":5} -->\n<h5>Stationery \/ Card<\/h5>\n<!-- \/wp:heading -->\n\n<!-- wp:paragraph -->\n<p>Think about the style you would like for your wedding invitation, announcement, program, menu, buffet tags, placement cards, table plan \u2026<\/p>\n<!-- \/wp:paragraph -->\n\n<!-- wp:heading {\"level\":4} -->\n<h4>Recent Posts<\/h4>\n<!-- \/wp:heading -->\n\n<!-- wp:list -->\n<ul><li><a href=\"https:\/\/www.bysylvie.com\/thank-you-for-everything-sylvie-you-made-our-destination-wedding-and-vacation-and-dream-come-true\/?lang=en\">Thank you for everything, Sylvie. You made our destination wedding and vacation and dream come true.<\/a><\/li><li><a href=\"https:\/\/www.bysylvie.com\/el-30-de-enero-2017-sylvie-fue-la-coordinadora-de-un-sueno-hecho-realidad\/?lang=en\">El 30 de Enero 2017 Sylvie fue la coordinadora de un sue\u00f1o hecho realidad!<\/a><\/li><li><a href=\"https:\/\/www.bysylvie.com\/words-cannot-express-our-gratitude-for-sylvia\/?lang=en\">Words cannot express our gratitude for Sylvia.<\/a><\/li><\/ul>\n<!-- \/wp:list -->\n\n<!-- wp:heading {\"level\":4} -->\n<h4>Mis detalles<\/h4>\n<!-- \/wp:heading -->\n\n<!-- wp:paragraph -->\n<p>WhatsApp + 1 829 898 9228<\/p>\n<!-- \/wp:paragraph -->\n\n<!-- wp:paragraph -->\n<p>Email: sylviesim@gmail.com<br><\/p>\n<!-- \/wp:paragraph -->","_et_gb_content_width":"","footnotes":""},"class_list":["post-2394","page","type-page","status-publish","hentry"],"_links":{"self":[{"href":"http:\/\/3.86.185.200\/fr\/wp-json\/wp\/v2\/pages\/2394","targetHints":{"allow":["GET"]}}],"collection":[{"href":"http:\/\/3.86.185.200\/fr\/wp-json\/wp\/v2\/pages"}],"about":[{"href":"http:\/\/3.86.185.200\/fr\/wp-json\/wp\/v2\/types\/page"}],"author":[{"embeddable":true,"href":"http:\/\/3.86.185.200\/fr\/wp-json\/wp\/v2\/users\/1"}],"replies":[{"embeddable":true,"href":"http:\/\/3.86.185.200\/fr\/wp-json\/wp\/v2\/comments?post=2394"}],"version-history":[{"count":14,"href":"http:\/\/3.86.185.200\/fr\/wp-json\/wp\/v2\/pages\/2394\/revisions"}],"predecessor-version":[{"id":2935,"href":"http:\/\/3.86.185.200\/fr\/wp-json\/wp\/v2\/pages\/2394\/revisions\/2935"}],"wp:attachment":[{"href":"http:\/\/3.86.185.200\/fr\/wp-json\/wp\/v2\/media?parent=2394"}],"curies":[{"name":"wp","href":"https:\/\/api.w.org\/{rel}","templated":true}]}}